{"id":3477,"date":"2022-02-10T08:58:41","date_gmt":"2022-02-10T07:58:41","guid":{"rendered":"https:\/\/nusapenida.org\/?page_id=3477"},"modified":"2025-08-17T09:48:19","modified_gmt":"2025-08-17T01:48:19","slug":"dive-instructor-bali","status":"publish","type":"page","link":"https:\/\/nusapenida.org\/it\/immersioni-nusa-penida-bali\/dive-instructor-bali","title":{"rendered":"Istruttore di immersione a Bali: i primi passi"},"content":{"rendered":"\n<p>Lo\u00efc \u00e8 entrato <a href=\"https:\/\/nusapenida.org\/bali\/nusa-penida\/warnakali-padi-5-star-dive-resort\/\">Warnakali centro immersioni<\/a> nel 2019 per preparare il suo esame di istruttore di immersioni. Poi \u00e8 tornato una volta certificato. Ci racconta del suo viaggio e dei suoi primi passi come <strong>Istruttore di immersioni subacquee<\/strong> a Bali. E pi\u00f9 specificamente in Nusa Penida. Che \u00e8 abbastanza diverso, attuale saggio!<\/p>\n\n\n\n<h2 class=\"wp-block-heading\" id=\"h-come-ho-conosciuto-warnakali-centro-immersioni\">Come ho conosciuto Warnakali centro immersioni<\/h2>\n\n\n\n<p>Tutto \u00e8 iniziato intorno a un <strong>cocco di cocco<\/strong>, condiviso sulla spiaggia di Sanur con il mio amico e direttore del corso Karl. Mi dice che dobbiamo rimandare la mia formazione di istruttore di immersioni per un mese. Per caso ho conosciuto Yann, il direttore di Warnakali, quel giorno. Stava cenando con Karl, mentre stavo andando all&#8217;aeroporto per salutare mia madre, ma mi ha detto di richiamarlo.<\/p>\n\n\n\n<p>Deliziosi momenti con mia madre a Bali e una breve conversazione telefonica con Yann pi\u00f9 tardi, e qui sono a Nusa Penida. L&#8217;idea \u00e8 di trascorrere un mese con la squadra di Warnakali. Per tornare in acqua ma soprattutto per <strong>preparare il mio istruttore di immersioni<\/strong> esame il pi\u00f9 possibile.<\/p>\n\n\n\n<figure class=\"wp-block-image alignnone size-full wp-image-3481\"><img decoding=\"async\" src=\"https:\/\/nusapenida.org\/wp-content\/uploads\/2022\/02\/Loic-dive-instructor-Nusa-Penida-Bali.jpg\" alt=\"Loic dive instructor Nusa Penida Bali\" class=\"wp-image-3480\"\/><figcaption class=\"wp-element-caption\">Nelle correnti di Nusa Penida<\/figcaption><\/figure>\n\n\n\n<h3 class=\"wp-block-heading\" id=\"h-come-funziona-un-centro-immersioni\">Come funziona un centro immersioni<\/h3>\n\n\n\n<p>Passo anche molto tempo per capire come funziona il centro immersioni, l&#8217;eccellenza del servizio, e la costante ricerca per il massimo <strong>divers soddisfazione<\/strong>. \u00c8 un dovere, un atto morale. Ogni persona che arriva sulla barca viene qui per trascorrere una <strong>momento di felicit\u00e0<\/strong>.<\/p>\n\n\n\n<p>\u00c8 un ambiente in cui mi sento bene. Ogni giorno porta un&#8217;avventura diversa, un apprendimento diverso. Muhyddin &#038; Imam, rispettivamente capitano e secondo compagno, mi insegna ad analizzare le correnti dalla superficie. Sono stupito di quanto bene possano leggere la superficie del mare per <strong>predire il corso dell&#8217;immersione<\/strong>. Conoscono il loro mare e i suoi pericoli a memoria. Credo che abbiano scoperto <strong>segreti ben tenuti<\/strong> delle correnti Nusa Penida.<\/p>\n\n\n\n<p>Sempre pi\u00f9 confortevole in acqua, <strong>Inizio a guidare<\/strong>. E la sfida lanciata un mese prima \u00e8 gratificante. Ho ancora questa domanda: sarei in grado di insegnare in questo ambiente, cos\u00ec splendido come esige, dove l&#8217;esitazione non ha posto? Questa \u00e8 una nuova sfida, ancora pi\u00f9 emozionante, che richieder\u00e0 un sacco di sforzo.<\/p>\n\n\n\n<p>Come disse Gandhi: &#8220;La soddisfazione sta nello sforzo, non nel raggiungimento,<strong>pieno sforzo \u00e8 la vittoria completa<\/strong>. &#8220;. Cos\u00ec qui sto affrontando una delle esperienze pi\u00f9 emozionanti della mia vita. Grazie a Yann e Warnakali, per prepararmi all&#8217;esame di immersione.<\/p>\n\n\n\n<h2 class=\"wp-block-heading\" id=\"h-la-conferma-come-istruttore-di-immersione\"><figure><img decoding=\"async\" class=\"alignnone size-full wp-image-3482\" src=\"https:\/\/nusapenida.org\/wp-content\/uploads\/2022\/02\/Scuba-diving-instructor-Nusa-Penida-Bali.jpg\" alt=\"Scuba diving instructor Nusa Penida Bali\" width=\"1024\" height=\"683\" srcset=\"https:\/\/nusapenida.org\/wp-content\/uploads\/2022\/02\/Scuba-diving-instructor-Nusa-Penida-Bali.jpg 1024w, https:\/\/nusapenida.org\/wp-content\/uploads\/2022\/02\/Scuba-diving-instructor-Nusa-Penida-Bali-300x200.jpg 300w, https:\/\/nusapenida.org\/wp-content\/uploads\/2022\/02\/Scuba-diving-instructor-Nusa-Penida-Bali-768x512.jpg 768w\" sizes=\"(max-width: 1024px) 100vw, 1024px\" \/><\/figure>La conferma come istruttore di immersione<\/h2>\n\n\n\n<p>Qui sono tornato a Warnakali, appena certificato come istruttore di immersioni subacquee. Mi sento pronto per i miei primi passi, per <strong>prendere la sfida<\/strong>. Dopo alcune immersioni divertenti, come ricompensa per la certificazione, inizia la nuova avventura. Prima immersione nel menu: a <a href=\"https:\/\/nusapenida.org\/bali-nusa-penida-diving-guide\/discovery-dive-bali\/\">scoperta delle immersioni<\/a>.<\/p>\n\n\n\n<p>A Warnakali l&#8217;obiettivo \u00e8 quello di offrire la migliore esperienza a tutti i subacquei, qualunque sia il loro livello. Posso prosperare solo in un ambiente cos\u00ec completo alla ricerca di eccellenza. La sessione teorica e la piscina stanno andando <strong>meravigliosamente<\/strong>.<\/p>\n\n\n\n<h3 class=\"wp-block-heading\" id=\"h-sotto-il-fascino-del-mio-nuovo-istruttore-di-immersioni\">Sotto il fascino del mio nuovo istruttore di immersioni<\/h3>\n\n\n\n<p>Una volta in mare, mi rendo conto della grande differenza tra immergersi nella corrente e guidare, e tra guidare nella corrente e l&#8217;insegnamento. Questo \u00e8 il momento in cui <strong>in amore<\/strong> con il mio nuovo lavoro, al caldo del momento. Portare le persone in questo ambiente, riportarle in vita, ma soprattutto con la sensazione di avere sperimentato qualcosa <strong>eccezionale<\/strong>.<\/p>\n\n\n\n<p>Qui, il concetto di &#8220;sport estremo&#8221; assume il suo pieno significato, rendendolo un&#8217;esperienza ancora pi\u00f9 ricca ed emozionante. Tra immersioni alla scoperta e corsi pi\u00f9 approfonditi, che gioia andare con <strong>flusso di correnti<\/strong>, di fronte a questa moltitudine di colori, forme e innumerevoli specie. Se l&#8217;immersione \u00e8 un hobby per alcuni, qui a Nusa Penida, prende le sue lettere di nobilt\u00e0 per me e diventa un <strong>arte<\/strong>, qualcosa che \u00e8 apprezzato e assaggiato.<\/p>\n\n\n\n<h3 class=\"wp-block-heading\" id=\"h-insegna-la-mia-passione\">Insegna la mia passione<\/h3>\n\n\n\n<p>\u00c8 in questo mondo che sono fortunato a diventare migliore, giorno dopo giorno, per trasmettere e insegnare la mia passione. E&#8217; una possibilita&#8217;. Quando il desiderio di condividere si fonde perfettamente con l&#8217;ambientazione o l&#8217;ambiente dato, si \u00e8 di fronte a un uomo felice, appagante, vigile, il cui <strong>la passione non ha limiti<\/strong>.<\/p>\n\n\n\n<p>\u00c8 cos\u00ec che vedo Warnakali, all&#8217;incrocio di un <strong>universo eccezionale<\/strong>, e la ricerca della soddisfazione ultima di scoprirlo. Quindi voglio ringraziare tutti coloro che mi hanno portato l\u00ec, e prima sulla lista, Warnakali. Perch\u00e9 questa \u00e8 la mia visione del mondo: condividere la conoscenza nel rispetto di ci\u00f2 che ci viene offerto.<\/p>\n\n\n\n<p>Traduzione:<img decoding=\"async\" class=\"size-full wp-image-3479\" src=\"https:\/\/nusapenida.org\/wp-content\/uploads\/2022\/02\/Diving-instructor-in-Bali-Nusa-Penida.jpg\" alt=\"Diving instructor in Bali Nusa Penida\" width=\"1024\" height=\"768\" srcset=\"https:\/\/nusapenida.org\/wp-content\/uploads\/2022\/02\/Diving-instructor-in-Bali-Nusa-Penida.jpg 1024w, https:\/\/nusapenida.org\/wp-content\/uploads\/2022\/02\/Diving-instructor-in-Bali-Nusa-Penida-300x225.jpg 300w, https:\/\/nusapenida.org\/wp-content\/uploads\/2022\/02\/Diving-instructor-in-Bali-Nusa-Penida-768x576.jpg 768w, https:\/\/nusapenida.org\/wp-content\/uploads\/2022\/02\/Diving-instructor-in-Bali-Nusa-Penida-800x600.jpg 800w\" sizes=\"(max-width: 1024px) 100vw, 1024px\" \/> Istruttore subacqueo a Bali Nusa Penida[\/caption]<\/p>\n\n\n\n<h2 class=\"wp-block-heading\" id=\"h-sulla-formazione-dell-istruttore-di-immersione\">Sulla formazione dell&#8217;istruttore di immersione<\/h2>\n\n\n\n<p>Il vantaggio principale quando si insegna immersioni subacquee e non fisica quantistica, \u00e8 che gli studenti sono l\u00ec a scelta, con la loro motivazione. Infatti, affrontiamo un pubblico piuttosto concentrato desideroso di conoscenza. Trasmettere in questo contesto porta naturalmente un ulteriore <strong>fonte di motivazione<\/strong>.<\/p>\n\n\n\n<h3 class=\"wp-block-heading\" id=\"h-un-rapporto-mentore-padawan\">Un rapporto mentore\/padawan<\/h3>\n\n\n\n<p>In queste condizioni il rapporto mentore \/ padawan \u00e8 ovvio, e <strong>ricerca per eccellenza<\/strong> \u00e8 facilitato. Non importa quanto confortevole i nuovi studenti sono in acqua, c&#8217;\u00e8 un metodo diverso per raggiungere le prestazioni necessarie per ciascuno di loro. Pur rispettando gli standard imposti da PADI, possiamo sempre trovare un metodo per raggiungere l&#8217;esercizio richiesto.<\/p>\n\n\n\n<p>Questo \u00e8 un aspetto molto caro a me, sapendo come adattarsi a ciascuno per portarlo con facilit\u00e0 alla prestazione dell&#8217;esercizio. Avere acqua nella maschera pu\u00f2 essere molto spaventoso per un subacqueo in erba. Detto questo, con buona fiducia e prendendo il tempo necessario, gradualmente si riesce a fare lo studente nuotare senza una maschera sott&#8217;acqua. L&#8217;apprensione che era presente all&#8217;inizio della spiegazione dell&#8217;esercizio diventa una soddisfazione e un orgoglio per averlo raggiunto. \u00c8 per dint di competenze acquisite che costruiamo la fiducia del subacqueo, la sua facilit\u00e0 e la sua <strong>la felicit\u00e0 durante le sue immersioni future<\/strong>.<\/p>\n\n\n\n<h3 class=\"wp-block-heading\" id=\"h-nusa-penida-correnti\"><figure><img decoding=\"async\" class=\"alignnone size-full wp-image-3483\" src=\"https:\/\/nusapenida.org\/wp-content\/uploads\/2022\/02\/Loic-diving-instructor-Nusa-Penida-Bali.jpg\" alt=\"Loic diving instructor Nusa Penida Bali\" width=\"1024\" height=\"683\" srcset=\"https:\/\/nusapenida.org\/wp-content\/uploads\/2022\/02\/Loic-diving-instructor-Nusa-Penida-Bali.jpg 1024w, https:\/\/nusapenida.org\/wp-content\/uploads\/2022\/02\/Loic-diving-instructor-Nusa-Penida-Bali-300x200.jpg 300w, https:\/\/nusapenida.org\/wp-content\/uploads\/2022\/02\/Loic-diving-instructor-Nusa-Penida-Bali-768x512.jpg 768w\" sizes=\"(max-width: 1024px) 100vw, 1024px\" \/><\/figure>Nusa Penida correnti<\/h3>\n\n\n\n<p>In Nusa Penida, c&#8217;\u00e8 un altro fattore da tenere in considerazione: le correnti. Questo pu\u00f2 essere una fonte di ansia a prima vista. Ma quando i subacquei si rendono conto che possono prendere piacere in queste condizioni difficili, \u00e8 una nuova vittoria. Ecco perch\u00e9 sono molto soddisfatto, come istruttore di immersioni, per sapere che i subacquei che ho addestrato a Nusa Penida possono andare ovunque nel mondo. Qualunque siano le condizioni, potranno godere della loro nuova passione. Inoltre, la corrente \u00e8 la vita. Questo \u00e8 ci\u00f2 che rende il fascino e la qualit\u00e0 delle immersioni in Nusa Penida.<\/p>\n\n\n\n<p>&#8220;Posso insegnare in questo ambiente?&#8221;, Senza dubbio oggi, affermo con forza e soddisfazione, s\u00ec!<\/p>\n","protected":false},"excerpt":{"rendered":"<p>Lo\u00efc \u00e8 entrato Warnakali centro immersioni nel 2019 per preparare il suo esame di istruttore di immersioni. Poi \u00e8 tornato [&hellip;]<\/p>\n","protected":false},"author":2,"featured_media":3479,"parent":3329,"menu_order":0,"comment_status":"closed","ping_status":"closed","template":"","meta":{"site-sidebar-layout":"default","site-content-layout":"","ast-site-content-layout":"default","site-content-style":"default","site-sidebar-style":"default","ast-global-header-display":"","ast-banner-title-visibility":"","ast-main-header-display":"","ast-hfb-above-header-display":"","ast-hfb-below-header-display":"","ast-hfb-mobile-header-display":"","site-post-title":"","ast-breadcrumbs-content":"","ast-featured-img":"","footer-sml-layout":"","ast-disable-related-posts":"","theme-transparent-header-meta":"","adv-header-id-meta":"","stick-header-meta":"","header-above-stick-meta":"","header-main-stick-meta":"","header-below-stick-meta":"","astra-migrate-meta-layouts":"default","ast-page-background-enabled":"default","ast-page-background-meta":{"desktop":{"background-color":"var(--ast-global-color-4)","background-image":"","background-repeat":"repeat","background-position":"center center","background-size":"auto","background-attachment":"scroll","background-type":"","background-media":"","overlay-type":"","overlay-color":"","overlay-opacity":"","overlay-gradient":""},"tablet":{"background-color":"","background-image":"","background-repeat":"repeat","background-position":"center center","background-size":"auto","background-attachment":"scroll","background-type":"","background-media":"","overlay-type":"","overlay-color":"","overlay-opacity":"","overlay-gradient":""},"mobile":{"background-color":"","background-image":"","background-repeat":"repeat","background-position":"center center","background-size":"auto","background-attachment":"scroll","background-type":"","background-media":"","overlay-type":"","overlay-color":"","overlay-opacity":"","overlay-gradient":""}},"ast-content-background-meta":{"desktop":{"background-color":"var(--ast-global-color-5)","background-image":"","background-repeat":"repeat","background-position":"center center","background-size":"auto","background-attachment":"scroll","background-type":"","background-media":"","overlay-type":"","overlay-color":"","overlay-opacity":"","overlay-gradient":""},"tablet":{"background-color":"var(--ast-global-color-5)","background-image":"","background-repeat":"repeat","background-position":"center center","background-size":"auto","background-attachment":"scroll","background-type":"","background-media":"","overlay-type":"","overlay-color":"","overlay-opacity":"","overlay-gradient":""},"mobile":{"background-color":"var(--ast-global-color-5)","background-image":"","background-repeat":"repeat","background-position":"center center","background-size":"auto","background-attachment":"scroll","background-type":"","background-media":"","overlay-type":"","overlay-color":"","overlay-opacity":"","overlay-gradient":""}},"footnotes":""},"class_list":["post-3477","page","type-page","status-publish","has-post-thumbnail","hentry"],"yoast_head":"<!-- This site is optimized with the Yoast SEO Premium plugin v26.7 (Yoast SEO v27.5) - https:\/\/yoast.com\/product\/yoast-seo-premium-wordpress\/ -->\n<title>Istruttore di immersione a Bali: i primi passi<\/title>\n<meta name=\"description\" content=\"A freshly certified scuba diving instructor in Bali tells us about his journey and his first steps as dive instructor in Nusa Penida\" \/>\n<meta name=\"robots\" content=\"index, follow, max-snippet:-1, max-image-preview:large, max-video-preview:-1\" \/>\n<link rel=\"canonical\" href=\"https:\/\/nusapenida.org\/it\/immersioni-nusa-penida-bali\/dive-instructor-bali\" \/>\n<meta property=\"og:locale\" content=\"it_IT\" \/>\n<meta property=\"og:locale:alternate\" content=\"en_US\" \/>\n<meta property=\"og:locale:alternate\" content=\"fr_FR\" \/>\n<meta property=\"og:locale:alternate\" content=\"id_ID\" \/>\n<meta property=\"og:locale:alternate\" content=\"de_DE\" \/>\n<meta property=\"og:locale:alternate\" content=\"es-es\" \/>\n<meta property=\"og:type\" content=\"article\" \/>\n<meta property=\"og:title\" content=\"Istruttore di immersione a Bali: i primi passi\" \/>\n<meta property=\"og:description\" content=\"A freshly certified scuba diving instructor in Bali tells us about his journey and his first steps as dive instructor in Nusa Penida\" \/>\n<meta property=\"og:url\" content=\"https:\/\/nusapenida.org\/it\/immersioni-nusa-penida-bali\/dive-instructor-bali\/\" \/>\n<meta property=\"og:site_name\" content=\"Nusa Penida\" \/>\n<meta property=\"article:publisher\" content=\"https:\/\/www.facebook.com\/NusaPenidaFr\/\" \/>\n<meta property=\"article:modified_time\" content=\"2025-08-17T01:48:19+00:00\" \/>\n<meta property=\"og:image\" content=\"https:\/\/nusapenida.org\/wp-content\/uploads\/2022\/02\/Diving-instructor-in-Bali-Nusa-Penida.jpg\" \/>\n\t<meta property=\"og:image:width\" content=\"1024\" \/>\n\t<meta property=\"og:image:height\" content=\"768\" \/>\n\t<meta property=\"og:image:type\" content=\"image\/jpeg\" \/>\n<meta name=\"twitter:card\" content=\"summary_large_image\" \/>\n<meta name=\"twitter:label1\" content=\"Tempo di lettura stimato\" \/>\n\t<meta name=\"twitter:data1\" content=\"6 minuti\" \/>\n<script type=\"application\/ld+json\" class=\"yoast-schema-graph\">{\"@context\":\"https:\\\/\\\/schema.org\",\"@graph\":[{\"@type\":\"WebPage\",\"@id\":\"https:\\\/\\\/nusapenida.org\\\/de\\\/bali-nusa-penida-diving-guide\\\/dive-instructor-bali\\\/\",\"url\":\"https:\\\/\\\/nusapenida.org\\\/de\\\/bali-nusa-penida-diving-guide\\\/dive-instructor-bali\\\/\",\"name\":\"Istruttore di immersione a Bali: i primi passi\",\"isPartOf\":{\"@id\":\"https:\\\/\\\/nusapenida.org\\\/#website\"},\"primaryImageOfPage\":{\"@id\":\"https:\\\/\\\/nusapenida.org\\\/de\\\/bali-nusa-penida-diving-guide\\\/dive-instructor-bali\\\/#primaryimage\"},\"image\":{\"@id\":\"https:\\\/\\\/nusapenida.org\\\/de\\\/bali-nusa-penida-diving-guide\\\/dive-instructor-bali\\\/#primaryimage\"},\"thumbnailUrl\":\"https:\\\/\\\/nusapenida.org\\\/wp-content\\\/uploads\\\/2022\\\/02\\\/Diving-instructor-in-Bali-Nusa-Penida.jpg\",\"datePublished\":\"2022-02-10T07:58:41+00:00\",\"dateModified\":\"2025-08-17T01:48:19+00:00\",\"description\":\"A freshly certified scuba diving instructor in Bali tells us about his journey and his first steps as dive instructor in Nusa Penida\",\"breadcrumb\":{\"@id\":\"https:\\\/\\\/nusapenida.org\\\/de\\\/bali-nusa-penida-diving-guide\\\/dive-instructor-bali\\\/#breadcrumb\"},\"inLanguage\":\"it-IT\",\"potentialAction\":[{\"@type\":\"ReadAction\",\"target\":[\"https:\\\/\\\/nusapenida.org\\\/de\\\/bali-nusa-penida-diving-guide\\\/dive-instructor-bali\\\/\"]}]},{\"@type\":\"ImageObject\",\"inLanguage\":\"it-IT\",\"@id\":\"https:\\\/\\\/nusapenida.org\\\/de\\\/bali-nusa-penida-diving-guide\\\/dive-instructor-bali\\\/#primaryimage\",\"url\":\"https:\\\/\\\/nusapenida.org\\\/wp-content\\\/uploads\\\/2022\\\/02\\\/Diving-instructor-in-Bali-Nusa-Penida.jpg\",\"contentUrl\":\"https:\\\/\\\/nusapenida.org\\\/wp-content\\\/uploads\\\/2022\\\/02\\\/Diving-instructor-in-Bali-Nusa-Penida.jpg\",\"width\":1024,\"height\":768,\"caption\":\"Diving instructor in Bali Nusa Penida\"},{\"@type\":\"BreadcrumbList\",\"@id\":\"https:\\\/\\\/nusapenida.org\\\/de\\\/bali-nusa-penida-diving-guide\\\/dive-instructor-bali\\\/#breadcrumb\",\"itemListElement\":[{\"@type\":\"ListItem\",\"position\":1,\"name\":\"Home\",\"item\":\"https:\\\/\\\/nusapenida.org\\\/\"},{\"@type\":\"ListItem\",\"position\":2,\"name\":\"Tauchen auf Bali &#038; Nusa Penida (2026): Mantas, Mola Mola &#038; beste Tauchpl\u00e4tze\",\"item\":\"https:\\\/\\\/nusapenida.org\\\/de\\\/bali-nusa-penida-diving-guide\\\/\"},{\"@type\":\"ListItem\",\"position\":3,\"name\":\"Istruttore di immersione a Bali: i primi passi\"}]},{\"@type\":\"WebSite\",\"@id\":\"https:\\\/\\\/nusapenida.org\\\/#website\",\"url\":\"https:\\\/\\\/nusapenida.org\\\/\",\"name\":\"Nusa Penida\",\"description\":\"\",\"publisher\":{\"@id\":\"https:\\\/\\\/nusapenida.org\\\/#organization\"},\"potentialAction\":[{\"@type\":\"SearchAction\",\"target\":{\"@type\":\"EntryPoint\",\"urlTemplate\":\"https:\\\/\\\/nusapenida.org\\\/?s={search_term_string}\"},\"query-input\":{\"@type\":\"PropertyValueSpecification\",\"valueRequired\":true,\"valueName\":\"search_term_string\"}}],\"inLanguage\":\"it-IT\"},{\"@type\":\"Organization\",\"@id\":\"https:\\\/\\\/nusapenida.org\\\/#organization\",\"name\":\"Nusa Penida Experience\",\"url\":\"https:\\\/\\\/nusapenida.org\\\/\",\"logo\":{\"@type\":\"ImageObject\",\"inLanguage\":\"it-IT\",\"@id\":\"https:\\\/\\\/nusapenida.org\\\/#\\\/schema\\\/logo\\\/image\\\/\",\"url\":\"https:\\\/\\\/nusapenida.org\\\/wp-content\\\/uploads\\\/2018\\\/06\\\/Kelingking-Blaise-2.jpg\",\"contentUrl\":\"https:\\\/\\\/nusapenida.org\\\/wp-content\\\/uploads\\\/2018\\\/06\\\/Kelingking-Blaise-2.jpg\",\"width\":500,\"height\":500,\"caption\":\"Nusa Penida Experience\"},\"image\":{\"@id\":\"https:\\\/\\\/nusapenida.org\\\/#\\\/schema\\\/logo\\\/image\\\/\"},\"sameAs\":[\"https:\\\/\\\/www.facebook.com\\\/NusaPenidaFr\\\/\",\"https:\\\/\\\/www.instagram.com\\\/nusapenidafr\\\/\"]}]}<\/script>\n<!-- \/ Yoast SEO Premium plugin. -->","yoast_head_json":{"title":"Istruttore di immersione a Bali: i primi passi","description":"A freshly certified scuba diving instructor in Bali tells us about his journey and his first steps as dive instructor in Nusa Penida","robots":{"index":"index","follow":"follow","max-snippet":"max-snippet:-1","max-image-preview":"max-image-preview:large","max-video-preview":"max-video-preview:-1"},"canonical":"https:\/\/nusapenida.org\/it\/immersioni-nusa-penida-bali\/dive-instructor-bali","og_locale":"it_IT","og_type":"article","og_title":"[:en]Dive instructor in Bali : first steps[:it]Istruttore di immersione a Bali: i primi passi[:]","og_description":"A freshly certified scuba diving instructor in Bali tells us about his journey and his first steps as dive instructor in Nusa Penida","og_url":"https:\/\/nusapenida.org\/it\/immersioni-nusa-penida-bali\/dive-instructor-bali\/","og_site_name":"Nusa Penida","article_publisher":"https:\/\/www.facebook.com\/NusaPenidaFr\/","article_modified_time":"2025-08-17T01:48:19+00:00","og_image":[{"width":1024,"height":768,"url":"https:\/\/nusapenida.org\/wp-content\/uploads\/2022\/02\/Diving-instructor-in-Bali-Nusa-Penida.jpg","type":"image\/jpeg"}],"twitter_card":"summary_large_image","twitter_misc":{"Tempo di lettura stimato":"6 minuti"},"schema":{"@context":"https:\/\/schema.org","@graph":[{"@type":"WebPage","@id":"https:\/\/nusapenida.org\/de\/bali-nusa-penida-diving-guide\/dive-instructor-bali\/","url":"https:\/\/nusapenida.org\/de\/bali-nusa-penida-diving-guide\/dive-instructor-bali\/","name":"Istruttore di immersione a Bali: i primi passi","isPartOf":{"@id":"https:\/\/nusapenida.org\/#website"},"primaryImageOfPage":{"@id":"https:\/\/nusapenida.org\/de\/bali-nusa-penida-diving-guide\/dive-instructor-bali\/#primaryimage"},"image":{"@id":"https:\/\/nusapenida.org\/de\/bali-nusa-penida-diving-guide\/dive-instructor-bali\/#primaryimage"},"thumbnailUrl":"https:\/\/nusapenida.org\/wp-content\/uploads\/2022\/02\/Diving-instructor-in-Bali-Nusa-Penida.jpg","datePublished":"2022-02-10T07:58:41+00:00","dateModified":"2025-08-17T01:48:19+00:00","description":"A freshly certified scuba diving instructor in Bali tells us about his journey and his first steps as dive instructor in Nusa Penida","breadcrumb":{"@id":"https:\/\/nusapenida.org\/de\/bali-nusa-penida-diving-guide\/dive-instructor-bali\/#breadcrumb"},"inLanguage":"it-IT","potentialAction":[{"@type":"ReadAction","target":["https:\/\/nusapenida.org\/de\/bali-nusa-penida-diving-guide\/dive-instructor-bali\/"]}]},{"@type":"ImageObject","inLanguage":"it-IT","@id":"https:\/\/nusapenida.org\/de\/bali-nusa-penida-diving-guide\/dive-instructor-bali\/#primaryimage","url":"https:\/\/nusapenida.org\/wp-content\/uploads\/2022\/02\/Diving-instructor-in-Bali-Nusa-Penida.jpg","contentUrl":"https:\/\/nusapenida.org\/wp-content\/uploads\/2022\/02\/Diving-instructor-in-Bali-Nusa-Penida.jpg","width":1024,"height":768,"caption":"Diving instructor in Bali Nusa Penida"},{"@type":"BreadcrumbList","@id":"https:\/\/nusapenida.org\/de\/bali-nusa-penida-diving-guide\/dive-instructor-bali\/#breadcrumb","itemListElement":[{"@type":"ListItem","position":1,"name":"Home","item":"https:\/\/nusapenida.org\/"},{"@type":"ListItem","position":2,"name":"Tauchen auf Bali &#038; Nusa Penida (2026): Mantas, Mola Mola &#038; beste Tauchpl\u00e4tze","item":"https:\/\/nusapenida.org\/de\/bali-nusa-penida-diving-guide\/"},{"@type":"ListItem","position":3,"name":"Istruttore di immersione a Bali: i primi passi"}]},{"@type":"WebSite","@id":"https:\/\/nusapenida.org\/#website","url":"https:\/\/nusapenida.org\/","name":"Nusa Penida","description":"","publisher":{"@id":"https:\/\/nusapenida.org\/#organization"},"potentialAction":[{"@type":"SearchAction","target":{"@type":"EntryPoint","urlTemplate":"https:\/\/nusapenida.org\/?s={search_term_string}"},"query-input":{"@type":"PropertyValueSpecification","valueRequired":true,"valueName":"search_term_string"}}],"inLanguage":"it-IT"},{"@type":"Organization","@id":"https:\/\/nusapenida.org\/#organization","name":"Nusa Penida Experience","url":"https:\/\/nusapenida.org\/","logo":{"@type":"ImageObject","inLanguage":"it-IT","@id":"https:\/\/nusapenida.org\/#\/schema\/logo\/image\/","url":"https:\/\/nusapenida.org\/wp-content\/uploads\/2018\/06\/Kelingking-Blaise-2.jpg","contentUrl":"https:\/\/nusapenida.org\/wp-content\/uploads\/2018\/06\/Kelingking-Blaise-2.jpg","width":500,"height":500,"caption":"Nusa Penida Experience"},"image":{"@id":"https:\/\/nusapenida.org\/#\/schema\/logo\/image\/"},"sameAs":["https:\/\/www.facebook.com\/NusaPenidaFr\/","https:\/\/www.instagram.com\/nusapenidafr\/"]}]}},"_links":{"self":[{"href":"https:\/\/nusapenida.org\/it\/wp-json\/wp\/v2\/pages\/3477","targetHints":{"allow":["GET"]}}],"collection":[{"href":"https:\/\/nusapenida.org\/it\/wp-json\/wp\/v2\/pages"}],"about":[{"href":"https:\/\/nusapenida.org\/it\/wp-json\/wp\/v2\/types\/page"}],"author":[{"embeddable":true,"href":"https:\/\/nusapenida.org\/it\/wp-json\/wp\/v2\/users\/2"}],"replies":[{"embeddable":true,"href":"https:\/\/nusapenida.org\/it\/wp-json\/wp\/v2\/comments?post=3477"}],"version-history":[{"count":3,"href":"https:\/\/nusapenida.org\/it\/wp-json\/wp\/v2\/pages\/3477\/revisions"}],"predecessor-version":[{"id":5307,"href":"https:\/\/nusapenida.org\/it\/wp-json\/wp\/v2\/pages\/3477\/revisions\/5307"}],"up":[{"embeddable":true,"href":"https:\/\/nusapenida.org\/it\/wp-json\/wp\/v2\/pages\/3329"}],"wp:featuredmedia":[{"embeddable":true,"href":"https:\/\/nusapenida.org\/it\/wp-json\/wp\/v2\/media\/3479"}],"wp:attachment":[{"href":"https:\/\/nusapenida.org\/it\/wp-json\/wp\/v2\/media?parent=3477"}],"curies":[{"name":"wp","href":"https:\/\/api.w.org\/{rel}","templated":true}]}}