{"id":3460,"date":"2022-02-08T11:02:29","date_gmt":"2022-02-08T10:02:29","guid":{"rendered":"https:\/\/nusapenida.org\/?page_id=3460"},"modified":"2026-02-14T11:51:06","modified_gmt":"2026-02-14T03:51:06","slug":"diving-batu-bolong","status":"publish","type":"page","link":"https:\/\/nusapenida.org\/it\/immersioni-nusa-penida-bali\/20-best-dive-sites-bali-nusa-penida\/diving-batu-bolong","title":{"rendered":"Immersione a Batu Bolong, Nusa Penida"},"content":{"rendered":"\n<p>Batu Bolong significa &#8220;<strong>pietra cava<\/strong>&#8220;. The <strong>forma<\/strong> di questa roccia <strong>iconico iconico<\/strong> Ecco perch\u00e9 l&#8217;abbiamo usata come ispirazione per il nostro logo. Prepararsi a <strong>go diving Batu Bolong<\/strong> \u00e8 sempre un momento speciale, un mix di <strong>eccitazione e concentrazione<\/strong>. Perch\u00e9 questo \u00e8 uno dei pi\u00f9 <a href=\"https:\/\/nusapenida.org\/bali-nusa-penida-diving-guide\/20-best-dive-sites-bali-nusa-penida\/\">leggendario sito di immersione a Bali<\/a> ! Da Toyapakeh, navigheremo 30 minuti in direzione di <a href=\"https:\/\/nusapenida.org\/bali-nusa-penida-diving-guide\/20-best-dive-sites-bali-nusa-penida\/diving-manta-point-nusa-penida\/\">Punto Manta<\/a>.<\/p>\n\n\n\n<figure class=\"wp-block-image alignnone size-full wp-image-3462\"><img decoding=\"async\" src=\"https:\/\/nusapenida.org\/wp-content\/uploads\/2022\/02\/les-droners-a%CC%80-Warnakali.jpg\" alt=\"Batu Bolong Nusa Penida\" class=\"wp-image-3462\"\/><figcaption class=\"wp-element-caption\">Buraq 3 davanti a Batu Bolong<\/figcaption><\/figure>\n\n\n\n<h3 class=\"wp-block-heading\" id=\"h-il-punto-di-ingresso\">Il punto di ingresso<\/h3>\n\n\n\n<p>Per scegliere il punto di entrata, la vostra guida prima analizzer\u00e0 le correnti e la loro forza, ma anche le onde e il vento. Di solito entriamo nell&#8217;acqua e iniziamo l&#8217;immersione con <strong>ingresso di buoyancy negativo<\/strong>. Perch\u00e9 le correnti possono essere forti e \u00e8 necessario raggiungere il fondo piuttosto veloce. <\/p>\n\n\n\n<p>Le scuole di fusilier a banda d&#8217;oro e i pesci chirurgo ci accompagneranno in profondit\u00e0 per trovare la roccia corallina, punto di partenza del sito e conseguenza di una discesa perfetta e sicura.<\/p>\n\n\n\n<figure class=\"wp-block-embed is-type-video is-provider-youtube wp-block-embed-youtube wp-embed-aspect-16-9 wp-has-aspect-ratio\"><div class=\"wp-block-embed__wrapper\">\n<iframe title=\"Epic Dive at Batu Bolong Dive Site, Nusa Penida\" width=\"500\" height=\"281\" src=\"https:\/\/www.youtube.com\/embed\/gASsINkNPgQ?feature=oembed\" frameborder=\"0\" allow=\"accelerometer; autoplay; clipboard-write; encrypted-media; gyroscope; picture-in-picture; web-share\" referrerpolicy=\"strict-origin-when-cross-origin\" allowfullscreen><\/iframe>\n<\/div><\/figure>\n\n\n\n<h3 class=\"wp-block-heading\" id=\"h-squali-rays-e-mola-mola-sono-anche-immersioni-batu-bolong\">Squali, Rays e Mola Mola sono anche immersioni Batu Bolong<\/h3>\n\n\n\n<p>\u00c8 proprio l\u00ec, tra la nostra roccia di riferimento e quella principale che potremo osservare <strong>squali tresher<\/strong>, famiglie di <strong>aquila raggi &#038; raggi di marmo<\/strong>e per il pi\u00f9 fortunato <strong>squalo martello<\/strong>. La squadra di Dune Penida ha visto anche di recente uno squalo balena l\u00ec il 5 marzo 2023!<\/p>\n\n\n\n<p>C&#8217;\u00e8 sulla parete principale un urto che rende il lookout perfetto per ammirare massicce scuole di batfish, dorata-spotted trevalely, grouper e talvolta <a href=\"https:\/\/nusapenida.org\/bali-nusa-penida-diving-guide\/mola-mola-ocean-sunfish\/\">Mola Mola<\/a>. Potremmo anche incontrarci. <strong>i raggi manta che passano. <\/strong>L&#8217;osservazione della parete \u00e8 anche sorprendente. Octopus, <strong>Gamberetti di gamberetti<\/strong>, nembrotha, cromodoro, flabellina sar\u00e0 con noi.<\/p>\n\n\n\n<p>Per saperne di pi\u00f9 sulla fauna marina a Bali \u00e8 possibile leggere questo<a href=\"https:\/\/nusapenida.org\/bali-nusa-penida-diving-guide\/\">guida delle immersioni Nusa Penida<\/a>.<\/p>\n\n\n\n<figure class=\"wp-block-image alignnone size-full wp-image-3463\"><img decoding=\"async\" width=\"1600\" height=\"1066\" src=\"https:\/\/nusapenida.org\/wp-content\/uploads\/2022\/02\/Diving-Batu-Bolong.jpg\" alt=\"Diving Batu Bolong\" class=\"wp-image-3463\" srcset=\"https:\/\/nusapenida.org\/wp-content\/uploads\/2022\/02\/Diving-Batu-Bolong.jpg 1600w, https:\/\/nusapenida.org\/wp-content\/uploads\/2022\/02\/Diving-Batu-Bolong-300x200.jpg 300w, https:\/\/nusapenida.org\/wp-content\/uploads\/2022\/02\/Diving-Batu-Bolong-1024x682.jpg 1024w, https:\/\/nusapenida.org\/wp-content\/uploads\/2022\/02\/Diving-Batu-Bolong-768x512.jpg 768w, https:\/\/nusapenida.org\/wp-content\/uploads\/2022\/02\/Diving-Batu-Bolong-1536x1023.jpg 1536w, https:\/\/nusapenida.org\/wp-content\/uploads\/2022\/02\/Diving-Batu-Bolong-1200x800.jpg 1200w\" sizes=\"(max-width: 1600px) 100vw, 1600px\" \/><figcaption class=\"wp-element-caption\">Diving Batu Bolong<\/figcaption><\/figure>\n\n\n\n<h3 class=\"wp-block-heading\" id=\"h-addio-batu-bolong\">Addio Batu Bolong<\/h3>\n\n\n\n<p>C&#8217;\u00e8 dove inizia la seconda parte dell&#8217;immersione, girando intorno alla roccia. Drifting lungo il muro, rimaniamo concentrati per arrivare su una terrazza bassa dove possiamo individuare alcuni nudibranch &#038; ranape. Finiremo l&#8217;immersione e faremo la nostra sicurezza smettere di vagare nell&#8217;oceano aperto. E infine, la nostra barca, Buraq 3 ci raccoglier\u00e0 con un grande sorriso.<\/p>\n\n\n\n<h2 class=\"wp-block-heading\" id=\"h-parole-dei-nostri-ospiti-immersioni-batu-bolong\">Parole dei nostri ospiti immersioni Batu Bolong<\/h2>\n\n\n\n<h3 class=\"wp-block-heading\" id=\"h-marion-ottobre-2019\">Marion, ottobre 2019<\/h3>\n\n\n\n<p>Mi ricordo quando ho tuffato Batu Bolong, questa roccia mitica. Che eccitazione per immergere un sito dove non molta gente va. Non appena ho saltato in acqua, ho sentito la particolarit\u00e0 di questo sito. Una scuola di pesce chirurgo ci accompagna dall&#8217;ingresso fino alla roccia. <strong>Un ingresso indimenticabile<\/strong> !<\/p>\n\n\n\n<p>Dopo di che, durante pochi minuti, una famiglia di intrigante raggio di marmo giocato intorno a noi. Durante la nostra salita lungo il muro, sono stato nuovamente attratto dal blu, dove le scuole di batfish, banner fish&#038;chirpe erano crociera. Non ricordo di aver visto <strong>quella vita<\/strong> durante le mie diverse immersioni in tutto il mondo. Anche uno squalo tresher \u00e8 venuto furtivamente per unirsi alla festa. Quando eravamo nella parte bassa, la luce del sole ha sottolineato la bellezza dei giardini coralli, permettendoci di osservare alcuni animali pi\u00f9 piccoli: granchi, gamberetti e nudibranchi.<\/p>\n\n\n\n<p>Batu Bolong \u00e8 un luogo cos\u00ec intatto che ci permette di vedere un comportamento diverso della fauna. Sembra che le specie siano curiosi di noi. A <strong>momento molto speciale nella vita di un subacqueo<\/strong>.<\/p>\n\n\n\n<figure class=\"wp-block-image alignnone size-full wp-image-3114\"><img decoding=\"async\" width=\"1024\" height=\"768\" src=\"https:\/\/nusapenida.org\/wp-content\/uploads\/2020\/11\/Batu-Bolong-Nusa-Penida-Bali.jpg\" alt=\"Batu Bolong dive site\" class=\"wp-image-3114\" srcset=\"https:\/\/nusapenida.org\/wp-content\/uploads\/2020\/11\/Batu-Bolong-Nusa-Penida-Bali.jpg 1024w, https:\/\/nusapenida.org\/wp-content\/uploads\/2020\/11\/Batu-Bolong-Nusa-Penida-Bali-300x225.jpg 300w, https:\/\/nusapenida.org\/wp-content\/uploads\/2020\/11\/Batu-Bolong-Nusa-Penida-Bali-768x576.jpg 768w, https:\/\/nusapenida.org\/wp-content\/uploads\/2020\/11\/Batu-Bolong-Nusa-Penida-Bali-800x600.jpg 800w\" sizes=\"(max-width: 1024px) 100vw, 1024px\" \/><figcaption class=\"wp-element-caption\">Batu Bolong sito di immersione<\/figcaption><\/figure>\n\n\n\n<h3 class=\"wp-block-heading\" id=\"h-loic-mars-2020\">Loic, mars 2020<\/h3>\n\n\n\n<p>Batu Bolong \u00e8 sicuramente uno dei <strong>pi\u00f9 prestigiosi siti di immersione di Nusa Penida<\/strong>. Credo <strong>impressionante<\/strong> > <strong>imprevedibile<\/strong> sono le parole che lo definiscono il meglio. Dall&#8217;ingresso negativo fino alla fermata di sicurezza alla deriva nell&#8217;ampio blu, decine di migliaia di pesci ci circondano. Fortunati sono quelli che subiscono Batu Bolong nella loro vita, godendo di quei minuti deliziosi e inestimabili.<\/p>\n\n\n\n<p>Potete vedere ogni specie qui. Come si pu\u00f2 rimanere insensibile mentre si ammira un tale <strong>balletto acquatico<\/strong> ? A volte \u00e8 difficile guardare in una direzione da paura di perdere qualcosa. Usiamo per dire che ogni tuffo \u00e8 unico, quelle parole sono ancora pi\u00f9 vere mentre spendi il tuo tempo subendo in questo <strong>ronzio universo<\/strong>. Quando mi viene chiesto dove andare, senza alcuna esitazione rispondo a Batu Bolong!<\/p>\n\n\n\n<h2 class=\"wp-block-heading\" id=\"h-la-cotta-dell-istruttore-a-batu-bolong\">La cotta dell&#8217;istruttore a Batu Bolong<\/h2>\n\n\n\n<p>\u00c8 tutto tranne una coincidenza se Batu Bolong \u00e8 il logo di Warnakali.<\/p>\n\n\n\n<p>Avrei potuto scrivere \u201cle parole del subacqueo\u201d <strong>hanno aspettato molto tempo<\/strong> per immergere questo sito <strong>con la guida giusta<\/strong>. La Mola Mola che ha iniziato l&#8217;immersione con noi e il sito di immersione stesso valevano l&#8217;attesa. 5 anni fa non ero una guida, anche meno un istruttore di immersioni.<\/p>\n\n\n\n<p>Se \u00e8 vero che c&#8217;\u00e8 un <strong>enorme differenza tra immersioni e guida<\/strong>. Questo \u00e8 ancora pi\u00f9 rilevante quando immersioni Batu Bolong. Le correnti, la scarsa visibilit\u00e0, l&#8217;ingresso negativo senza alcun riferimento tranne la bussola durante il primo minuto. Devo concentrarmi su tutto questo senza dimenticare la tua sicurezza. Un minuto pu\u00f2 essere molto tempo. Come ho sempre accennato nel mio briefing, stare nelle mie pinne e andr\u00e0 tutto bene. In caso contrario, dovremo porre fine all&#8217;immersione. Ma non ho mai dovuto annullare un&#8217;immersione. Grazie a tutti per questo.<\/p>\n\n\n\n<p>Comunque, qualsiasi condizione il mare offre, \u00e8 impossibile lasciare questo sito senza vedere un <strong>quantit\u00e0 abbondante di vita acquatica<\/strong>. Non ho mai raggiunto la superficie senza un sacco di buone sorprese. Nessun altro sito di immersione soddisfare pi\u00f9 miei ospiti. Questo \u00e8 <strong>il mosto di Nusa Penida<\/strong>Da nessun&#8217;altra parte. Sulla barca, le parole dei miei ospiti sono infinite, vivendo di nuovo questo tempo prezioso che hanno trascorso. Qualcosa di memorabile per chi l&#8217;ha immerso correttamente.<\/p>\n\n\n\n<h2 class=\"wp-block-heading\" id=\"h-caratteristiche-del-sito-batu-bolong\">Caratteristiche del sito Batu Bolong<\/h2>\n\n\n\n<p>Profondit\u00e0: 8-40 m<\/p>\n\n\n\n<p>Visibilit\u00e0: 10\/15 m<\/p>\n\n\n\n<p>Temperatura: 18\/22<\/p>\n\n\n\n<p>Corrente: forte<\/p>\n\n\n\n<p>Accesso: 30 min navigazione<\/p>\n\n\n\n<p>Flora: Corallo, substrato di sabbia<\/p>\n\n\n\n<p>Fauna: Mola-mola, squalo tresher, squalo martello, raggio d&#8217;aquila, raggio di marmo, viaggio, mahi mahi (dolphinfish), rana, gamberi arlecchino, polpo, nudibranch.<\/p>\n","protected":false},"excerpt":{"rendered":"<p>Batu Bolong significa &#8220;pietra cava&#8220;. The forma di questa roccia iconico iconico Ecco perch\u00e9 l&#8217;abbiamo usata come ispirazione per il [&hellip;]<\/p>\n","protected":false},"author":2,"featured_media":3461,"parent":3353,"menu_order":8,"comment_status":"open","ping_status":"closed","template":"","meta":{"site-sidebar-layout":"default","site-content-layout":"","ast-site-content-layout":"default","site-content-style":"default","site-sidebar-style":"default","ast-global-header-display":"","ast-banner-title-visibility":"","ast-main-header-display":"","ast-hfb-above-header-display":"","ast-hfb-below-header-display":"","ast-hfb-mobile-header-display":"","site-post-title":"","ast-breadcrumbs-content":"","ast-featured-img":"","footer-sml-layout":"","ast-disable-related-posts":"","theme-transparent-header-meta":"","adv-header-id-meta":"","stick-header-meta":"","header-above-stick-meta":"","header-main-stick-meta":"","header-below-stick-meta":"","astra-migrate-meta-layouts":"default","ast-page-background-enabled":"default","ast-page-background-meta":{"desktop":{"background-color":"var(--ast-global-color-4)","background-image":"","background-repeat":"repeat","background-position":"center center","background-size":"auto","background-attachment":"scroll","background-type":"","background-media":"","overlay-type":"","overlay-color":"","overlay-opacity":"","overlay-gradient":""},"tablet":{"background-color":"","background-image":"","background-repeat":"repeat","background-position":"center center","background-size":"auto","background-attachment":"scroll","background-type":"","background-media":"","overlay-type":"","overlay-color":"","overlay-opacity":"","overlay-gradient":""},"mobile":{"background-color":"","background-image":"","background-repeat":"repeat","background-position":"center center","background-size":"auto","background-attachment":"scroll","background-type":"","background-media":"","overlay-type":"","overlay-color":"","overlay-opacity":"","overlay-gradient":""}},"ast-content-background-meta":{"desktop":{"background-color":"var(--ast-global-color-5)","background-image":"","background-repeat":"repeat","background-position":"center center","background-size":"auto","background-attachment":"scroll","background-type":"","background-media":"","overlay-type":"","overlay-color":"","overlay-opacity":"","overlay-gradient":""},"tablet":{"background-color":"var(--ast-global-color-5)","background-image":"","background-repeat":"repeat","background-position":"center center","background-size":"auto","background-attachment":"scroll","background-type":"","background-media":"","overlay-type":"","overlay-color":"","overlay-opacity":"","overlay-gradient":""},"mobile":{"background-color":"var(--ast-global-color-5)","background-image":"","background-repeat":"repeat","background-position":"center center","background-size":"auto","background-attachment":"scroll","background-type":"","background-media":"","overlay-type":"","overlay-color":"","overlay-opacity":"","overlay-gradient":""}},"footnotes":""},"class_list":["post-3460","page","type-page","status-publish","has-post-thumbnail","hentry"],"yoast_head":"<!-- This site is optimized with the Yoast SEO Premium plugin v26.7 (Yoast SEO v27.4) - https:\/\/yoast.com\/product\/yoast-seo-premium-wordpress\/ -->\n<title>Immersione a Batu Bolong, Nusa Penida<\/title>\n<meta name=\"description\" content=\"Diving Batu Bolong, the ultimate dive experience in Nusa Penida. A very special moment in a diver\u2019s life. Read the best divers&#039; memories .\u00a0\" \/>\n<meta name=\"robots\" content=\"index, follow, max-snippet:-1, max-image-preview:large, max-video-preview:-1\" \/>\n<link rel=\"canonical\" href=\"https:\/\/nusapenida.org\/it\/immersioni-nusa-penida-bali\/20-best-dive-sites-bali-nusa-penida\/diving-batu-bolong\" \/>\n<meta property=\"og:locale\" content=\"it_IT\" \/>\n<meta property=\"og:locale:alternate\" content=\"en_US\" \/>\n<meta property=\"og:locale:alternate\" content=\"fr_FR\" \/>\n<meta property=\"og:locale:alternate\" content=\"id_ID\" \/>\n<meta property=\"og:locale:alternate\" content=\"de_DE\" \/>\n<meta property=\"og:locale:alternate\" content=\"es-es\" \/>\n<meta property=\"og:type\" content=\"article\" \/>\n<meta property=\"og:title\" content=\"Immersione a Batu Bolong, Nusa Penida\" \/>\n<meta property=\"og:description\" content=\"Diving Batu Bolong, the ultimate dive experience in Nusa Penida. A very special moment in a diver\u2019s life. Read the best divers&#039; memories .\u00a0\" \/>\n<meta property=\"og:url\" content=\"https:\/\/nusapenida.org\/it\/immersioni-nusa-penida-bali\/20-best-dive-sites-bali-nusa-penida\/diving-batu-bolong\/\" \/>\n<meta property=\"og:site_name\" content=\"Nusa Penida\" \/>\n<meta property=\"article:publisher\" content=\"https:\/\/www.facebook.com\/NusaPenidaFr\/\" \/>\n<meta property=\"article:modified_time\" content=\"2026-02-14T03:51:06+00:00\" \/>\n<meta property=\"og:image\" content=\"https:\/\/nusapenida.org\/wp-content\/uploads\/2022\/02\/En-surface-devant-Batu-Bolong-Nusa-Penida.jpg\" \/>\n\t<meta property=\"og:image:width\" content=\"1024\" \/>\n\t<meta property=\"og:image:height\" content=\"516\" \/>\n\t<meta property=\"og:image:type\" content=\"image\/jpeg\" \/>\n<meta name=\"twitter:card\" content=\"summary_large_image\" \/>\n<meta name=\"twitter:label1\" content=\"Tempo di lettura stimato\" \/>\n\t<meta name=\"twitter:data1\" content=\"7 minuti\" \/>\n<script type=\"application\/ld+json\" class=\"yoast-schema-graph\">{\"@context\":\"https:\\\/\\\/schema.org\",\"@graph\":[{\"@type\":\"WebPage\",\"@id\":\"https:\\\/\\\/nusapenida.org\\\/de\\\/bali-nusa-penida-diving-guide\\\/20-best-dive-sites-bali-nusa-penida\\\/diving-batu-bolong\\\/\",\"url\":\"https:\\\/\\\/nusapenida.org\\\/de\\\/bali-nusa-penida-diving-guide\\\/20-best-dive-sites-bali-nusa-penida\\\/diving-batu-bolong\\\/\",\"name\":\"Immersione a Batu Bolong, Nusa Penida\",\"isPartOf\":{\"@id\":\"https:\\\/\\\/nusapenida.org\\\/#website\"},\"primaryImageOfPage\":{\"@id\":\"https:\\\/\\\/nusapenida.org\\\/de\\\/bali-nusa-penida-diving-guide\\\/20-best-dive-sites-bali-nusa-penida\\\/diving-batu-bolong\\\/#primaryimage\"},\"image\":{\"@id\":\"https:\\\/\\\/nusapenida.org\\\/de\\\/bali-nusa-penida-diving-guide\\\/20-best-dive-sites-bali-nusa-penida\\\/diving-batu-bolong\\\/#primaryimage\"},\"thumbnailUrl\":\"https:\\\/\\\/nusapenida.org\\\/wp-content\\\/uploads\\\/2022\\\/02\\\/En-surface-devant-Batu-Bolong-Nusa-Penida.jpg\",\"datePublished\":\"2022-02-08T10:02:29+00:00\",\"dateModified\":\"2026-02-14T03:51:06+00:00\",\"description\":\"Diving Batu Bolong, the ultimate dive experience in Nusa Penida. A very special moment in a diver\u2019s life. Read the best divers' memories .\u00a0\",\"breadcrumb\":{\"@id\":\"https:\\\/\\\/nusapenida.org\\\/de\\\/bali-nusa-penida-diving-guide\\\/20-best-dive-sites-bali-nusa-penida\\\/diving-batu-bolong\\\/#breadcrumb\"},\"inLanguage\":\"it-IT\",\"potentialAction\":[{\"@type\":\"ReadAction\",\"target\":[\"https:\\\/\\\/nusapenida.org\\\/de\\\/bali-nusa-penida-diving-guide\\\/20-best-dive-sites-bali-nusa-penida\\\/diving-batu-bolong\\\/\"]}]},{\"@type\":\"ImageObject\",\"inLanguage\":\"it-IT\",\"@id\":\"https:\\\/\\\/nusapenida.org\\\/de\\\/bali-nusa-penida-diving-guide\\\/20-best-dive-sites-bali-nusa-penida\\\/diving-batu-bolong\\\/#primaryimage\",\"url\":\"https:\\\/\\\/nusapenida.org\\\/wp-content\\\/uploads\\\/2022\\\/02\\\/En-surface-devant-Batu-Bolong-Nusa-Penida.jpg\",\"contentUrl\":\"https:\\\/\\\/nusapenida.org\\\/wp-content\\\/uploads\\\/2022\\\/02\\\/En-surface-devant-Batu-Bolong-Nusa-Penida.jpg\",\"width\":1024,\"height\":516,\"caption\":\"Just before diving Batu Bolong\"},{\"@type\":\"BreadcrumbList\",\"@id\":\"https:\\\/\\\/nusapenida.org\\\/de\\\/bali-nusa-penida-diving-guide\\\/20-best-dive-sites-bali-nusa-penida\\\/diving-batu-bolong\\\/#breadcrumb\",\"itemListElement\":[{\"@type\":\"ListItem\",\"position\":1,\"name\":\"Home\",\"item\":\"https:\\\/\\\/nusapenida.org\\\/\"},{\"@type\":\"ListItem\",\"position\":2,\"name\":\"Tauchen auf Bali &#038; Nusa Penida (2026): Mantas, Mola Mola &#038; beste Tauchpl\u00e4tze\",\"item\":\"https:\\\/\\\/nusapenida.org\\\/de\\\/bali-nusa-penida-diving-guide\\\/\"},{\"@type\":\"ListItem\",\"position\":3,\"name\":\"20 Top Dive Sites in Bali (Including Nusa Penida)\",\"item\":\"https:\\\/\\\/nusapenida.org\\\/de\\\/bali-nusa-penida-diving-guide\\\/20-best-dive-sites-bali-nusa-penida\\\/\"},{\"@type\":\"ListItem\",\"position\":4,\"name\":\"Diving Batu Bolong, Nusa Penida\"}]},{\"@type\":\"WebSite\",\"@id\":\"https:\\\/\\\/nusapenida.org\\\/#website\",\"url\":\"https:\\\/\\\/nusapenida.org\\\/\",\"name\":\"Nusa Penida\",\"description\":\"\",\"publisher\":{\"@id\":\"https:\\\/\\\/nusapenida.org\\\/#organization\"},\"potentialAction\":[{\"@type\":\"SearchAction\",\"target\":{\"@type\":\"EntryPoint\",\"urlTemplate\":\"https:\\\/\\\/nusapenida.org\\\/?s={search_term_string}\"},\"query-input\":{\"@type\":\"PropertyValueSpecification\",\"valueRequired\":true,\"valueName\":\"search_term_string\"}}],\"inLanguage\":\"it-IT\"},{\"@type\":\"Organization\",\"@id\":\"https:\\\/\\\/nusapenida.org\\\/#organization\",\"name\":\"Nusa Penida Experience\",\"url\":\"https:\\\/\\\/nusapenida.org\\\/\",\"logo\":{\"@type\":\"ImageObject\",\"inLanguage\":\"it-IT\",\"@id\":\"https:\\\/\\\/nusapenida.org\\\/#\\\/schema\\\/logo\\\/image\\\/\",\"url\":\"https:\\\/\\\/nusapenida.org\\\/wp-content\\\/uploads\\\/2018\\\/06\\\/Kelingking-Blaise-2.jpg\",\"contentUrl\":\"https:\\\/\\\/nusapenida.org\\\/wp-content\\\/uploads\\\/2018\\\/06\\\/Kelingking-Blaise-2.jpg\",\"width\":500,\"height\":500,\"caption\":\"Nusa Penida Experience\"},\"image\":{\"@id\":\"https:\\\/\\\/nusapenida.org\\\/#\\\/schema\\\/logo\\\/image\\\/\"},\"sameAs\":[\"https:\\\/\\\/www.facebook.com\\\/NusaPenidaFr\\\/\",\"https:\\\/\\\/www.instagram.com\\\/nusapenidafr\\\/\"]}]}<\/script>\n<!-- \/ Yoast SEO Premium plugin. -->","yoast_head_json":{"title":"Immersione a Batu Bolong, Nusa Penida","description":"Diving Batu Bolong, the ultimate dive experience in Nusa Penida. A very special moment in a diver\u2019s life. Read the best divers' memories .\u00a0","robots":{"index":"index","follow":"follow","max-snippet":"max-snippet:-1","max-image-preview":"max-image-preview:large","max-video-preview":"max-video-preview:-1"},"canonical":"https:\/\/nusapenida.org\/it\/immersioni-nusa-penida-bali\/20-best-dive-sites-bali-nusa-penida\/diving-batu-bolong","og_locale":"it_IT","og_type":"article","og_title":"[:en]Diving Batu Bolong, Nusa Penida[:it]Immersione a Batu Bolong, Nusa Penida[:]","og_description":"Diving Batu Bolong, the ultimate dive experience in Nusa Penida. A very special moment in a diver\u2019s life. Read the best divers' memories .\u00a0","og_url":"https:\/\/nusapenida.org\/it\/immersioni-nusa-penida-bali\/20-best-dive-sites-bali-nusa-penida\/diving-batu-bolong\/","og_site_name":"Nusa Penida","article_publisher":"https:\/\/www.facebook.com\/NusaPenidaFr\/","article_modified_time":"2026-02-14T03:51:06+00:00","og_image":[{"width":1024,"height":516,"url":"https:\/\/nusapenida.org\/wp-content\/uploads\/2022\/02\/En-surface-devant-Batu-Bolong-Nusa-Penida.jpg","type":"image\/jpeg"}],"twitter_card":"summary_large_image","twitter_misc":{"Tempo di lettura stimato":"7 minuti"},"schema":{"@context":"https:\/\/schema.org","@graph":[{"@type":"WebPage","@id":"https:\/\/nusapenida.org\/de\/bali-nusa-penida-diving-guide\/20-best-dive-sites-bali-nusa-penida\/diving-batu-bolong\/","url":"https:\/\/nusapenida.org\/de\/bali-nusa-penida-diving-guide\/20-best-dive-sites-bali-nusa-penida\/diving-batu-bolong\/","name":"Immersione a Batu Bolong, Nusa Penida","isPartOf":{"@id":"https:\/\/nusapenida.org\/#website"},"primaryImageOfPage":{"@id":"https:\/\/nusapenida.org\/de\/bali-nusa-penida-diving-guide\/20-best-dive-sites-bali-nusa-penida\/diving-batu-bolong\/#primaryimage"},"image":{"@id":"https:\/\/nusapenida.org\/de\/bali-nusa-penida-diving-guide\/20-best-dive-sites-bali-nusa-penida\/diving-batu-bolong\/#primaryimage"},"thumbnailUrl":"https:\/\/nusapenida.org\/wp-content\/uploads\/2022\/02\/En-surface-devant-Batu-Bolong-Nusa-Penida.jpg","datePublished":"2022-02-08T10:02:29+00:00","dateModified":"2026-02-14T03:51:06+00:00","description":"Diving Batu Bolong, the ultimate dive experience in Nusa Penida. A very special moment in a diver\u2019s life. Read the best divers' memories .\u00a0","breadcrumb":{"@id":"https:\/\/nusapenida.org\/de\/bali-nusa-penida-diving-guide\/20-best-dive-sites-bali-nusa-penida\/diving-batu-bolong\/#breadcrumb"},"inLanguage":"it-IT","potentialAction":[{"@type":"ReadAction","target":["https:\/\/nusapenida.org\/de\/bali-nusa-penida-diving-guide\/20-best-dive-sites-bali-nusa-penida\/diving-batu-bolong\/"]}]},{"@type":"ImageObject","inLanguage":"it-IT","@id":"https:\/\/nusapenida.org\/de\/bali-nusa-penida-diving-guide\/20-best-dive-sites-bali-nusa-penida\/diving-batu-bolong\/#primaryimage","url":"https:\/\/nusapenida.org\/wp-content\/uploads\/2022\/02\/En-surface-devant-Batu-Bolong-Nusa-Penida.jpg","contentUrl":"https:\/\/nusapenida.org\/wp-content\/uploads\/2022\/02\/En-surface-devant-Batu-Bolong-Nusa-Penida.jpg","width":1024,"height":516,"caption":"Just before diving Batu Bolong"},{"@type":"BreadcrumbList","@id":"https:\/\/nusapenida.org\/de\/bali-nusa-penida-diving-guide\/20-best-dive-sites-bali-nusa-penida\/diving-batu-bolong\/#breadcrumb","itemListElement":[{"@type":"ListItem","position":1,"name":"Home","item":"https:\/\/nusapenida.org\/"},{"@type":"ListItem","position":2,"name":"Tauchen auf Bali &#038; Nusa Penida (2026): Mantas, Mola Mola &#038; beste Tauchpl\u00e4tze","item":"https:\/\/nusapenida.org\/de\/bali-nusa-penida-diving-guide\/"},{"@type":"ListItem","position":3,"name":"20 Top Dive Sites in Bali (Including Nusa Penida)","item":"https:\/\/nusapenida.org\/de\/bali-nusa-penida-diving-guide\/20-best-dive-sites-bali-nusa-penida\/"},{"@type":"ListItem","position":4,"name":"Diving Batu Bolong, Nusa Penida"}]},{"@type":"WebSite","@id":"https:\/\/nusapenida.org\/#website","url":"https:\/\/nusapenida.org\/","name":"Nusa Penida","description":"","publisher":{"@id":"https:\/\/nusapenida.org\/#organization"},"potentialAction":[{"@type":"SearchAction","target":{"@type":"EntryPoint","urlTemplate":"https:\/\/nusapenida.org\/?s={search_term_string}"},"query-input":{"@type":"PropertyValueSpecification","valueRequired":true,"valueName":"search_term_string"}}],"inLanguage":"it-IT"},{"@type":"Organization","@id":"https:\/\/nusapenida.org\/#organization","name":"Nusa Penida Experience","url":"https:\/\/nusapenida.org\/","logo":{"@type":"ImageObject","inLanguage":"it-IT","@id":"https:\/\/nusapenida.org\/#\/schema\/logo\/image\/","url":"https:\/\/nusapenida.org\/wp-content\/uploads\/2018\/06\/Kelingking-Blaise-2.jpg","contentUrl":"https:\/\/nusapenida.org\/wp-content\/uploads\/2018\/06\/Kelingking-Blaise-2.jpg","width":500,"height":500,"caption":"Nusa Penida Experience"},"image":{"@id":"https:\/\/nusapenida.org\/#\/schema\/logo\/image\/"},"sameAs":["https:\/\/www.facebook.com\/NusaPenidaFr\/","https:\/\/www.instagram.com\/nusapenidafr\/"]}]}},"_links":{"self":[{"href":"https:\/\/nusapenida.org\/it\/wp-json\/wp\/v2\/pages\/3460","targetHints":{"allow":["GET"]}}],"collection":[{"href":"https:\/\/nusapenida.org\/it\/wp-json\/wp\/v2\/pages"}],"about":[{"href":"https:\/\/nusapenida.org\/it\/wp-json\/wp\/v2\/types\/page"}],"author":[{"embeddable":true,"href":"https:\/\/nusapenida.org\/it\/wp-json\/wp\/v2\/users\/2"}],"replies":[{"embeddable":true,"href":"https:\/\/nusapenida.org\/it\/wp-json\/wp\/v2\/comments?post=3460"}],"version-history":[{"count":5,"href":"https:\/\/nusapenida.org\/it\/wp-json\/wp\/v2\/pages\/3460\/revisions"}],"predecessor-version":[{"id":6661,"href":"https:\/\/nusapenida.org\/it\/wp-json\/wp\/v2\/pages\/3460\/revisions\/6661"}],"up":[{"embeddable":true,"href":"https:\/\/nusapenida.org\/it\/wp-json\/wp\/v2\/pages\/3353"}],"wp:featuredmedia":[{"embeddable":true,"href":"https:\/\/nusapenida.org\/it\/wp-json\/wp\/v2\/media\/3461"}],"wp:attachment":[{"href":"https:\/\/nusapenida.org\/it\/wp-json\/wp\/v2\/media?parent=3460"}],"curies":[{"name":"wp","href":"https:\/\/api.w.org\/{rel}","templated":true}]}}