{"id":3444,"date":"2022-02-08T08:12:50","date_gmt":"2022-02-08T07:12:50","guid":{"rendered":"https:\/\/nusapenida.org\/?page_id=3444"},"modified":"2026-02-14T11:45:50","modified_gmt":"2026-02-14T03:45:50","slug":"diving-ceningan-wall-nusa-ceningan","status":"publish","type":"page","link":"https:\/\/nusapenida.org\/it\/immersioni-nusa-penida-bali\/20-best-dive-sites-bali-nusa-penida\/diving-ceningan-wall-nusa-ceningan","title":{"rendered":"Immersione a Ceningan, Nusa Ceningan"},"content":{"rendered":"<p>Ceningan sito di immersione \u00e8 uno dei nostri <a href=\"https:\/\/nusapenida.org\/bali-nusa-penida-diving-guide\/20-best-dive-sites-bali-nusa-penida\/\">siti d&#8217;immersione preferiti in Bali<\/a>. Questa parete \u00e8 solo <strong>quindici minuti di navigazione<\/strong> lontano da Toyapakeh, sulla costa meridionale dell&#8217;isola di Ceningan. L&#8217;immersione inizia di fronte <a href=\"https:\/\/nusapenida.org\/bali\/nusa-penida\/crystal-bay\/\">Baia di cristallo<\/a>. A seconda delle condizioni del giorno, le onde e le correnti sceglieremo il punto di ingresso e il procedimento per la parete diving Ceningan.<\/p>\n<p>L&#8217;immersione inizia con una discesa su un altopiano poco profondo roccioso dal pozzo. Qui ci sono gi\u00e0 alcuni vivaci urti di corallo, circondati da fusilier, idoli moreschi e pagliacci.<\/p>\n<figure id=\"attachment_3446\" style=\"width: 1024px\"  class=\"wp-caption alignnone\"><img decoding=\"async\" class=\"size-full wp-image-3446\" src=\"https:\/\/nusapenida.org\/wp-content\/uploads\/2022\/02\/marbled-ray-ceningan-wall-Warnakali.jpg\" alt=\"marbled ray ceningan wall Warnakali\" width=\"1024\" height=\"568\" srcset=\"https:\/\/nusapenida.org\/wp-content\/uploads\/2022\/02\/marbled-ray-ceningan-wall-Warnakali.jpg 1024w, https:\/\/nusapenida.org\/wp-content\/uploads\/2022\/02\/marbled-ray-ceningan-wall-Warnakali-300x166.jpg 300w, https:\/\/nusapenida.org\/wp-content\/uploads\/2022\/02\/marbled-ray-ceningan-wall-Warnakali-768x426.jpg 768w\" sizes=\"(max-width: 1024px) 100vw, 1024px\" \/><figcaption class=\"wp-caption-text\">Un ray in marmo diving Ceningan Wall<\/figcaption><\/figure>\n<h3>Un muro vertiginoso e colorato<\/h3>\n<p>Andando oltre nel blu, una parete vertiginosa e colorata va gi\u00f9. Il muro di Ceningan \u00e8 un\u2019antologia della specie di Nusa Penida. Completamente coperta da coralli, spugne e appassionati di mare, offre una meravigliosa e luminosa diversit\u00e0 di colore.<\/p>\n<p>A volte impegnativo a causa della sua posizione geografica, le correnti d\u00e0 tuttavia un patrimonio enorme per lo sviluppo della fauna e della flora. Ceningan \u00e8 un sito emblematico per la vita macro. C&#8217;\u00e8 la possibilit\u00e0 di individuare varie specie di Nembrotha, Chromodoris, Flabelina <a href=\"https:\/\/nusapenida.org\/bali-nusa-penida-diving-guide\/nudibranchs-in-bali\/\">nudibranchs<\/a>. Ma anche gamberetti Zanzibar &#038; Pigmy Seahorses. Drifting lungo il muro, sembra che l&#8217;anguilla morray, scorpionfish e stonefish hanno trovato il loro ambiente ideale.<\/p>\n<p>Per saperne di pi\u00f9 sulla fauna marina a Bali \u00e8 possibile leggere questo<a href=\"https:\/\/nusapenida.org\/bali-nusa-penida-diving-guide\/\">guida delle immersioni Nusa Penida<\/a>.<\/p>\n<h3>A Ceningan blu profondo offre sorprese<\/h3>\n<p>Anche se \u00e8 difficile prendere una pausa a guardare che <strong>ipnotizzazione<\/strong> e meraviglioso muro, il blu profondo offre molte sorprese. Ci sono scuole di gigante Trevally, Tonas, Batfish. E con un po&#8217; di fortuna, famiglie di raggi di aquila macchiati di bianco. E quando l&#8217;acqua diventa pi\u00f9 fredda, <strong>Mia cara <a href=\"https:\/\/nusapenida.org\/bali-nusa-penida-diving-guide\/mola-mola-ocean-sunfish\/\">Mola Mola<\/a><\/strong> !<\/p>\n<p>Diving Ceningan richiede <strong>concentrazione e rigore<\/strong> a causa delle correnti. Ma le correnti e le termocline sono proprio ci\u00f2 che porta tutti i sedimenti e il fitoplancton che creano e preservano tali posti fantastici come la parete di Ceningan. In effetti, una tale diversit\u00e0 di colori e di vita \u00e8 qui veramente ben conservato.<\/p>\n<p>A <strong>puro piacere per i subacquei<\/strong>.<\/p>\n<p>Traduzione:<img decoding=\"async\" class=\"size-full wp-image-3447\" src=\"https:\/\/nusapenida.org\/wp-content\/uploads\/2022\/02\/Ceningan-wall-moray-eel.jpg\" alt=\"Ceningan wall moray eel\" width=\"600\" height=\"750\" srcset=\"https:\/\/nusapenida.org\/wp-content\/uploads\/2022\/02\/Ceningan-wall-moray-eel.jpg 600w, https:\/\/nusapenida.org\/wp-content\/uploads\/2022\/02\/Ceningan-wall-moray-eel-240x300.jpg 240w\" sizes=\"(max-width: 600px) 100vw, 600px\" \/> Mulinello sul muro di Ceningan[\/caption]<\/p>\n<h2>Parole del nostro ospite diving Ceningan Wall<\/h2>\n<p>Durante le mie vacanze a Nusa Penida, ho gi\u00e0 sperimentato alcuni siti di immersione con Warnakali quando Yann ha iniziato a parlare di parete Ceningan. Una semplice descrizione del sito era sufficiente per<strong> Mi prendi in giro<\/strong> completamente. Bingo! La mattina dopo, Yann mi ha detto che le condizioni erano grandissime per immergere quel famoso muro lo stesso giorno! A <strong>briefing solido<\/strong>e ci siamo!<\/p>\n<p>La visibilit\u00e0 \u00e8 sorprendente e vedo gi\u00e0 un flash argento di un <strong>scuola di Barracudas<\/strong>, \u00e8 un buon inizio ho pensato. La magia comincia davvero quando ho affrontato quel muro vertiginoso. I colori sono incredibili. Ho visto alcune specie di nudibranch che non ho mai visto prima. Oltre la bellezza eccezionale del sito, mi \u00e8 piaciuto molto essere in grado di lavorare sulle mie capacit\u00e0 di immersione alla deriva sotto la supervisione di Yann.<\/p>\n<p>Marion, ottobre 2019<\/p>\n<h2>La cotta dell&#8217;istruttore alla parete di Ceningan<\/h2>\n<p>Diving Ceningan Wall mi ha ispirato una stravaganza che mi piace usare per descrivere questo sito di immersione: Picasso \u00e8 venuto qui con la sua tavolozza, pennello e stagno di vernice, e ha lasciato tutto l\u00ec. Ecco come <strong>Guernica colorata<\/strong> \u00e8 nato.<\/p>\n<p>Come ogni istruttore di immersioni, spesso mi tuffo nello stesso punto, con un particolare affetto per alcuni di loro. La vita \u00e8 qui cos\u00ec <strong>ricco e denso<\/strong> che non mi annoio mai. Intorno alle tre isole, con una tale diversit\u00e0 di siti, Ceningan \u00e8 con <a href=\"https:\/\/nusapenida.org\/bali-nusa-penida-diving-guide\/20-best-dive-sites-bali-nusa-penida\/diving-gamat-bay\/\">Gamat Bay<\/a> > <a href=\"https:\/\/nusapenida.org\/bali-nusa-penida-diving-guide\/20-best-dive-sites-bali-nusa-penida\/diving-batu-bolong\/\">Batu Bolong<\/a>, un luogo che ha segnato la storia di Warnakali.<\/p>\n<p>Alcune condizioni sono necessarie per saltare in questa acqua qui. Ovviamente le condizioni del mare prima, ma anche il gruppo di subacquei che sto guidando qui. Devono fidarsi completamente di me come pu\u00f2 essere impegnativo. E perch\u00e9 le condizioni qui possono cambiare molto velocemente.<\/p>\n\n<h3>Ho scelto un&#8217;occasione speciale per tuffare Ceningan parete<\/h3>\n<p>E &#8216;sempre un&#8217;occasione speciale quando vado diving Ceningan parete. Un&#8217;ultima immersione dopo aver trascorso alcuni giorni, settimane, mesi con i tuoi studenti, dal corso Open Water alla formazione master Dive.<\/p>\n<p>Guardarli concentrati e concentrati prima di entrare in acqua, chiedendomi se hanno le capacit\u00e0 di immergersi qui. S\u00ec che puoi, non ti porterei qui se non fossi in grado di farlo. La loro risposta \u00e8 sempre la stessa: \u00ab Se lo dici, ci siamo! \u00bb<\/p>\n<p>E poi, alla fine dell&#8217;immersione, quella mano trema prima di navigare, come un addio a quelle acque. O diciamo un \u00abci vediamo presto \u00bb. Una volta sulla barca, i loro sorrisi parlano dei colori e di quello che hanno appena visto.<\/p>\n<p>E &#8216;anche un tempo di orgoglio per i miei studenti, dandomi i loro registri per firmare &#038; timbrare. L&#8217;orgoglio di aver immerso Ceningan con facilit\u00e0, come un modo di pensare \u00ab avevi ragione, posso farlo! \u00bb<\/p>\n<p>Questo \u00e8 certamente il modo in cui ricordo ogni singolo corso. Ognuno ha avuto la sua storia con Ceningan, che sommano generalmente i giorni che passiamo insieme, tra insegnamento e leggerezza. Questa e&#8217; la magia di questo lavoro.<\/p>\n<p>Yann, IDCS<\/p>\n<h2><img decoding=\"async\" class=\"alignnone size-full wp-image-3449\" src=\"https:\/\/nusapenida.org\/wp-content\/uploads\/2022\/02\/Ceningan-Warnakali.jpg\" alt=\"diving ceningan wall\" width=\"1024\" height=\"768\" srcset=\"https:\/\/nusapenida.org\/wp-content\/uploads\/2022\/02\/Ceningan-Warnakali.jpg 1024w, https:\/\/nusapenida.org\/wp-content\/uploads\/2022\/02\/Ceningan-Warnakali-300x225.jpg 300w, https:\/\/nusapenida.org\/wp-content\/uploads\/2022\/02\/Ceningan-Warnakali-768x576.jpg 768w, https:\/\/nusapenida.org\/wp-content\/uploads\/2022\/02\/Ceningan-Warnakali-800x600.jpg 800w\" sizes=\"(max-width: 1024px) 100vw, 1024px\" \/>Ceningan Wall dive caratteristiche del sito<\/h2>\n<p>Tipo di immersione : deriva<\/p>\n<p>Profondit\u00e0: 5-40 m<\/p>\n<p>Visibilit\u00e0: 15\/30 m<\/p>\n<p>Corrente: da lieve a forte<\/p>\n<p>Accesso: 15 min navigazione<\/p>\n<p>Flora: Corallo, substrato di sabbia<\/p>\n<p>Fauna: Mola-mola, raggio d&#8217;aquila, raggio di marmo, nudibranch.<\/p>\n<p>Periodo migliore dell&#8217;anno: tutto l&#8217;anno<\/p>\n\n\n<p><\/p>\n","protected":false},"excerpt":{"rendered":"<p>Ceningan sito di immersione \u00e8 uno dei nostri siti d&#8217;immersione preferiti in Bali. Questa parete \u00e8 solo quindici minuti di [&hellip;]<\/p>\n","protected":false},"author":2,"featured_media":3445,"parent":3353,"menu_order":7,"comment_status":"open","ping_status":"closed","template":"","meta":{"site-sidebar-layout":"default","site-content-layout":"","ast-site-content-layout":"default","site-content-style":"default","site-sidebar-style":"default","ast-global-header-display":"","ast-banner-title-visibility":"","ast-main-header-display":"","ast-hfb-above-header-display":"","ast-hfb-below-header-display":"","ast-hfb-mobile-header-display":"","site-post-title":"","ast-breadcrumbs-content":"","ast-featured-img":"","footer-sml-layout":"","ast-disable-related-posts":"","theme-transparent-header-meta":"","adv-header-id-meta":"","stick-header-meta":"","header-above-stick-meta":"","header-main-stick-meta":"","header-below-stick-meta":"","astra-migrate-meta-layouts":"default","ast-page-background-enabled":"default","ast-page-background-meta":{"desktop":{"background-color":"var(--ast-global-color-4)","background-image":"","background-repeat":"repeat","background-position":"center center","background-size":"auto","background-attachment":"scroll","background-type":"","background-media":"","overlay-type":"","overlay-color":"","overlay-opacity":"","overlay-gradient":""},"tablet":{"background-color":"","background-image":"","background-repeat":"repeat","background-position":"center center","background-size":"auto","background-attachment":"scroll","background-type":"","background-media":"","overlay-type":"","overlay-color":"","overlay-opacity":"","overlay-gradient":""},"mobile":{"background-color":"","background-image":"","background-repeat":"repeat","background-position":"center center","background-size":"auto","background-attachment":"scroll","background-type":"","background-media":"","overlay-type":"","overlay-color":"","overlay-opacity":"","overlay-gradient":""}},"ast-content-background-meta":{"desktop":{"background-color":"var(--ast-global-color-5)","background-image":"","background-repeat":"repeat","background-position":"center center","background-size":"auto","background-attachment":"scroll","background-type":"","background-media":"","overlay-type":"","overlay-color":"","overlay-opacity":"","overlay-gradient":""},"tablet":{"background-color":"var(--ast-global-color-5)","background-image":"","background-repeat":"repeat","background-position":"center center","background-size":"auto","background-attachment":"scroll","background-type":"","background-media":"","overlay-type":"","overlay-color":"","overlay-opacity":"","overlay-gradient":""},"mobile":{"background-color":"var(--ast-global-color-5)","background-image":"","background-repeat":"repeat","background-position":"center center","background-size":"auto","background-attachment":"scroll","background-type":"","background-media":"","overlay-type":"","overlay-color":"","overlay-opacity":"","overlay-gradient":""}},"footnotes":""},"class_list":["post-3444","page","type-page","status-publish","has-post-thumbnail","hentry"],"yoast_head":"<!-- This site is optimized with the Yoast SEO Premium plugin v26.7 (Yoast SEO v27.4) - https:\/\/yoast.com\/product\/yoast-seo-premium-wordpress\/ -->\n<title>Immersione a Ceningan, Nusa Ceningan<\/title>\n<meta name=\"description\" content=\"Ceningan dive site is a vertiginous and colorful wall, a delight for macro or bigger animal lovers. Diving Ceningan Wall is full or surprises\" \/>\n<meta name=\"robots\" content=\"index, follow, max-snippet:-1, max-image-preview:large, max-video-preview:-1\" \/>\n<link rel=\"canonical\" href=\"https:\/\/nusapenida.org\/it\/immersioni-nusa-penida-bali\/20-best-dive-sites-bali-nusa-penida\/diving-ceningan-wall-nusa-ceningan\" \/>\n<meta property=\"og:locale\" content=\"it_IT\" \/>\n<meta property=\"og:locale:alternate\" content=\"en_US\" \/>\n<meta property=\"og:locale:alternate\" content=\"fr_FR\" \/>\n<meta property=\"og:locale:alternate\" content=\"id_ID\" \/>\n<meta property=\"og:locale:alternate\" content=\"de_DE\" \/>\n<meta property=\"og:locale:alternate\" content=\"es-es\" \/>\n<meta property=\"og:type\" content=\"article\" \/>\n<meta property=\"og:title\" content=\"Immersione a Ceningan, Nusa Ceningan\" \/>\n<meta property=\"og:description\" content=\"Ceningan dive site is a vertiginous and colorful wall, a delight for macro or bigger animal lovers. Diving Ceningan Wall is full or surprises\" \/>\n<meta property=\"og:url\" content=\"https:\/\/nusapenida.org\/it\/immersioni-nusa-penida-bali\/20-best-dive-sites-bali-nusa-penida\/diving-ceningan-wall-nusa-ceningan\/\" \/>\n<meta property=\"og:site_name\" content=\"Nusa Penida\" \/>\n<meta property=\"article:publisher\" content=\"https:\/\/www.facebook.com\/NusaPenidaFr\/\" \/>\n<meta property=\"article:modified_time\" content=\"2026-02-14T03:45:50+00:00\" \/>\n<meta property=\"og:image\" content=\"https:\/\/nusapenida.org\/wp-content\/uploads\/2022\/02\/Diving-Ceningan-wall.jpg\" \/>\n\t<meta property=\"og:image:width\" content=\"1024\" \/>\n\t<meta property=\"og:image:height\" content=\"601\" \/>\n\t<meta property=\"og:image:type\" content=\"image\/jpeg\" \/>\n<meta name=\"twitter:card\" content=\"summary_large_image\" \/>\n<meta name=\"twitter:label1\" content=\"Tempo di lettura stimato\" \/>\n\t<meta name=\"twitter:data1\" content=\"7 minuti\" \/>\n<script type=\"application\/ld+json\" class=\"yoast-schema-graph\">{\"@context\":\"https:\\\/\\\/schema.org\",\"@graph\":[{\"@type\":\"WebPage\",\"@id\":\"https:\\\/\\\/nusapenida.org\\\/de\\\/bali-nusa-penida-diving-guide\\\/20-best-dive-sites-bali-nusa-penida\\\/diving-ceningan-wall-nusa-ceningan\\\/\",\"url\":\"https:\\\/\\\/nusapenida.org\\\/de\\\/bali-nusa-penida-diving-guide\\\/20-best-dive-sites-bali-nusa-penida\\\/diving-ceningan-wall-nusa-ceningan\\\/\",\"name\":\"Immersione a Ceningan, Nusa Ceningan\",\"isPartOf\":{\"@id\":\"https:\\\/\\\/nusapenida.org\\\/#website\"},\"primaryImageOfPage\":{\"@id\":\"https:\\\/\\\/nusapenida.org\\\/de\\\/bali-nusa-penida-diving-guide\\\/20-best-dive-sites-bali-nusa-penida\\\/diving-ceningan-wall-nusa-ceningan\\\/#primaryimage\"},\"image\":{\"@id\":\"https:\\\/\\\/nusapenida.org\\\/de\\\/bali-nusa-penida-diving-guide\\\/20-best-dive-sites-bali-nusa-penida\\\/diving-ceningan-wall-nusa-ceningan\\\/#primaryimage\"},\"thumbnailUrl\":\"https:\\\/\\\/nusapenida.org\\\/wp-content\\\/uploads\\\/2022\\\/02\\\/Diving-Ceningan-wall.jpg\",\"datePublished\":\"2022-02-08T07:12:50+00:00\",\"dateModified\":\"2026-02-14T03:45:50+00:00\",\"description\":\"Ceningan dive site is a vertiginous and colorful wall, a delight for macro or bigger animal lovers. Diving Ceningan Wall is full or surprises\",\"breadcrumb\":{\"@id\":\"https:\\\/\\\/nusapenida.org\\\/de\\\/bali-nusa-penida-diving-guide\\\/20-best-dive-sites-bali-nusa-penida\\\/diving-ceningan-wall-nusa-ceningan\\\/#breadcrumb\"},\"inLanguage\":\"it-IT\",\"potentialAction\":[{\"@type\":\"ReadAction\",\"target\":[\"https:\\\/\\\/nusapenida.org\\\/de\\\/bali-nusa-penida-diving-guide\\\/20-best-dive-sites-bali-nusa-penida\\\/diving-ceningan-wall-nusa-ceningan\\\/\"]}]},{\"@type\":\"ImageObject\",\"inLanguage\":\"it-IT\",\"@id\":\"https:\\\/\\\/nusapenida.org\\\/de\\\/bali-nusa-penida-diving-guide\\\/20-best-dive-sites-bali-nusa-penida\\\/diving-ceningan-wall-nusa-ceningan\\\/#primaryimage\",\"url\":\"https:\\\/\\\/nusapenida.org\\\/wp-content\\\/uploads\\\/2022\\\/02\\\/Diving-Ceningan-wall.jpg\",\"contentUrl\":\"https:\\\/\\\/nusapenida.org\\\/wp-content\\\/uploads\\\/2022\\\/02\\\/Diving-Ceningan-wall.jpg\",\"width\":1024,\"height\":601,\"caption\":\"Diving Ceningan wall\"},{\"@type\":\"BreadcrumbList\",\"@id\":\"https:\\\/\\\/nusapenida.org\\\/de\\\/bali-nusa-penida-diving-guide\\\/20-best-dive-sites-bali-nusa-penida\\\/diving-ceningan-wall-nusa-ceningan\\\/#breadcrumb\",\"itemListElement\":[{\"@type\":\"ListItem\",\"position\":1,\"name\":\"Home\",\"item\":\"https:\\\/\\\/nusapenida.org\\\/\"},{\"@type\":\"ListItem\",\"position\":2,\"name\":\"Tauchen auf Bali &#038; Nusa Penida (2026): Mantas, Mola Mola &#038; beste Tauchpl\u00e4tze\",\"item\":\"https:\\\/\\\/nusapenida.org\\\/de\\\/bali-nusa-penida-diving-guide\\\/\"},{\"@type\":\"ListItem\",\"position\":3,\"name\":\"20 Top Dive Sites in Bali (Including Nusa Penida)\",\"item\":\"https:\\\/\\\/nusapenida.org\\\/de\\\/bali-nusa-penida-diving-guide\\\/20-best-dive-sites-bali-nusa-penida\\\/\"},{\"@type\":\"ListItem\",\"position\":4,\"name\":\"Diving Ceningan wall, Nusa Ceningan\"}]},{\"@type\":\"WebSite\",\"@id\":\"https:\\\/\\\/nusapenida.org\\\/#website\",\"url\":\"https:\\\/\\\/nusapenida.org\\\/\",\"name\":\"Nusa Penida\",\"description\":\"\",\"publisher\":{\"@id\":\"https:\\\/\\\/nusapenida.org\\\/#organization\"},\"potentialAction\":[{\"@type\":\"SearchAction\",\"target\":{\"@type\":\"EntryPoint\",\"urlTemplate\":\"https:\\\/\\\/nusapenida.org\\\/?s={search_term_string}\"},\"query-input\":{\"@type\":\"PropertyValueSpecification\",\"valueRequired\":true,\"valueName\":\"search_term_string\"}}],\"inLanguage\":\"it-IT\"},{\"@type\":\"Organization\",\"@id\":\"https:\\\/\\\/nusapenida.org\\\/#organization\",\"name\":\"Nusa Penida Experience\",\"url\":\"https:\\\/\\\/nusapenida.org\\\/\",\"logo\":{\"@type\":\"ImageObject\",\"inLanguage\":\"it-IT\",\"@id\":\"https:\\\/\\\/nusapenida.org\\\/#\\\/schema\\\/logo\\\/image\\\/\",\"url\":\"https:\\\/\\\/nusapenida.org\\\/wp-content\\\/uploads\\\/2018\\\/06\\\/Kelingking-Blaise-2.jpg\",\"contentUrl\":\"https:\\\/\\\/nusapenida.org\\\/wp-content\\\/uploads\\\/2018\\\/06\\\/Kelingking-Blaise-2.jpg\",\"width\":500,\"height\":500,\"caption\":\"Nusa Penida Experience\"},\"image\":{\"@id\":\"https:\\\/\\\/nusapenida.org\\\/#\\\/schema\\\/logo\\\/image\\\/\"},\"sameAs\":[\"https:\\\/\\\/www.facebook.com\\\/NusaPenidaFr\\\/\",\"https:\\\/\\\/www.instagram.com\\\/nusapenidafr\\\/\"]}]}<\/script>\n<!-- \/ Yoast SEO Premium plugin. -->","yoast_head_json":{"title":"Immersione a Ceningan, Nusa Ceningan","description":"Ceningan dive site is a vertiginous and colorful wall, a delight for macro or bigger animal lovers. Diving Ceningan Wall is full or surprises","robots":{"index":"index","follow":"follow","max-snippet":"max-snippet:-1","max-image-preview":"max-image-preview:large","max-video-preview":"max-video-preview:-1"},"canonical":"https:\/\/nusapenida.org\/it\/immersioni-nusa-penida-bali\/20-best-dive-sites-bali-nusa-penida\/diving-ceningan-wall-nusa-ceningan","og_locale":"it_IT","og_type":"article","og_title":"[:en]Diving Ceningan wall, Nusa Ceningan[:it]Immersione a Ceningan, Nusa Ceningan[:]","og_description":"Ceningan dive site is a vertiginous and colorful wall, a delight for macro or bigger animal lovers. Diving Ceningan Wall is full or surprises","og_url":"https:\/\/nusapenida.org\/it\/immersioni-nusa-penida-bali\/20-best-dive-sites-bali-nusa-penida\/diving-ceningan-wall-nusa-ceningan\/","og_site_name":"Nusa Penida","article_publisher":"https:\/\/www.facebook.com\/NusaPenidaFr\/","article_modified_time":"2026-02-14T03:45:50+00:00","og_image":[{"width":1024,"height":601,"url":"https:\/\/nusapenida.org\/wp-content\/uploads\/2022\/02\/Diving-Ceningan-wall.jpg","type":"image\/jpeg"}],"twitter_card":"summary_large_image","twitter_misc":{"Tempo di lettura stimato":"7 minuti"},"schema":{"@context":"https:\/\/schema.org","@graph":[{"@type":"WebPage","@id":"https:\/\/nusapenida.org\/de\/bali-nusa-penida-diving-guide\/20-best-dive-sites-bali-nusa-penida\/diving-ceningan-wall-nusa-ceningan\/","url":"https:\/\/nusapenida.org\/de\/bali-nusa-penida-diving-guide\/20-best-dive-sites-bali-nusa-penida\/diving-ceningan-wall-nusa-ceningan\/","name":"Immersione a Ceningan, Nusa Ceningan","isPartOf":{"@id":"https:\/\/nusapenida.org\/#website"},"primaryImageOfPage":{"@id":"https:\/\/nusapenida.org\/de\/bali-nusa-penida-diving-guide\/20-best-dive-sites-bali-nusa-penida\/diving-ceningan-wall-nusa-ceningan\/#primaryimage"},"image":{"@id":"https:\/\/nusapenida.org\/de\/bali-nusa-penida-diving-guide\/20-best-dive-sites-bali-nusa-penida\/diving-ceningan-wall-nusa-ceningan\/#primaryimage"},"thumbnailUrl":"https:\/\/nusapenida.org\/wp-content\/uploads\/2022\/02\/Diving-Ceningan-wall.jpg","datePublished":"2022-02-08T07:12:50+00:00","dateModified":"2026-02-14T03:45:50+00:00","description":"Ceningan dive site is a vertiginous and colorful wall, a delight for macro or bigger animal lovers. Diving Ceningan Wall is full or surprises","breadcrumb":{"@id":"https:\/\/nusapenida.org\/de\/bali-nusa-penida-diving-guide\/20-best-dive-sites-bali-nusa-penida\/diving-ceningan-wall-nusa-ceningan\/#breadcrumb"},"inLanguage":"it-IT","potentialAction":[{"@type":"ReadAction","target":["https:\/\/nusapenida.org\/de\/bali-nusa-penida-diving-guide\/20-best-dive-sites-bali-nusa-penida\/diving-ceningan-wall-nusa-ceningan\/"]}]},{"@type":"ImageObject","inLanguage":"it-IT","@id":"https:\/\/nusapenida.org\/de\/bali-nusa-penida-diving-guide\/20-best-dive-sites-bali-nusa-penida\/diving-ceningan-wall-nusa-ceningan\/#primaryimage","url":"https:\/\/nusapenida.org\/wp-content\/uploads\/2022\/02\/Diving-Ceningan-wall.jpg","contentUrl":"https:\/\/nusapenida.org\/wp-content\/uploads\/2022\/02\/Diving-Ceningan-wall.jpg","width":1024,"height":601,"caption":"Diving Ceningan wall"},{"@type":"BreadcrumbList","@id":"https:\/\/nusapenida.org\/de\/bali-nusa-penida-diving-guide\/20-best-dive-sites-bali-nusa-penida\/diving-ceningan-wall-nusa-ceningan\/#breadcrumb","itemListElement":[{"@type":"ListItem","position":1,"name":"Home","item":"https:\/\/nusapenida.org\/"},{"@type":"ListItem","position":2,"name":"Tauchen auf Bali &#038; Nusa Penida (2026): Mantas, Mola Mola &#038; beste Tauchpl\u00e4tze","item":"https:\/\/nusapenida.org\/de\/bali-nusa-penida-diving-guide\/"},{"@type":"ListItem","position":3,"name":"20 Top Dive Sites in Bali (Including Nusa Penida)","item":"https:\/\/nusapenida.org\/de\/bali-nusa-penida-diving-guide\/20-best-dive-sites-bali-nusa-penida\/"},{"@type":"ListItem","position":4,"name":"Diving Ceningan wall, Nusa Ceningan"}]},{"@type":"WebSite","@id":"https:\/\/nusapenida.org\/#website","url":"https:\/\/nusapenida.org\/","name":"Nusa Penida","description":"","publisher":{"@id":"https:\/\/nusapenida.org\/#organization"},"potentialAction":[{"@type":"SearchAction","target":{"@type":"EntryPoint","urlTemplate":"https:\/\/nusapenida.org\/?s={search_term_string}"},"query-input":{"@type":"PropertyValueSpecification","valueRequired":true,"valueName":"search_term_string"}}],"inLanguage":"it-IT"},{"@type":"Organization","@id":"https:\/\/nusapenida.org\/#organization","name":"Nusa Penida Experience","url":"https:\/\/nusapenida.org\/","logo":{"@type":"ImageObject","inLanguage":"it-IT","@id":"https:\/\/nusapenida.org\/#\/schema\/logo\/image\/","url":"https:\/\/nusapenida.org\/wp-content\/uploads\/2018\/06\/Kelingking-Blaise-2.jpg","contentUrl":"https:\/\/nusapenida.org\/wp-content\/uploads\/2018\/06\/Kelingking-Blaise-2.jpg","width":500,"height":500,"caption":"Nusa Penida Experience"},"image":{"@id":"https:\/\/nusapenida.org\/#\/schema\/logo\/image\/"},"sameAs":["https:\/\/www.facebook.com\/NusaPenidaFr\/","https:\/\/www.instagram.com\/nusapenidafr\/"]}]}},"_links":{"self":[{"href":"https:\/\/nusapenida.org\/it\/wp-json\/wp\/v2\/pages\/3444","targetHints":{"allow":["GET"]}}],"collection":[{"href":"https:\/\/nusapenida.org\/it\/wp-json\/wp\/v2\/pages"}],"about":[{"href":"https:\/\/nusapenida.org\/it\/wp-json\/wp\/v2\/types\/page"}],"author":[{"embeddable":true,"href":"https:\/\/nusapenida.org\/it\/wp-json\/wp\/v2\/users\/2"}],"replies":[{"embeddable":true,"href":"https:\/\/nusapenida.org\/it\/wp-json\/wp\/v2\/comments?post=3444"}],"version-history":[{"count":4,"href":"https:\/\/nusapenida.org\/it\/wp-json\/wp\/v2\/pages\/3444\/revisions"}],"predecessor-version":[{"id":6659,"href":"https:\/\/nusapenida.org\/it\/wp-json\/wp\/v2\/pages\/3444\/revisions\/6659"}],"up":[{"embeddable":true,"href":"https:\/\/nusapenida.org\/it\/wp-json\/wp\/v2\/pages\/3353"}],"wp:featuredmedia":[{"embeddable":true,"href":"https:\/\/nusapenida.org\/it\/wp-json\/wp\/v2\/media\/3445"}],"wp:attachment":[{"href":"https:\/\/nusapenida.org\/it\/wp-json\/wp\/v2\/media?parent=3444"}],"curies":[{"name":"wp","href":"https:\/\/api.w.org\/{rel}","templated":true}]}}