{"id":3437,"date":"2022-02-07T14:43:09","date_gmt":"2022-02-07T13:43:09","guid":{"rendered":"https:\/\/nusapenida.org\/?page_id=3437"},"modified":"2026-02-14T10:12:38","modified_gmt":"2026-02-14T02:12:38","slug":"diving-amok","status":"publish","type":"page","link":"https:\/\/nusapenida.org\/it\/immersioni-nusa-penida-bali\/20-best-dive-sites-bali-nusa-penida\/diving-amok","title":{"rendered":"Immersione a Amok, Nusa Penida"},"content":{"rendered":"\n<p>Amok \u00e8 uno dei nostri segreti <a href=\"https:\/\/nusapenida.org\/bali-nusa-penida-diving-guide\/20-best-dive-sites-bali-nusa-penida\/\">sito di immersione in Nusa Penida<\/a> ! Il muro di Amok sta andando verso <a href=\"https:\/\/nusapenida.org\/bali-nusa-penida-diving-guide\/20-best-dive-sites-bali-nusa-penida\/diving-crystal-bay-nusa-penida\/\">Baia di cristallo<\/a>. Il sito di immersione prende il nome dal <a href=\"https:\/\/amoksunset.com\/\">Amok Tramonto<\/a> bar, che si affaccia. Iniziamo a tuffare Amok tra due rocce in una piccola baia, prima di passare alla corrente. Di fronte a noi, parete verticale ripida e grandi terrazze sono coperti di <strong>coralli rossi e arancio<\/strong> per quanto gli occhi possano vedere. The <strong>profondo blu<\/strong> di questo sito rende i colori affilati. La topografia del sito d\u00e0 una <strong>sensazione sicura<\/strong> nonostante le correnti che possono ottenere davvero forte qui.<\/p>\n\n\n\n<figure class=\"wp-block-image alignnone size-full wp-image-3439\"><img decoding=\"async\" width=\"1024\" height=\"576\" src=\"https:\/\/nusapenida.org\/wp-content\/uploads\/2022\/02\/moray-eel-diving-Amok-Nusa-Penida-Bali.jpg\" alt=\"moray eel diving Amok Nusa Penida Bali\" class=\"wp-image-3439\" srcset=\"https:\/\/nusapenida.org\/wp-content\/uploads\/2022\/02\/moray-eel-diving-Amok-Nusa-Penida-Bali.jpg 1024w, https:\/\/nusapenida.org\/wp-content\/uploads\/2022\/02\/moray-eel-diving-Amok-Nusa-Penida-Bali-300x169.jpg 300w, https:\/\/nusapenida.org\/wp-content\/uploads\/2022\/02\/moray-eel-diving-Amok-Nusa-Penida-Bali-768x432.jpg 768w, https:\/\/nusapenida.org\/wp-content\/uploads\/2022\/02\/moray-eel-diving-Amok-Nusa-Penida-Bali-960x540.jpg 960w\" sizes=\"(max-width: 1024px) 100vw, 1024px\" \/><figcaption class=\"wp-element-caption\">Mulino in Nusa Penida<\/figcaption><\/figure>\n\n\n\n<h4 class=\"wp-block-heading\" id=\"h-tre-passi-tre-specie-diverse\">Tre passi, tre specie diverse<\/h4>\n\n\n\n<p>Il layout \u00e8 fatto di passi, e a seconda delle profondit\u00e0, diverse specie possono essere individuate. Nella parte profonda, seguiremo i grandi, alla ricerca di <strong>scuole di batfish<\/strong>\u266a <strong>squalo tresher<\/strong> o <a href=\"https:\/\/nusapenida.org\/bali-nusa-penida-diving-guide\/mola-mola-ocean-sunfish\/\"><strong>Mola Mola<\/strong><\/a>. Meno profondo, una sottile crepa nel muro \u00e8 accogliente <strong>scorpione pesce<\/strong> e <strong>Pesce di pietra<\/strong>. Possiamo anche godere della presenza di animali pi\u00f9 piccoli come <strong>aragoste pelose<\/strong> vivere in spugne gigantesche.<\/p>\n\n\n\n<p>Infine, sull&#8217;ultimo pianoro in acque poco profonde, diversi tipi di pesci pagliacci stanno proteggendo i loro anemoni. Ma puoi trovare anche granchi di porcellana, <strong>Gamberi fantasma<\/strong>, sexy anemone gamberi e diversi tipi di nudibranchs.<\/p>\n\n\n\n<p>La fine dell&#8217;immersione \u00e8 facile da riconoscere come la topografia cambia, una pendenza sta salendo alla baia di <a href=\"https:\/\/nusapenida.org\/bali-nusa-penida-diving-guide\/20-best-dive-sites-bali-nusa-penida\/diving-gamat-bay\/\">Gamat<\/a>. Ci si pu\u00f2 vedere diversi tipi di <strong>squali di barriera<\/strong> (punta bianca, bamb\u00f9) ma anche <strong>robusto tubo fantasma<\/strong> con la sua forma foglia camouflage. Faremo la nostra fermata di sicurezza nella baia, in compagnia di alcuni <strong>tartarughe<\/strong>, anguilla di nastro giovanile o adulto. Possiamo ammirare i dossi di corallo sul fondo sabbioso, dove fusilier, striscioni e pesci chirurgo ci circondano durante l&#8217;ascesa.<\/p>\n\n\n\n<p>Diving Amok sicuramente ci porta un po &#8216;di gioia di nuovo &#038; di nuovo ogni volta!<\/p>\n\n\n\n<h2 class=\"wp-block-heading\" id=\"h-parole-dei-nostri-ospiti\"><figure><img decoding=\"async\" class=\"alignnone size-full wp-image-3440\" src=\"https:\/\/nusapenida.org\/wp-content\/uploads\/2022\/02\/Diving-Amok-Nusa-Penida-Bali.jpg\" alt=\"Diving Amok Nusa Penida Bali\" width=\"1024\" height=\"576\" srcset=\"https:\/\/nusapenida.org\/wp-content\/uploads\/2022\/02\/Diving-Amok-Nusa-Penida-Bali.jpg 1024w, https:\/\/nusapenida.org\/wp-content\/uploads\/2022\/02\/Diving-Amok-Nusa-Penida-Bali-300x169.jpg 300w, https:\/\/nusapenida.org\/wp-content\/uploads\/2022\/02\/Diving-Amok-Nusa-Penida-Bali-768x432.jpg 768w, https:\/\/nusapenida.org\/wp-content\/uploads\/2022\/02\/Diving-Amok-Nusa-Penida-Bali-960x540.jpg 960w\" sizes=\"(max-width: 1024px) 100vw, 1024px\" \/><\/figure>Parole dei nostri ospiti<\/h2>\n\n\n\n<p>Non avevo mai sentito parlare di Amok sito di immersione in Nusa Penida prima. Saltiamo nell&#8217;acqua dopo un solido <strong>briefing<\/strong> del mio istruttore. Egli dice chiaramente che dovr\u00f2 rimanere concentrata a causa della <strong>correnti<\/strong>. Diving Amok sar\u00e0 una buona occasione per mettere tutto quello che ho imparato durante il mio <a href=\"https:\/\/nusapenida.org\/bali-nusa-penida-diving-guide\/padi-open-water-diver-course\/\">Corso di acqua aperto<\/a> &#038; Advance Open Water corso in pratica.<\/p>\n\n\n\n<p>Non riesco a smettere di contemplare ci\u00f2 che sta accadendo sotto di noi, i colori cattura la mia attenzione. Andiamo su un altopiano e <strong>nudibranchs ci stanno gi\u00e0 dando il benvenuto<\/strong>. Dopo di che, ci dirigiamo verso la corrente lungo il muro, come spiegato durante il briefing.<\/p>\n\n\n\n<p>La corrente e&#8217; piuttosto forte, ma io ci vado alla deriva, prendendomi cura di rimanere dietro il mio istruttore. \u00c8 una sensazione molto piacevole. Mi piace davvero la bellezza del paesaggio. Ci sono fianchi della vita, <strong>scuole di pesce sono impressionante<\/strong>. Iniziamo a salire dopo questa deliziosa immersione, e durante la sosta di sicurezza, una scuola di tonni si presenta. Sono stato davvero toccato da <strong>bellezza incredibile<\/strong> di Amok sito di immersione!<\/p>\n\n\n\n<p>Jean-Mi, gennaio 2020<\/p>\n\n\n\n<h2 class=\"wp-block-heading\" id=\"h-cotta-degli-istruttori\">Cotta degli istruttori<\/h2>\n\n\n\n<h3 class=\"wp-block-heading\" id=\"h-marion-owsi\">Marion, OWSI<\/h3>\n\n\n\n<p>Amok \u00e8 un sito che mi piace <strong>come un tesoro<\/strong> per i miei studenti. Mi piace davvero portarli l\u00ec per finalizzare un corso Advanced Open Water, o quando passano diversi giorni di immersioni con noi. Si rendono conto di quanto migliorano in quelle condizioni difficili. Lavoriamo su <strong>acquisto<\/strong>, la posizione di adottare durante le immersioni alla deriva, sempre consapevole e rispettoso della vita acquatica che ci circonda. \u00c8 un <strong>totalmente diverso sito di immersione<\/strong>Non ci sono molte persone. \u00c8 sempre bello scoprire nuovi siti come questo.<\/p>\n\n\n\n<p>Ci piace immersioni Amok a causa dei suoi colori molto specifici, rosso e arancione, ma anche a causa della <strong>specie diverse di pesci<\/strong> possiamo vedere l\u00ec. \u00c8 un sito molto interessante da scoprire per i principianti come subacquei confermati. I sorrisi in superficie dopo l&#8217;immersione dicono da soli quanto bello questo sito \u00e8 e quanto \u00e8 piacevole immergersi qui. Inoltre, \u00e8 una sensazione molto piacevole per loro di <strong>immergersi in modo sicuro in condizioni un po&#8217; pi\u00f9 difficili<\/strong>.<\/p>\n\n\n\n<figure class=\"wp-block-image alignnone size-full wp-image-3441\"><img decoding=\"async\" width=\"600\" height=\"800\" src=\"https:\/\/nusapenida.org\/wp-content\/uploads\/2022\/02\/Marion-diving-Amok-Nusa-Penida-Bali-copie.jpg\" alt=\"Marion diving Amok Nusa Penida Bali\" class=\"wp-image-3441\" srcset=\"https:\/\/nusapenida.org\/wp-content\/uploads\/2022\/02\/Marion-diving-Amok-Nusa-Penida-Bali-copie.jpg 600w, https:\/\/nusapenida.org\/wp-content\/uploads\/2022\/02\/Marion-diving-Amok-Nusa-Penida-Bali-copie-225x300.jpg 225w\" sizes=\"(max-width: 600px) 100vw, 600px\" \/><figcaption class=\"wp-element-caption\">Marion immersioni Amok<\/figcaption><\/figure>\n\n\n\n<h3 class=\"wp-block-heading\" id=\"h-loic-owsi\">Loic, OWSI<\/h3>\n\n\n\n<p>Sensazionale!<\/p>\n\n\n\n<p>Appena arrivato a Nusa Penida, una delle mie prime esperienze era quella di fare immersioni Amok. Spesso diciamo che le battute brevi sono le migliori, pu\u00f2 anche essere un vero fatto di immersioni. Mi rendo conto che le acque di Nusa Penida devono essere guadagnate. In effetti, ho molto lavoro da fare per meritarlo, un sacco di competenze per imparare, e una fiducia in se stessi per costruire. Tutto questo sar\u00e0 necessario per essere in grado di guidare in quelle condizioni. Circa questa prima volta, ricordo la velocit\u00e0 e la mia mancanza di esperienza in un ambiente del genere. Nonostante ci\u00f2, mi \u00e8 piaciuto il <strong>bellezza di questo sito colorato<\/strong>.<\/p>\n\n\n\n<p>Dopo un anno e molte immersioni intorno a Nusa Penida, ho costruito quella fiducia. Al giorno d&#8217;oggi, mi piace davvero portare i miei studenti qui per riassumere un corso Open Water. Ritengo che sia molto importante per loro affrontare queste condizioni e rendersi conto che sono in grado di farlo. Che gioia in superficie vederli con <strong>grandi sorrisi<\/strong>, condividendo l&#8217;esperienza appena vissuta, tra le condizioni difficili e l&#8217;incredibile tuffo appena fatto. So per certo che ora sono in grado e pronti a immergersi in sicurezza ovunque vogliano nel mondo, non importa le condizioni.<\/p>\n\n\n\n<h2 class=\"wp-block-heading\" id=\"h-caratteristiche-del-sito-amok-dive\"><strong>Caratteristiche del sito Amok dive<\/strong><\/h2>\n\n\n\n<p>Profondit\u00e0: 1040 m<\/p>\n\n\n\n<p>Visibilit\u00e0: 25\/30 m<\/p>\n\n\n\n<p>Temperatura: 20\/25<\/p>\n\n\n\n<p>Corrente: moderato a forte<\/p>\n\n\n\n<p>Accesso: 15 min di navigazione da Toyapakeh<\/p>\n\n\n\n<p>Flora: coralli, substrati coralli<\/p>\n\n\n\n<p>Fauna: Mola-mola, squalo tresher, barracuda, batfish, travelly, gamberetti, granchi, nudibranchs.<\/p>\n\n\n\n<p><\/p>\n","protected":false},"excerpt":{"rendered":"<p>Amok \u00e8 uno dei nostri segreti sito di immersione in Nusa Penida ! Il muro di Amok sta andando verso [&hellip;]<\/p>\n","protected":false},"author":2,"featured_media":3440,"parent":3353,"menu_order":7,"comment_status":"open","ping_status":"closed","template":"","meta":{"site-sidebar-layout":"default","site-content-layout":"","ast-site-content-layout":"default","site-content-style":"default","site-sidebar-style":"default","ast-global-header-display":"","ast-banner-title-visibility":"","ast-main-header-display":"","ast-hfb-above-header-display":"","ast-hfb-below-header-display":"","ast-hfb-mobile-header-display":"","site-post-title":"","ast-breadcrumbs-content":"","ast-featured-img":"","footer-sml-layout":"","ast-disable-related-posts":"","theme-transparent-header-meta":"","adv-header-id-meta":"","stick-header-meta":"","header-above-stick-meta":"","header-main-stick-meta":"","header-below-stick-meta":"","astra-migrate-meta-layouts":"default","ast-page-background-enabled":"default","ast-page-background-meta":{"desktop":{"background-color":"var(--ast-global-color-4)","background-image":"","background-repeat":"repeat","background-position":"center center","background-size":"auto","background-attachment":"scroll","background-type":"","background-media":"","overlay-type":"","overlay-color":"","overlay-opacity":"","overlay-gradient":""},"tablet":{"background-color":"","background-image":"","background-repeat":"repeat","background-position":"center center","background-size":"auto","background-attachment":"scroll","background-type":"","background-media":"","overlay-type":"","overlay-color":"","overlay-opacity":"","overlay-gradient":""},"mobile":{"background-color":"","background-image":"","background-repeat":"repeat","background-position":"center center","background-size":"auto","background-attachment":"scroll","background-type":"","background-media":"","overlay-type":"","overlay-color":"","overlay-opacity":"","overlay-gradient":""}},"ast-content-background-meta":{"desktop":{"background-color":"var(--ast-global-color-5)","background-image":"","background-repeat":"repeat","background-position":"center center","background-size":"auto","background-attachment":"scroll","background-type":"","background-media":"","overlay-type":"","overlay-color":"","overlay-opacity":"","overlay-gradient":""},"tablet":{"background-color":"var(--ast-global-color-5)","background-image":"","background-repeat":"repeat","background-position":"center center","background-size":"auto","background-attachment":"scroll","background-type":"","background-media":"","overlay-type":"","overlay-color":"","overlay-opacity":"","overlay-gradient":""},"mobile":{"background-color":"var(--ast-global-color-5)","background-image":"","background-repeat":"repeat","background-position":"center center","background-size":"auto","background-attachment":"scroll","background-type":"","background-media":"","overlay-type":"","overlay-color":"","overlay-opacity":"","overlay-gradient":""}},"footnotes":""},"class_list":["post-3437","page","type-page","status-publish","has-post-thumbnail","hentry"],"yoast_head":"<!-- This site is optimized with the Yoast SEO Premium plugin v26.7 (Yoast SEO v27.3) - https:\/\/yoast.com\/product\/yoast-seo-premium-wordpress\/ -->\n<title>Immersione a Amok, Nusa Penida<\/title>\n<meta name=\"description\" content=\"Diving Amok is technical but also very intense. You will love its incredible colors and the diversity of its fauna. To dive and dive again.\" \/>\n<meta name=\"robots\" content=\"index, follow, max-snippet:-1, max-image-preview:large, max-video-preview:-1\" \/>\n<link rel=\"canonical\" href=\"https:\/\/nusapenida.org\/it\/immersioni-nusa-penida-bali\/20-best-dive-sites-bali-nusa-penida\/diving-amok\" \/>\n<meta property=\"og:locale\" content=\"it_IT\" \/>\n<meta property=\"og:locale:alternate\" content=\"en_US\" \/>\n<meta property=\"og:locale:alternate\" content=\"fr_FR\" \/>\n<meta property=\"og:locale:alternate\" content=\"id_ID\" \/>\n<meta property=\"og:locale:alternate\" content=\"de_DE\" \/>\n<meta property=\"og:locale:alternate\" content=\"es-es\" \/>\n<meta property=\"og:type\" content=\"article\" \/>\n<meta property=\"og:title\" content=\"Immersione a Amok, Nusa Penida\" \/>\n<meta property=\"og:description\" content=\"Diving Amok is technical but also very intense. You will love its incredible colors and the diversity of its fauna. To dive and dive again.\" \/>\n<meta property=\"og:url\" content=\"https:\/\/nusapenida.org\/it\/immersioni-nusa-penida-bali\/20-best-dive-sites-bali-nusa-penida\/diving-amok\/\" \/>\n<meta property=\"og:site_name\" content=\"Nusa Penida\" \/>\n<meta property=\"article:publisher\" content=\"https:\/\/www.facebook.com\/NusaPenidaFr\/\" \/>\n<meta property=\"article:modified_time\" content=\"2026-02-14T02:12:38+00:00\" \/>\n<meta property=\"og:image\" content=\"https:\/\/nusapenida.org\/wp-content\/uploads\/2022\/02\/Diving-Amok-Nusa-Penida-Bali.jpg\" \/>\n\t<meta property=\"og:image:width\" content=\"1024\" \/>\n\t<meta property=\"og:image:height\" content=\"576\" \/>\n\t<meta property=\"og:image:type\" content=\"image\/jpeg\" \/>\n<meta name=\"twitter:card\" content=\"summary_large_image\" \/>\n<meta name=\"twitter:label1\" content=\"Tempo di lettura stimato\" \/>\n\t<meta name=\"twitter:data1\" content=\"7 minuti\" \/>\n<script type=\"application\/ld+json\" class=\"yoast-schema-graph\">{\"@context\":\"https:\\\/\\\/schema.org\",\"@graph\":[{\"@type\":\"WebPage\",\"@id\":\"https:\\\/\\\/nusapenida.org\\\/bali-nusa-penida-diving-guide\\\/20-best-dive-sites-bali-nusa-penida\\\/diving-amok\\\/\",\"url\":\"https:\\\/\\\/nusapenida.org\\\/bali-nusa-penida-diving-guide\\\/20-best-dive-sites-bali-nusa-penida\\\/diving-amok\\\/\",\"name\":\"Immersione a Amok, Nusa Penida\",\"isPartOf\":{\"@id\":\"https:\\\/\\\/nusapenida.org\\\/#website\"},\"primaryImageOfPage\":{\"@id\":\"https:\\\/\\\/nusapenida.org\\\/bali-nusa-penida-diving-guide\\\/20-best-dive-sites-bali-nusa-penida\\\/diving-amok\\\/#primaryimage\"},\"image\":{\"@id\":\"https:\\\/\\\/nusapenida.org\\\/bali-nusa-penida-diving-guide\\\/20-best-dive-sites-bali-nusa-penida\\\/diving-amok\\\/#primaryimage\"},\"thumbnailUrl\":\"https:\\\/\\\/nusapenida.org\\\/wp-content\\\/uploads\\\/2022\\\/02\\\/Diving-Amok-Nusa-Penida-Bali.jpg\",\"datePublished\":\"2022-02-07T13:43:09+00:00\",\"dateModified\":\"2026-02-14T02:12:38+00:00\",\"description\":\"Diving Amok is technical but also very intense. You will love its incredible colors and the diversity of its fauna. To dive and dive again.\",\"breadcrumb\":{\"@id\":\"https:\\\/\\\/nusapenida.org\\\/bali-nusa-penida-diving-guide\\\/20-best-dive-sites-bali-nusa-penida\\\/diving-amok\\\/#breadcrumb\"},\"inLanguage\":\"it-IT\",\"potentialAction\":[{\"@type\":\"ReadAction\",\"target\":[\"https:\\\/\\\/nusapenida.org\\\/bali-nusa-penida-diving-guide\\\/20-best-dive-sites-bali-nusa-penida\\\/diving-amok\\\/\"]}]},{\"@type\":\"ImageObject\",\"inLanguage\":\"it-IT\",\"@id\":\"https:\\\/\\\/nusapenida.org\\\/bali-nusa-penida-diving-guide\\\/20-best-dive-sites-bali-nusa-penida\\\/diving-amok\\\/#primaryimage\",\"url\":\"https:\\\/\\\/nusapenida.org\\\/wp-content\\\/uploads\\\/2022\\\/02\\\/Diving-Amok-Nusa-Penida-Bali.jpg\",\"contentUrl\":\"https:\\\/\\\/nusapenida.org\\\/wp-content\\\/uploads\\\/2022\\\/02\\\/Diving-Amok-Nusa-Penida-Bali.jpg\",\"width\":1024,\"height\":576,\"caption\":\"Diving Amok Nusa Penida Bali\"},{\"@type\":\"BreadcrumbList\",\"@id\":\"https:\\\/\\\/nusapenida.org\\\/bali-nusa-penida-diving-guide\\\/20-best-dive-sites-bali-nusa-penida\\\/diving-amok\\\/#breadcrumb\",\"itemListElement\":[{\"@type\":\"ListItem\",\"position\":1,\"name\":\"Home\",\"item\":\"https:\\\/\\\/nusapenida.org\\\/\"},{\"@type\":\"ListItem\",\"position\":2,\"name\":\"Nusa Penida Diving : Our Ultimate Guide for 2026\",\"item\":\"https:\\\/\\\/nusapenida.org\\\/bali-nusa-penida-diving-guide\\\/\"},{\"@type\":\"ListItem\",\"position\":3,\"name\":\"20 Top Dive Sites in Bali (Including Nusa Penida)\",\"item\":\"https:\\\/\\\/nusapenida.org\\\/bali-nusa-penida-diving-guide\\\/20-best-dive-sites-bali-nusa-penida\\\/\"},{\"@type\":\"ListItem\",\"position\":4,\"name\":\"Diving Amok, Nusa Penida\"}]},{\"@type\":\"WebSite\",\"@id\":\"https:\\\/\\\/nusapenida.org\\\/#website\",\"url\":\"https:\\\/\\\/nusapenida.org\\\/\",\"name\":\"Nusa Penida\",\"description\":\"\",\"publisher\":{\"@id\":\"https:\\\/\\\/nusapenida.org\\\/#organization\"},\"potentialAction\":[{\"@type\":\"SearchAction\",\"target\":{\"@type\":\"EntryPoint\",\"urlTemplate\":\"https:\\\/\\\/nusapenida.org\\\/?s={search_term_string}\"},\"query-input\":{\"@type\":\"PropertyValueSpecification\",\"valueRequired\":true,\"valueName\":\"search_term_string\"}}],\"inLanguage\":\"it-IT\"},{\"@type\":\"Organization\",\"@id\":\"https:\\\/\\\/nusapenida.org\\\/#organization\",\"name\":\"Nusa Penida Experience\",\"url\":\"https:\\\/\\\/nusapenida.org\\\/\",\"logo\":{\"@type\":\"ImageObject\",\"inLanguage\":\"it-IT\",\"@id\":\"https:\\\/\\\/nusapenida.org\\\/#\\\/schema\\\/logo\\\/image\\\/\",\"url\":\"https:\\\/\\\/nusapenida.org\\\/wp-content\\\/uploads\\\/2018\\\/06\\\/Kelingking-Blaise-2.jpg\",\"contentUrl\":\"https:\\\/\\\/nusapenida.org\\\/wp-content\\\/uploads\\\/2018\\\/06\\\/Kelingking-Blaise-2.jpg\",\"width\":500,\"height\":500,\"caption\":\"Nusa Penida Experience\"},\"image\":{\"@id\":\"https:\\\/\\\/nusapenida.org\\\/#\\\/schema\\\/logo\\\/image\\\/\"},\"sameAs\":[\"https:\\\/\\\/www.facebook.com\\\/NusaPenidaFr\\\/\",\"https:\\\/\\\/www.instagram.com\\\/nusapenidafr\\\/\"]}]}<\/script>\n<!-- \/ Yoast SEO Premium plugin. -->","yoast_head_json":{"title":"Immersione a Amok, Nusa Penida","description":"Diving Amok is technical but also very intense. You will love its incredible colors and the diversity of its fauna. To dive and dive again.","robots":{"index":"index","follow":"follow","max-snippet":"max-snippet:-1","max-image-preview":"max-image-preview:large","max-video-preview":"max-video-preview:-1"},"canonical":"https:\/\/nusapenida.org\/it\/immersioni-nusa-penida-bali\/20-best-dive-sites-bali-nusa-penida\/diving-amok","og_locale":"it_IT","og_type":"article","og_title":"[:en]Diving Amok, Nusa Penida[:it]Immersione a Amok, Nusa Penida[:id]Diving Amok, Nusa Penida[:]","og_description":"Diving Amok is technical but also very intense. You will love its incredible colors and the diversity of its fauna. To dive and dive again.","og_url":"https:\/\/nusapenida.org\/it\/immersioni-nusa-penida-bali\/20-best-dive-sites-bali-nusa-penida\/diving-amok\/","og_site_name":"Nusa Penida","article_publisher":"https:\/\/www.facebook.com\/NusaPenidaFr\/","article_modified_time":"2026-02-14T02:12:38+00:00","og_image":[{"width":1024,"height":576,"url":"https:\/\/nusapenida.org\/wp-content\/uploads\/2022\/02\/Diving-Amok-Nusa-Penida-Bali.jpg","type":"image\/jpeg"}],"twitter_card":"summary_large_image","twitter_misc":{"Tempo di lettura stimato":"7 minuti"},"schema":{"@context":"https:\/\/schema.org","@graph":[{"@type":"WebPage","@id":"https:\/\/nusapenida.org\/bali-nusa-penida-diving-guide\/20-best-dive-sites-bali-nusa-penida\/diving-amok\/","url":"https:\/\/nusapenida.org\/bali-nusa-penida-diving-guide\/20-best-dive-sites-bali-nusa-penida\/diving-amok\/","name":"Immersione a Amok, Nusa Penida","isPartOf":{"@id":"https:\/\/nusapenida.org\/#website"},"primaryImageOfPage":{"@id":"https:\/\/nusapenida.org\/bali-nusa-penida-diving-guide\/20-best-dive-sites-bali-nusa-penida\/diving-amok\/#primaryimage"},"image":{"@id":"https:\/\/nusapenida.org\/bali-nusa-penida-diving-guide\/20-best-dive-sites-bali-nusa-penida\/diving-amok\/#primaryimage"},"thumbnailUrl":"https:\/\/nusapenida.org\/wp-content\/uploads\/2022\/02\/Diving-Amok-Nusa-Penida-Bali.jpg","datePublished":"2022-02-07T13:43:09+00:00","dateModified":"2026-02-14T02:12:38+00:00","description":"Diving Amok is technical but also very intense. You will love its incredible colors and the diversity of its fauna. To dive and dive again.","breadcrumb":{"@id":"https:\/\/nusapenida.org\/bali-nusa-penida-diving-guide\/20-best-dive-sites-bali-nusa-penida\/diving-amok\/#breadcrumb"},"inLanguage":"it-IT","potentialAction":[{"@type":"ReadAction","target":["https:\/\/nusapenida.org\/bali-nusa-penida-diving-guide\/20-best-dive-sites-bali-nusa-penida\/diving-amok\/"]}]},{"@type":"ImageObject","inLanguage":"it-IT","@id":"https:\/\/nusapenida.org\/bali-nusa-penida-diving-guide\/20-best-dive-sites-bali-nusa-penida\/diving-amok\/#primaryimage","url":"https:\/\/nusapenida.org\/wp-content\/uploads\/2022\/02\/Diving-Amok-Nusa-Penida-Bali.jpg","contentUrl":"https:\/\/nusapenida.org\/wp-content\/uploads\/2022\/02\/Diving-Amok-Nusa-Penida-Bali.jpg","width":1024,"height":576,"caption":"Diving Amok Nusa Penida Bali"},{"@type":"BreadcrumbList","@id":"https:\/\/nusapenida.org\/bali-nusa-penida-diving-guide\/20-best-dive-sites-bali-nusa-penida\/diving-amok\/#breadcrumb","itemListElement":[{"@type":"ListItem","position":1,"name":"Home","item":"https:\/\/nusapenida.org\/"},{"@type":"ListItem","position":2,"name":"Nusa Penida Diving : Our Ultimate Guide for 2026","item":"https:\/\/nusapenida.org\/bali-nusa-penida-diving-guide\/"},{"@type":"ListItem","position":3,"name":"20 Top Dive Sites in Bali (Including Nusa Penida)","item":"https:\/\/nusapenida.org\/bali-nusa-penida-diving-guide\/20-best-dive-sites-bali-nusa-penida\/"},{"@type":"ListItem","position":4,"name":"Diving Amok, Nusa Penida"}]},{"@type":"WebSite","@id":"https:\/\/nusapenida.org\/#website","url":"https:\/\/nusapenida.org\/","name":"Nusa Penida","description":"","publisher":{"@id":"https:\/\/nusapenida.org\/#organization"},"potentialAction":[{"@type":"SearchAction","target":{"@type":"EntryPoint","urlTemplate":"https:\/\/nusapenida.org\/?s={search_term_string}"},"query-input":{"@type":"PropertyValueSpecification","valueRequired":true,"valueName":"search_term_string"}}],"inLanguage":"it-IT"},{"@type":"Organization","@id":"https:\/\/nusapenida.org\/#organization","name":"Nusa Penida Experience","url":"https:\/\/nusapenida.org\/","logo":{"@type":"ImageObject","inLanguage":"it-IT","@id":"https:\/\/nusapenida.org\/#\/schema\/logo\/image\/","url":"https:\/\/nusapenida.org\/wp-content\/uploads\/2018\/06\/Kelingking-Blaise-2.jpg","contentUrl":"https:\/\/nusapenida.org\/wp-content\/uploads\/2018\/06\/Kelingking-Blaise-2.jpg","width":500,"height":500,"caption":"Nusa Penida Experience"},"image":{"@id":"https:\/\/nusapenida.org\/#\/schema\/logo\/image\/"},"sameAs":["https:\/\/www.facebook.com\/NusaPenidaFr\/","https:\/\/www.instagram.com\/nusapenidafr\/"]}]}},"_links":{"self":[{"href":"https:\/\/nusapenida.org\/it\/wp-json\/wp\/v2\/pages\/3437","targetHints":{"allow":["GET"]}}],"collection":[{"href":"https:\/\/nusapenida.org\/it\/wp-json\/wp\/v2\/pages"}],"about":[{"href":"https:\/\/nusapenida.org\/it\/wp-json\/wp\/v2\/types\/page"}],"author":[{"embeddable":true,"href":"https:\/\/nusapenida.org\/it\/wp-json\/wp\/v2\/users\/2"}],"replies":[{"embeddable":true,"href":"https:\/\/nusapenida.org\/it\/wp-json\/wp\/v2\/comments?post=3437"}],"version-history":[{"count":4,"href":"https:\/\/nusapenida.org\/it\/wp-json\/wp\/v2\/pages\/3437\/revisions"}],"predecessor-version":[{"id":6649,"href":"https:\/\/nusapenida.org\/it\/wp-json\/wp\/v2\/pages\/3437\/revisions\/6649"}],"up":[{"embeddable":true,"href":"https:\/\/nusapenida.org\/it\/wp-json\/wp\/v2\/pages\/3353"}],"wp:featuredmedia":[{"embeddable":true,"href":"https:\/\/nusapenida.org\/it\/wp-json\/wp\/v2\/media\/3440"}],"wp:attachment":[{"href":"https:\/\/nusapenida.org\/it\/wp-json\/wp\/v2\/media?parent=3437"}],"curies":[{"name":"wp","href":"https:\/\/api.w.org\/{rel}","templated":true}]}}