{"id":3430,"date":"2022-02-07T04:52:57","date_gmt":"2022-02-07T03:52:57","guid":{"rendered":"https:\/\/nusapenida.org\/?page_id=3430"},"modified":"2026-02-14T09:51:45","modified_gmt":"2026-02-14T01:51:45","slug":"diving-blue-corner-nusa-lembongan","status":"publish","type":"page","link":"https:\/\/nusapenida.org\/it\/immersioni-nusa-penida-bali\/20-best-dive-sites-bali-nusa-penida\/diving-blue-corner-nusa-lembongan","title":{"rendered":"Immersioni a Blue Corner, Nusa Lembongan"},"content":{"rendered":"\n<h2 class=\"wp-block-heading\" id=\"h-sito-d-immersione-blue-corner-a-nusa-lembogan\">Sito d&#8217;immersione Blue Corner a Nusa Lembogan<\/h2>\n\n\n\n<p>Diving blu L&#8217;angolo \u00e8 sul <strong>lista dei desideri<\/strong> di molti sub in tutto il mondo. Perch\u00e9 \u00e8 un <a href=\"https:\/\/nusapenida.org\/bali-nusa-penida-diving-guide\/20-best-dive-sites-bali-nusa-penida\/\">grande sito di immersione in Bali<\/a> e perch\u00e9 hai buone possibilit\u00e0 di incontrare qui <a href=\"https:\/\/nusapenida.org\/bali-nusa-penida-diving-guide\/mola-mola-ocean-sunfish\/\"><strong>Mola Mola<\/strong><\/a>. Blue Corner sito di immersione si trova alla fine di Nusa Lembongan, la lunga isola sottile a nord ovest di Nusa Penida. Vicino a <a href=\"https:\/\/nusapenida.org\/bali\/nusa-lembongan\/\">Nusa Lembogan<\/a> zona di surf, a volte si possono vedere i surfisti locali godendo loro gite.<\/p>\n\n\n\n<p>Traduzione:<img decoding=\"async\" class=\"size-full wp-image-2987\" src=\"https:\/\/nusapenida.org\/wp-content\/uploads\/2020\/11\/Mola-Mola-ikan-di-Nusa-Penida-Bali.jpg\" alt=\"Front view of a sunfish in nusa penida bali\" width=\"1000\" height=\"668\" srcset=\"https:\/\/nusapenida.org\/wp-content\/uploads\/2020\/11\/Mola-Mola-ikan-di-Nusa-Penida-Bali.jpg 1000w, https:\/\/nusapenida.org\/wp-content\/uploads\/2020\/11\/Mola-Mola-ikan-di-Nusa-Penida-Bali-300x200.jpg 300w, https:\/\/nusapenida.org\/wp-content\/uploads\/2020\/11\/Mola-Mola-ikan-di-Nusa-Penida-Bali-768x513.jpg 768w\" sizes=\"(max-width: 1000px) 100vw, 1000px\" \/> Mola Mola[\/caption]<\/p>\n\n\n\n<h3 class=\"wp-block-heading\" id=\"h-diving-blue-corner\">Diving Blue Corner<\/h3>\n\n\n\n<p>Da <a href=\"https:\/\/nusapenida.org\/bali\/nusa-penida\/toyapakeh-harbour\/\">Toyapakeh<\/a>, abbiamo bisogno di circa 15 minuti di navigazione per raggiungere Nusa Lembongan e la crociera lungo la <a href=\"https:\/\/nusapenida.org\/bali-nusa-penida-diving-guide\/20-best-dive-sites-bali-nusa-penida\/diving-mangrove-nusa-lembongan\/\">Mangrove<\/a> foresta. Siamo un po&#8217; pi\u00f9 lontani <strong>fuori dalla riva<\/strong> Di solito. Ci sono diversi modi per immergere Blue Corner. La prima opzione \u00e8 quella di andare lungo il muro che ci d\u00e0 un punto di riferimento da seguire. La seconda opzione, e lo amiamo, \u00e8 quella di <strong># And down in the blue #<\/strong>, con una bussola come il nostro unico strumento di orientamento.<\/p>\n\n\n\n<p>Possiamo gi\u00e0 individuare alcuni <strong>raggi di marmo<\/strong>, mirando allo stesso obiettivo di noi. Quel bersaglio e&#8217; una massiccia roccia angolata, l&#8217;angolo, <strong>ingresso del sito di immersione<\/strong>.<\/p>\n\n\n\n<p>Poi raggiungiamo una parete impressionante <strong>pieno di vita<\/strong>, molti urti dove morray e grandi aragoste sono presenti. Quei urti sono anche sopraffatti da varie specie di <a href=\"https:\/\/nusapenida.org\/bali-nusa-penida-diving-guide\/nudibranchs-in-bali\/\">nudibranchs<\/a> come cromodori, flabellina &#038; nembrotha. Con un po&#8217; di fortuna, splendidi appassionati di mare giganti offre la possibilit\u00e0 di guardare <strong>cavallucci di mare pigmi<\/strong>.<\/p>\n\n\n\n<figure class=\"wp-block-image alignnone size-full wp-image-3418\"><img decoding=\"async\" width=\"642\" height=\"1024\" src=\"https:\/\/nusapenida.org\/wp-content\/uploads\/2022\/02\/pygmy-seahorse.jpg\" alt=\"pygmy seahorse in NUsa Penida Bali Buyuk\" class=\"wp-image-3418\" srcset=\"https:\/\/nusapenida.org\/wp-content\/uploads\/2022\/02\/pygmy-seahorse.jpg 642w, https:\/\/nusapenida.org\/wp-content\/uploads\/2022\/02\/pygmy-seahorse-188x300.jpg 188w\" sizes=\"(max-width: 642px) 100vw, 642px\" \/><figcaption class=\"wp-element-caption\">Cavallo marino pigro<\/figcaption><\/figure>\n\n\n\n<h3 class=\"wp-block-heading\" id=\"h-nel-blu-a-blue-corner\">Nel blu a Blue Corner<\/h3>\n\n\n\n<p>Ancora una volta, rimaniamo concentrati <strong>in direzione del blu<\/strong>. E cerchiamo termocline, queste enormi quantit\u00e0 di acqua a temperatura diversa che non si mescolano a vicenda. Creano diversi laici d&#8217;acqua con un ecosistema che sembra sempre diverso.<\/p>\n\n\n\n<p>Acqua fredda cristallina circonda il sito e offre un parco giochi specifico per <strong>grande pesce pelagico<\/strong> : squali, raggi di aquila macchiati. Tutti godono della corrente. E se seguiamo il pesce bandiera blu, la nostra cara Mola Mola apparir\u00e0 come per magia. Seguiremo poi su un grande altopiano per terminare l&#8217;immersione, dove bianco <strong>squali della barriera<\/strong> si nascondono sotto coralli da tavolo solidi. Inoltre, le tartarughe sono semplicemente crociera pacificamente su questo plateau. Per saperne di pi\u00f9 sulla fauna marina a Bali \u00e8 possibile leggere questo<a href=\"https:\/\/nusapenida.org\/bali-nusa-penida-diving-guide\/\">guida delle immersioni Nusa Penida<\/a>.<\/p>\n\n\n\n<p>Se l&#8217;immersione Blue Corner richiede buone abilit\u00e0 di immersione &#038; esperienza, avremo sempre <strong>nuova storia da raccontare<\/strong>. Questo rende questo sito di immersione assolutamente unico, diverso da qualsiasi altro.<\/p>\n\n\n\n<h2 class=\"wp-block-heading\" id=\"h-parole-dei-nostri-ospiti-immersioni-blue-corner\">Parole dei nostri ospiti immersioni Blue Corner<\/h2>\n\n\n\n<h4 class=\"wp-block-heading\" id=\"h-agnes-settembre-2018\">Agnes, settembre 2018<\/h4>\n\n\n\n<p>Ho avuto la possibilit\u00e0 di immergere l&#8217;angolo blu per la prima volta durante il mio corso Rescue Diver con Warnakali. Avevo sentito molto di questo <strong>mitico sito di immersione<\/strong> di Nusa Penida. Chiaramente non vedevo l\u2019ora di scoprire perch\u00e9 \u00e8 cos\u00ec famosa.<\/p>\n\n\n\n<p>Ovviamente il corso di soccorso \u00e8 intenso. Impara un sacco di abilit\u00e0 e devi mostrare durante le due immersioni finali che puoi usarle. Con il mio amico, siamo stati super concentrati su come \u00ab salvare \u00bb il nostro istruttore. Ma non potevamo aiutare a guardare tutto intorno al blu specifico che ci circonda. L&#8217;acqua era piuttosto fredda e abbiamo raggiunto la termoclina, dove alcuni striscioni sembravano <strong>mostrarci la via<\/strong>.<\/p>\n\n\n\n<p>Abbiamo preso una pausa nel corso per alcuni minuti: era una <strong>Mola Mola davanti a noi<\/strong>, immobile, di fronte alla corrente. Abbiamo avuto la possibilit\u00e0 di ammirarlo per alcuni minuti prima che tornasse all&#8217;acqua profonda.<\/p>\n\n\n\n<p>E solo allora abbiamo completato la nostra immersione di salvataggio!<\/p>\n\n\n\n<figure class=\"wp-block-image alignnone size-full wp-image-3431\"><img decoding=\"async\" width=\"1024\" height=\"566\" src=\"https:\/\/nusapenida.org\/wp-content\/uploads\/2022\/02\/turtle-blue-corner-nusa-lembongan.jpg\" alt=\"turtle blue corner nusa lembongan\" class=\"wp-image-3431\" srcset=\"https:\/\/nusapenida.org\/wp-content\/uploads\/2022\/02\/turtle-blue-corner-nusa-lembongan.jpg 1024w, https:\/\/nusapenida.org\/wp-content\/uploads\/2022\/02\/turtle-blue-corner-nusa-lembongan-300x166.jpg 300w, https:\/\/nusapenida.org\/wp-content\/uploads\/2022\/02\/turtle-blue-corner-nusa-lembongan-768x425.jpg 768w\" sizes=\"(max-width: 1024px) 100vw, 1024px\" \/><figcaption class=\"wp-element-caption\">tartaruga blu angolo nusa lembongan<\/figcaption><\/figure>\n\n\n\n<h4 class=\"wp-block-heading\" id=\"h-marc-ottobre-2019\">Marc, ottobre 2019<\/h4>\n\n\n\n<p>Non vedevo l&#8217;ora di immergermi in Blue Corner. \u00c8 con un mix di eccitazione, un po&#8217; di apprensione, ma soprattutto un <strong>desiderio travolgente<\/strong> che quel giorno vengo a bordo della barca subacquea. Finalmente, stavo per immergermi. <strong>leggendario sito di immersione<\/strong>.<\/p>\n\n\n\n<p>Saltiamo nell&#8217;acqua, e subito sono colpito da quanto grande questo sito \u00e8. Andiamo alla deriva con la corrente, lungo la barriera corallina. Devo ammettere che sono molto pi\u00f9 concentrato sulla fauna che sulla flora, pronto a individuare le grandi specie di pesci che vivono qui.<\/p>\n\n\n\n<p>Non era inutile, ecco che arriva <strong>due Mola Mola<\/strong> da acqua profonda. Non sono timidi e possiamo ammirarli per un po&#8217;, mantenendo sempre buone distanze, non spaventarli. La corrente sta entrando e diventa pi\u00f9 forte, ma ci stiamo nascondendo tranquillamente dietro una massiccia roccia. Questa posizione davvero strategica ci permette di guardare lo spettacolo, impressionante scuole di pesce viene intorno da migliaia di loro.<\/p>\n\n\n\n<p>Poi, quando saliamo e arriviamo sull&#8217;altopiano, abbiamo avuto la possibilit\u00e0 di individuare alcuni <strong>squali di barriera<\/strong> e tartarughe. Stiamo facendo la nostra fermata di sicurezza alla deriva sulla cima di questo altopiano pieno di vita. Era un&#8217;immersione meravigliosa, <strong>molto oltre le mie aspettative<\/strong>Mi sono incisa la memoria. Sono cos\u00ec felice di aver finalmente immerso un sito di immersione cos\u00ec impegnativo e famoso.<\/p>\n\n\n\n<p>Assolutamente delizioso!<\/p>\n\n\n\n<h2 class=\"wp-block-heading\" id=\"h-le-caratteristiche-del-sito-di-immersione-ad-angolo-blu\">Le caratteristiche del sito di immersione ad angolo blu<\/h2>\n\n\n\n<p>Tipo di immersione: Drift, fotografia, biologia marina, formazione, tecnica, profonda<\/p>\n\n\n\n<p>Profondit\u00e0: da 10 a 40 metri<\/p>\n\n\n\n<p>Livello richiesto: per subacquei certificati<\/p>\n\n\n\n<p>Visibilit\u00e0: 10-30 metri<\/p>\n\n\n\n<p>Corrente: da moderato a forte<\/p>\n\n\n\n<p>Accesso: 15 minuti di navigazione<\/p>\n\n\n\n<p>Temperature: da 18 a 30 \u00b0<\/p>\n\n\n\n<p>Fauna e Flora: Mola Mola, Ray, tartaruga, squalo, murena, macro&#8230;<\/p>\n\n\n\n<p>Miglior tempo: Tutto l&#8217;anno<\/p>\n","protected":false},"excerpt":{"rendered":"<p>Sito d&#8217;immersione Blue Corner a Nusa Lembogan Diving blu L&#8217;angolo \u00e8 sul lista dei desideri di molti sub in tutto [&hellip;]<\/p>\n","protected":false},"author":2,"featured_media":2985,"parent":3353,"menu_order":5,"comment_status":"open","ping_status":"closed","template":"","meta":{"site-sidebar-layout":"default","site-content-layout":"","ast-site-content-layout":"default","site-content-style":"default","site-sidebar-style":"default","ast-global-header-display":"","ast-banner-title-visibility":"","ast-main-header-display":"","ast-hfb-above-header-display":"","ast-hfb-below-header-display":"","ast-hfb-mobile-header-display":"","site-post-title":"","ast-breadcrumbs-content":"","ast-featured-img":"","footer-sml-layout":"","ast-disable-related-posts":"","theme-transparent-header-meta":"","adv-header-id-meta":"","stick-header-meta":"","header-above-stick-meta":"","header-main-stick-meta":"","header-below-stick-meta":"","astra-migrate-meta-layouts":"default","ast-page-background-enabled":"default","ast-page-background-meta":{"desktop":{"background-color":"var(--ast-global-color-4)","background-image":"","background-repeat":"repeat","background-position":"center center","background-size":"auto","background-attachment":"scroll","background-type":"","background-media":"","overlay-type":"","overlay-color":"","overlay-opacity":"","overlay-gradient":""},"tablet":{"background-color":"","background-image":"","background-repeat":"repeat","background-position":"center center","background-size":"auto","background-attachment":"scroll","background-type":"","background-media":"","overlay-type":"","overlay-color":"","overlay-opacity":"","overlay-gradient":""},"mobile":{"background-color":"","background-image":"","background-repeat":"repeat","background-position":"center center","background-size":"auto","background-attachment":"scroll","background-type":"","background-media":"","overlay-type":"","overlay-color":"","overlay-opacity":"","overlay-gradient":""}},"ast-content-background-meta":{"desktop":{"background-color":"var(--ast-global-color-5)","background-image":"","background-repeat":"repeat","background-position":"center center","background-size":"auto","background-attachment":"scroll","background-type":"","background-media":"","overlay-type":"","overlay-color":"","overlay-opacity":"","overlay-gradient":""},"tablet":{"background-color":"var(--ast-global-color-5)","background-image":"","background-repeat":"repeat","background-position":"center center","background-size":"auto","background-attachment":"scroll","background-type":"","background-media":"","overlay-type":"","overlay-color":"","overlay-opacity":"","overlay-gradient":""},"mobile":{"background-color":"var(--ast-global-color-5)","background-image":"","background-repeat":"repeat","background-position":"center center","background-size":"auto","background-attachment":"scroll","background-type":"","background-media":"","overlay-type":"","overlay-color":"","overlay-opacity":"","overlay-gradient":""}},"footnotes":""},"class_list":["post-3430","page","type-page","status-publish","has-post-thumbnail","hentry"],"yoast_head":"<!-- This site is optimized with the Yoast SEO Premium plugin v26.7 (Yoast SEO v27.4) - https:\/\/yoast.com\/product\/yoast-seo-premium-wordpress\/ -->\n<title>Immersioni a Blue Corner, Nusa Lembongan<\/title>\n<meta name=\"description\" content=\"Blue Corner Nusa Lembongan diving guide: strong currents, reef sharks, Mola Mola , depth, and what to expect at this iconic Bali dive site.\" \/>\n<meta name=\"robots\" content=\"index, follow, max-snippet:-1, max-image-preview:large, max-video-preview:-1\" \/>\n<link rel=\"canonical\" href=\"https:\/\/nusapenida.org\/it\/immersioni-nusa-penida-bali\/20-best-dive-sites-bali-nusa-penida\/diving-blue-corner-nusa-lembongan\" \/>\n<meta property=\"og:locale\" content=\"it_IT\" \/>\n<meta property=\"og:locale:alternate\" content=\"en_US\" \/>\n<meta property=\"og:locale:alternate\" content=\"fr_FR\" \/>\n<meta property=\"og:locale:alternate\" content=\"id_ID\" \/>\n<meta property=\"og:locale:alternate\" content=\"de_DE\" \/>\n<meta property=\"og:locale:alternate\" content=\"es-es\" \/>\n<meta property=\"og:type\" content=\"article\" \/>\n<meta property=\"og:title\" content=\"Immersioni a Blue Corner, Nusa Lembongan\" \/>\n<meta property=\"og:description\" content=\"Blue Corner Nusa Lembongan diving guide: strong currents, reef sharks, Mola Mola , depth, and what to expect at this iconic Bali dive site.\" \/>\n<meta property=\"og:url\" content=\"https:\/\/nusapenida.org\/it\/immersioni-nusa-penida-bali\/20-best-dive-sites-bali-nusa-penida\/diving-blue-corner-nusa-lembongan\/\" \/>\n<meta property=\"og:site_name\" content=\"Nusa Penida\" \/>\n<meta property=\"article:publisher\" content=\"https:\/\/www.facebook.com\/NusaPenidaFr\/\" \/>\n<meta property=\"article:modified_time\" content=\"2026-02-14T01:51:45+00:00\" \/>\n<meta property=\"og:image\" content=\"https:\/\/nusapenida.org\/wp-content\/uploads\/2020\/11\/Mola-Mola-Laut-ikan-matahari-Nusa-Penida-Bali.jpg\" \/>\n\t<meta property=\"og:image:width\" content=\"1280\" \/>\n\t<meta property=\"og:image:height\" content=\"960\" \/>\n\t<meta property=\"og:image:type\" content=\"image\/jpeg\" \/>\n<meta name=\"twitter:card\" content=\"summary_large_image\" \/>\n<meta name=\"twitter:label1\" content=\"Tempo di lettura stimato\" \/>\n\t<meta name=\"twitter:data1\" content=\"6 minuti\" \/>\n<script type=\"application\/ld+json\" class=\"yoast-schema-graph\">{\"@context\":\"https:\\\/\\\/schema.org\",\"@graph\":[{\"@type\":\"WebPage\",\"@id\":\"https:\\\/\\\/nusapenida.org\\\/de\\\/bali-nusa-penida-diving-guide\\\/20-best-dive-sites-bali-nusa-penida\\\/diving-blue-corner-nusa-lembongan\\\/\",\"url\":\"https:\\\/\\\/nusapenida.org\\\/de\\\/bali-nusa-penida-diving-guide\\\/20-best-dive-sites-bali-nusa-penida\\\/diving-blue-corner-nusa-lembongan\\\/\",\"name\":\"Immersioni a Blue Corner, Nusa Lembongan\",\"isPartOf\":{\"@id\":\"https:\\\/\\\/nusapenida.org\\\/#website\"},\"primaryImageOfPage\":{\"@id\":\"https:\\\/\\\/nusapenida.org\\\/de\\\/bali-nusa-penida-diving-guide\\\/20-best-dive-sites-bali-nusa-penida\\\/diving-blue-corner-nusa-lembongan\\\/#primaryimage\"},\"image\":{\"@id\":\"https:\\\/\\\/nusapenida.org\\\/de\\\/bali-nusa-penida-diving-guide\\\/20-best-dive-sites-bali-nusa-penida\\\/diving-blue-corner-nusa-lembongan\\\/#primaryimage\"},\"thumbnailUrl\":\"https:\\\/\\\/nusapenida.org\\\/wp-content\\\/uploads\\\/2020\\\/11\\\/Mola-Mola-Laut-ikan-matahari-Nusa-Penida-Bali.jpg\",\"datePublished\":\"2022-02-07T03:52:57+00:00\",\"dateModified\":\"2026-02-14T01:51:45+00:00\",\"description\":\"Blue Corner Nusa Lembongan diving guide: strong currents, reef sharks, Mola Mola , depth, and what to expect at this iconic Bali dive site.\",\"breadcrumb\":{\"@id\":\"https:\\\/\\\/nusapenida.org\\\/de\\\/bali-nusa-penida-diving-guide\\\/20-best-dive-sites-bali-nusa-penida\\\/diving-blue-corner-nusa-lembongan\\\/#breadcrumb\"},\"inLanguage\":\"it-IT\",\"potentialAction\":[{\"@type\":\"ReadAction\",\"target\":[\"https:\\\/\\\/nusapenida.org\\\/de\\\/bali-nusa-penida-diving-guide\\\/20-best-dive-sites-bali-nusa-penida\\\/diving-blue-corner-nusa-lembongan\\\/\"]}]},{\"@type\":\"ImageObject\",\"inLanguage\":\"it-IT\",\"@id\":\"https:\\\/\\\/nusapenida.org\\\/de\\\/bali-nusa-penida-diving-guide\\\/20-best-dive-sites-bali-nusa-penida\\\/diving-blue-corner-nusa-lembongan\\\/#primaryimage\",\"url\":\"https:\\\/\\\/nusapenida.org\\\/wp-content\\\/uploads\\\/2020\\\/11\\\/Mola-Mola-Laut-ikan-matahari-Nusa-Penida-Bali.jpg\",\"contentUrl\":\"https:\\\/\\\/nusapenida.org\\\/wp-content\\\/uploads\\\/2020\\\/11\\\/Mola-Mola-Laut-ikan-matahari-Nusa-Penida-Bali.jpg\",\"width\":1280,\"height\":960,\"caption\":\"Mola Mola\"},{\"@type\":\"BreadcrumbList\",\"@id\":\"https:\\\/\\\/nusapenida.org\\\/de\\\/bali-nusa-penida-diving-guide\\\/20-best-dive-sites-bali-nusa-penida\\\/diving-blue-corner-nusa-lembongan\\\/#breadcrumb\",\"itemListElement\":[{\"@type\":\"ListItem\",\"position\":1,\"name\":\"Home\",\"item\":\"https:\\\/\\\/nusapenida.org\\\/\"},{\"@type\":\"ListItem\",\"position\":2,\"name\":\"Tauchen auf Bali &#038; Nusa Penida (2026): Mantas, Mola Mola &#038; beste Tauchpl\u00e4tze\",\"item\":\"https:\\\/\\\/nusapenida.org\\\/de\\\/bali-nusa-penida-diving-guide\\\/\"},{\"@type\":\"ListItem\",\"position\":3,\"name\":\"20 Top Dive Sites in Bali (Including Nusa Penida)\",\"item\":\"https:\\\/\\\/nusapenida.org\\\/de\\\/bali-nusa-penida-diving-guide\\\/20-best-dive-sites-bali-nusa-penida\\\/\"},{\"@type\":\"ListItem\",\"position\":4,\"name\":\"Diving Blue Corner, Nusa Lembongan, Mola Mola &#038; Drift Diving Guide\"}]},{\"@type\":\"WebSite\",\"@id\":\"https:\\\/\\\/nusapenida.org\\\/#website\",\"url\":\"https:\\\/\\\/nusapenida.org\\\/\",\"name\":\"Nusa Penida\",\"description\":\"\",\"publisher\":{\"@id\":\"https:\\\/\\\/nusapenida.org\\\/#organization\"},\"potentialAction\":[{\"@type\":\"SearchAction\",\"target\":{\"@type\":\"EntryPoint\",\"urlTemplate\":\"https:\\\/\\\/nusapenida.org\\\/?s={search_term_string}\"},\"query-input\":{\"@type\":\"PropertyValueSpecification\",\"valueRequired\":true,\"valueName\":\"search_term_string\"}}],\"inLanguage\":\"it-IT\"},{\"@type\":\"Organization\",\"@id\":\"https:\\\/\\\/nusapenida.org\\\/#organization\",\"name\":\"Nusa Penida Experience\",\"url\":\"https:\\\/\\\/nusapenida.org\\\/\",\"logo\":{\"@type\":\"ImageObject\",\"inLanguage\":\"it-IT\",\"@id\":\"https:\\\/\\\/nusapenida.org\\\/#\\\/schema\\\/logo\\\/image\\\/\",\"url\":\"https:\\\/\\\/nusapenida.org\\\/wp-content\\\/uploads\\\/2018\\\/06\\\/Kelingking-Blaise-2.jpg\",\"contentUrl\":\"https:\\\/\\\/nusapenida.org\\\/wp-content\\\/uploads\\\/2018\\\/06\\\/Kelingking-Blaise-2.jpg\",\"width\":500,\"height\":500,\"caption\":\"Nusa Penida Experience\"},\"image\":{\"@id\":\"https:\\\/\\\/nusapenida.org\\\/#\\\/schema\\\/logo\\\/image\\\/\"},\"sameAs\":[\"https:\\\/\\\/www.facebook.com\\\/NusaPenidaFr\\\/\",\"https:\\\/\\\/www.instagram.com\\\/nusapenidafr\\\/\"]}]}<\/script>\n<!-- \/ Yoast SEO Premium plugin. -->","yoast_head_json":{"title":"Immersioni a Blue Corner, Nusa Lembongan","description":"Blue Corner Nusa Lembongan diving guide: strong currents, reef sharks, Mola Mola , depth, and what to expect at this iconic Bali dive site.","robots":{"index":"index","follow":"follow","max-snippet":"max-snippet:-1","max-image-preview":"max-image-preview:large","max-video-preview":"max-video-preview:-1"},"canonical":"https:\/\/nusapenida.org\/it\/immersioni-nusa-penida-bali\/20-best-dive-sites-bali-nusa-penida\/diving-blue-corner-nusa-lembongan","og_locale":"it_IT","og_type":"article","og_title":"[:en]Diving Blue Corner, Nusa Lembongan, Mola Mola &amp; Drift Diving Guide[:it]Immersioni a Blue Corner, Nusa Lembongan[:]","og_description":"[:en]Blue Corner Nusa Lembongan diving guide: strong currents, reef sharks, Mola Mola , depth, and what to expect at this iconic Bali dive site.[:]","og_url":"https:\/\/nusapenida.org\/it\/immersioni-nusa-penida-bali\/20-best-dive-sites-bali-nusa-penida\/diving-blue-corner-nusa-lembongan\/","og_site_name":"Nusa Penida","article_publisher":"https:\/\/www.facebook.com\/NusaPenidaFr\/","article_modified_time":"2026-02-14T01:51:45+00:00","og_image":[{"width":1280,"height":960,"url":"https:\/\/nusapenida.org\/wp-content\/uploads\/2020\/11\/Mola-Mola-Laut-ikan-matahari-Nusa-Penida-Bali.jpg","type":"image\/jpeg"}],"twitter_card":"summary_large_image","twitter_misc":{"Tempo di lettura stimato":"6 minuti"},"schema":{"@context":"https:\/\/schema.org","@graph":[{"@type":"WebPage","@id":"https:\/\/nusapenida.org\/de\/bali-nusa-penida-diving-guide\/20-best-dive-sites-bali-nusa-penida\/diving-blue-corner-nusa-lembongan\/","url":"https:\/\/nusapenida.org\/de\/bali-nusa-penida-diving-guide\/20-best-dive-sites-bali-nusa-penida\/diving-blue-corner-nusa-lembongan\/","name":"Immersioni a Blue Corner, Nusa Lembongan","isPartOf":{"@id":"https:\/\/nusapenida.org\/#website"},"primaryImageOfPage":{"@id":"https:\/\/nusapenida.org\/de\/bali-nusa-penida-diving-guide\/20-best-dive-sites-bali-nusa-penida\/diving-blue-corner-nusa-lembongan\/#primaryimage"},"image":{"@id":"https:\/\/nusapenida.org\/de\/bali-nusa-penida-diving-guide\/20-best-dive-sites-bali-nusa-penida\/diving-blue-corner-nusa-lembongan\/#primaryimage"},"thumbnailUrl":"https:\/\/nusapenida.org\/wp-content\/uploads\/2020\/11\/Mola-Mola-Laut-ikan-matahari-Nusa-Penida-Bali.jpg","datePublished":"2022-02-07T03:52:57+00:00","dateModified":"2026-02-14T01:51:45+00:00","description":"Blue Corner Nusa Lembongan diving guide: strong currents, reef sharks, Mola Mola , depth, and what to expect at this iconic Bali dive site.","breadcrumb":{"@id":"https:\/\/nusapenida.org\/de\/bali-nusa-penida-diving-guide\/20-best-dive-sites-bali-nusa-penida\/diving-blue-corner-nusa-lembongan\/#breadcrumb"},"inLanguage":"it-IT","potentialAction":[{"@type":"ReadAction","target":["https:\/\/nusapenida.org\/de\/bali-nusa-penida-diving-guide\/20-best-dive-sites-bali-nusa-penida\/diving-blue-corner-nusa-lembongan\/"]}]},{"@type":"ImageObject","inLanguage":"it-IT","@id":"https:\/\/nusapenida.org\/de\/bali-nusa-penida-diving-guide\/20-best-dive-sites-bali-nusa-penida\/diving-blue-corner-nusa-lembongan\/#primaryimage","url":"https:\/\/nusapenida.org\/wp-content\/uploads\/2020\/11\/Mola-Mola-Laut-ikan-matahari-Nusa-Penida-Bali.jpg","contentUrl":"https:\/\/nusapenida.org\/wp-content\/uploads\/2020\/11\/Mola-Mola-Laut-ikan-matahari-Nusa-Penida-Bali.jpg","width":1280,"height":960,"caption":"Mola Mola"},{"@type":"BreadcrumbList","@id":"https:\/\/nusapenida.org\/de\/bali-nusa-penida-diving-guide\/20-best-dive-sites-bali-nusa-penida\/diving-blue-corner-nusa-lembongan\/#breadcrumb","itemListElement":[{"@type":"ListItem","position":1,"name":"Home","item":"https:\/\/nusapenida.org\/"},{"@type":"ListItem","position":2,"name":"Tauchen auf Bali &#038; Nusa Penida (2026): Mantas, Mola Mola &#038; beste Tauchpl\u00e4tze","item":"https:\/\/nusapenida.org\/de\/bali-nusa-penida-diving-guide\/"},{"@type":"ListItem","position":3,"name":"20 Top Dive Sites in Bali (Including Nusa Penida)","item":"https:\/\/nusapenida.org\/de\/bali-nusa-penida-diving-guide\/20-best-dive-sites-bali-nusa-penida\/"},{"@type":"ListItem","position":4,"name":"Diving Blue Corner, Nusa Lembongan, Mola Mola &#038; Drift Diving Guide"}]},{"@type":"WebSite","@id":"https:\/\/nusapenida.org\/#website","url":"https:\/\/nusapenida.org\/","name":"Nusa Penida","description":"","publisher":{"@id":"https:\/\/nusapenida.org\/#organization"},"potentialAction":[{"@type":"SearchAction","target":{"@type":"EntryPoint","urlTemplate":"https:\/\/nusapenida.org\/?s={search_term_string}"},"query-input":{"@type":"PropertyValueSpecification","valueRequired":true,"valueName":"search_term_string"}}],"inLanguage":"it-IT"},{"@type":"Organization","@id":"https:\/\/nusapenida.org\/#organization","name":"Nusa Penida Experience","url":"https:\/\/nusapenida.org\/","logo":{"@type":"ImageObject","inLanguage":"it-IT","@id":"https:\/\/nusapenida.org\/#\/schema\/logo\/image\/","url":"https:\/\/nusapenida.org\/wp-content\/uploads\/2018\/06\/Kelingking-Blaise-2.jpg","contentUrl":"https:\/\/nusapenida.org\/wp-content\/uploads\/2018\/06\/Kelingking-Blaise-2.jpg","width":500,"height":500,"caption":"Nusa Penida Experience"},"image":{"@id":"https:\/\/nusapenida.org\/#\/schema\/logo\/image\/"},"sameAs":["https:\/\/www.facebook.com\/NusaPenidaFr\/","https:\/\/www.instagram.com\/nusapenidafr\/"]}]}},"_links":{"self":[{"href":"https:\/\/nusapenida.org\/it\/wp-json\/wp\/v2\/pages\/3430","targetHints":{"allow":["GET"]}}],"collection":[{"href":"https:\/\/nusapenida.org\/it\/wp-json\/wp\/v2\/pages"}],"about":[{"href":"https:\/\/nusapenida.org\/it\/wp-json\/wp\/v2\/types\/page"}],"author":[{"embeddable":true,"href":"https:\/\/nusapenida.org\/it\/wp-json\/wp\/v2\/users\/2"}],"replies":[{"embeddable":true,"href":"https:\/\/nusapenida.org\/it\/wp-json\/wp\/v2\/comments?post=3430"}],"version-history":[{"count":7,"href":"https:\/\/nusapenida.org\/it\/wp-json\/wp\/v2\/pages\/3430\/revisions"}],"predecessor-version":[{"id":6637,"href":"https:\/\/nusapenida.org\/it\/wp-json\/wp\/v2\/pages\/3430\/revisions\/6637"}],"up":[{"embeddable":true,"href":"https:\/\/nusapenida.org\/it\/wp-json\/wp\/v2\/pages\/3353"}],"wp:featuredmedia":[{"embeddable":true,"href":"https:\/\/nusapenida.org\/it\/wp-json\/wp\/v2\/media\/2985"}],"wp:attachment":[{"href":"https:\/\/nusapenida.org\/it\/wp-json\/wp\/v2\/media?parent=3430"}],"curies":[{"name":"wp","href":"https:\/\/api.w.org\/{rel}","templated":true}]}}