{"id":3423,"date":"2022-02-06T11:29:17","date_gmt":"2022-02-06T10:29:17","guid":{"rendered":"https:\/\/nusapenida.org\/?page_id=3423"},"modified":"2026-02-14T09:56:14","modified_gmt":"2026-02-14T01:56:14","slug":"diving-gamat-bay","status":"publish","type":"page","link":"https:\/\/nusapenida.org\/it\/immersioni-nusa-penida-bali\/20-best-dive-sites-bali-nusa-penida\/diving-gamat-bay","title":{"rendered":"Immersione a Gamat Bay, Nusa Penida"},"content":{"rendered":"\n<h2 class=\"wp-block-heading\" id=\"h-immergersi-a-gamat-bay-e-come-tuffarsi-in-un-acquario\">Immergersi a Gamat Bay \u00e8 come tuffarsi in un acquario<\/h2>\n\n\n\n<p>Il sito di immersione di <strong>Gamat Bay<\/strong>, a Nusa Penida, \u00e8 caratterizzato da un ampio altopiano corallino poco profondo situato tra due promontori rocciosi, che si estende in un pendio verso il largo. Questo altopiano si trova tra i 6 e gli 8 metri di profondit\u00e0 (a volte un po\u2019 pi\u00f9 profondo con l\u2019alta marea), perfetto per le immersioni di scoperta.<\/p>\n\n\n\n<p>Alla fine della baia c\u2019\u00e8 una parete che scende fino a 40 metri, oltre la quale una distesa sabbiosa si apre verso il blu, delimitando il nostro \u201cparco giochi\u201d. Un parco giochi cos\u00ec straordinario che chiunque si immerga a Gamat Bay non pu\u00f2 che rimanerne affascinato!<\/p>\n\n\n\n<p>Ecco perch\u00e9 lo consideriamo uno dei <strong><a href=\"https:\/\/nusapenida.org\/it\/immersioni-a-bali\/20-best-dive-sites-bali-nusa-penida\/\">20 migliori siti di immersione di Bali<\/a><\/strong>.<\/p>\n\n\n\n<figure class=\"wp-block-image alignnone size-full wp-image-3426\"><img decoding=\"async\" width=\"1024\" height=\"768\" src=\"https:\/\/nusapenida.org\/wp-content\/uploads\/2022\/02\/Gamat-Bay-dive-site-Nusa-Penida-Bali-low-tide.jpg\" alt=\"Gamat Bay dive site Nusa Penida Bali low tide\" class=\"wp-image-3426\" srcset=\"https:\/\/nusapenida.org\/wp-content\/uploads\/2022\/02\/Gamat-Bay-dive-site-Nusa-Penida-Bali-low-tide.jpg 1024w, https:\/\/nusapenida.org\/wp-content\/uploads\/2022\/02\/Gamat-Bay-dive-site-Nusa-Penida-Bali-low-tide-300x225.jpg 300w, https:\/\/nusapenida.org\/wp-content\/uploads\/2022\/02\/Gamat-Bay-dive-site-Nusa-Penida-Bali-low-tide-768x576.jpg 768w, https:\/\/nusapenida.org\/wp-content\/uploads\/2022\/02\/Gamat-Bay-dive-site-Nusa-Penida-Bali-low-tide-800x600.jpg 800w\" sizes=\"(max-width: 1024px) 100vw, 1024px\" \/><figcaption class=\"wp-element-caption\">Gamat Bay sito di immersione<\/figcaption><\/figure>\n\n\n\n<p>L\u2019idea qui \u00e8 di lasciarsi trasportare dalla corrente lungo la barriera corallina. La topografia del sito, caratterizzata da splendide strutture coralline, contribuisce al fascino e alla bellezza di questa immersione. A volte impegnativo, questo spot offre un\u2019esperienza unica e ricchissima di flora e fauna subacquee.<\/p>\n\n\n\n<p>Dal pi\u00f9 piccolo al pi\u00f9 grande, \u00e8 possibile osservare frequentemente numerose specie: <a href=\"https:\/\/nusapenida.org\/it\/immersioni-a-bali\/nudibranchs-in-bali\/\">nudibranchi<\/a>, tartarughe, murene, banchi di pesci pipistrello, trigoni marmorizzati e, con un po\u2019 di fortuna, anche il maestoso <strong><a href=\"https:\/\/nusapenida.org\/it\/immersioni-a-bali\/mola-mola-ocean-sunfish\/\">Mola Mola<\/a><\/strong>.<\/p>\n\n\n\n<p>Per saperne di pi\u00f9 sulla fauna marina di Bali puoi leggere la nostra <strong><a href=\"https:\/\/nusapenida.org\/it\/immersioni-nusa-penida-bali\/\">guida alle immersioni di Nusa Penida<\/a><\/strong>.<\/p>\n\n\n\n<figure class=\"wp-block-image alignnone size-full wp-image-3427\"><img decoding=\"async\" width=\"1024\" height=\"768\" src=\"https:\/\/nusapenida.org\/wp-content\/uploads\/2022\/02\/Marbled-Ray-diving-Gamat-Bay-Nusa-Penida-Bali.jpg\" alt=\"Marbled Ray diving Gamat Bay Nusa Penida Bali\" class=\"wp-image-3427\" srcset=\"https:\/\/nusapenida.org\/wp-content\/uploads\/2022\/02\/Marbled-Ray-diving-Gamat-Bay-Nusa-Penida-Bali.jpg 1024w, https:\/\/nusapenida.org\/wp-content\/uploads\/2022\/02\/Marbled-Ray-diving-Gamat-Bay-Nusa-Penida-Bali-300x225.jpg 300w, https:\/\/nusapenida.org\/wp-content\/uploads\/2022\/02\/Marbled-Ray-diving-Gamat-Bay-Nusa-Penida-Bali-768x576.jpg 768w, https:\/\/nusapenida.org\/wp-content\/uploads\/2022\/02\/Marbled-Ray-diving-Gamat-Bay-Nusa-Penida-Bali-800x600.jpg 800w\" sizes=\"(max-width: 1024px) 100vw, 1024px\" \/><figcaption class=\"wp-element-caption\">Marmo Ray a Gamat Bay<\/figcaption><\/figure>\n\n\n\n<h2 class=\"wp-block-heading\" id=\"h-istruttori-il-meglio-di-gamat-bay\">Istruttori: il meglio di Gamat Bay<\/h2>\n\n\n\n<p>Gamat Bay \u00e8 un sito di immersione incantevole e coloratissimo, dalla sua baia poco profonda fino alla parete che scende in acque pi\u00f9 profonde. C\u2019\u00e8 vita ovunque: banchi di pesci e coralli intatti. Le sue correnti sono imprevedibili e portano ogni volta un carico di sorprese. \u00c8 un sito che va \u201cguadagnato\u201d.<\/p>\n\n\n\n<p>Amo davvero usare Gamat Bay per migliorare l\u2019assetto dei miei studenti e insegnare loro la posizione perfetta da adottare durante le immersioni in corrente.<\/p>\n\n\n\n<p>\u00c8 anche un luogo ideale per svolgere diverse avventure durante un corso <strong>Advanced Open Water<\/strong>: immersioni profonde, navigazione subacquea, identificazione dei pesci, Peak Performance Buoyancy (PPB)&#8230;<\/p>\n\n\n\n<p>Oltre a essere un vero parco giochi per l\u2019insegnamento, Gamat Bay \u00e8 uno spettacolo per gli occhi. Ne ho la prova ogni volta: il grande sorriso dei miei studenti in superficie, orgogliosi di aver completato con successo un\u2019immersione cos\u00ec impegnativa quanto meravigliosa.<\/p>\n\n\n\n<p><strong>Senza dubbio, un must per ogni subacqueo!<\/strong><\/p>\n\n\n\n<p>Loic, OWSI<\/p>\n\n\n\n<figure class=\"wp-block-embed is-type-video is-provider-youtube wp-block-embed-youtube wp-embed-aspect-16-9 wp-has-aspect-ratio\"><div class=\"wp-block-embed__wrapper\">\n<iframe title=\"Gamat Bay Dive Site: A Hidden Gem in Nusa Penida\" width=\"500\" height=\"281\" src=\"https:\/\/www.youtube.com\/embed\/ap7DQurwPo8?feature=oembed\" frameborder=\"0\" allow=\"accelerometer; autoplay; clipboard-write; encrypted-media; gyroscope; picture-in-picture; web-share\" referrerpolicy=\"strict-origin-when-cross-origin\" allowfullscreen><\/iframe>\n<\/div><\/figure>\n\n\n\n<p><\/p>\n\n\n\n<h2 class=\"wp-block-heading\" id=\"h-parole-di-sub\">Parole di sub<\/h2>\n\n\n\n<p>Immergersi a Gamat Bay \u00e8 impegnativo: bisogna davvero prestare attenzione alle correnti, perch\u00e9 possono cambiare in un attimo. Ma quanto \u00e8 spettacolare osservare cos\u00ec tanta vita l\u00ec sotto! Durante un\u2019immersione ci siamo fermati ad ammirare una Mola Mola, poi due, poi tre\u2026 fino a renderci conto di trovarci sulla vera e propria \u201cautostrada dei pesci luna\u201d, circondati da ben quattordici di loro!<\/p>\n\n\n\n<p>Fortuna, dici? In realt\u00e0 dipende tutto dalla guida!<\/p>\n\n\n\n<p>Quindi indossa le pinne e vieni a divertirti a Gamat Bay!<\/p>\n\n\n\n<p><em>Marion, ottobre 2018<\/em><\/p>\n\n\n\n<figure class=\"wp-block-image alignnone size-full wp-image-2989\"><img decoding=\"async\" width=\"1000\" height=\"727\" src=\"https:\/\/nusapenida.org\/wp-content\/uploads\/2020\/11\/14-Mola-Mola-di-Gamat-Bay-Nusa-Penida-Bali.jpg\" alt=\"Mola Mola Gamat Bay Nusa Penida Bali\" class=\"wp-image-2989\" srcset=\"https:\/\/nusapenida.org\/wp-content\/uploads\/2020\/11\/14-Mola-Mola-di-Gamat-Bay-Nusa-Penida-Bali.jpg 1000w, https:\/\/nusapenida.org\/wp-content\/uploads\/2020\/11\/14-Mola-Mola-di-Gamat-Bay-Nusa-Penida-Bali-300x218.jpg 300w, https:\/\/nusapenida.org\/wp-content\/uploads\/2020\/11\/14-Mola-Mola-di-Gamat-Bay-Nusa-Penida-Bali-768x558.jpg 768w\" sizes=\"(max-width: 1000px) 100vw, 1000px\" \/><figcaption class=\"wp-element-caption\">4 della 14 Mola Mola avvistata a Gamat Bay<\/figcaption><\/figure>\n\n\n\n<h2 class=\"wp-block-heading\" id=\"h-come-immergersi-a-gamat-bay\">Come immergersi a Gamat Bay<\/h2>\n\n\n\n<p>Puoi immergerti a Gamat Bay durante un\u2019<strong><a href=\"https:\/\/nusapenida.org\/it\/immersioni-a-bali\/battesimo-immersione-bali\/\">immersione di prova<\/a><\/strong>, durante un <strong><a href=\"https:\/\/nusapenida.org\/it\/immersioni-a-bali\/padi-open-water-diver-course\/\">corso di certificazione PADI<\/a><\/strong>, oppure \u2014 se sei gi\u00e0 certificato \u2014 in un\u2019<strong><a href=\"https:\/\/nusapenida.org\/it\/immersioni-a-bali\/scuba-diving-day\/\">immersione ricreativa<\/a><\/strong>.<\/p>\n\n\n\n<p>Gamat Bay \u00e8 anche un ottimo punto per lo snorkeling, ma \u00e8 necessario portare con s\u00e9 maschera, boccaglio e pinne. Fai attenzione: la spiaggia non \u00e8 sorvegliata e le correnti, spesso molto forti, possono trascinarti fuori dalla baia. Se non ci sono barche da snorkeling in zona, indossare le pinne \u00e8 essenziale.<\/p>\n\n\n\n<p>E per favore, non fare come molti turisti che non sanno nuotare: <strong>non camminare sul corallo<\/strong>. Non fa bene n\u00e9 ai tuoi piedi, n\u00e9 al corallo.<\/p>\n\n\n\n<p>\ud83d\udc49 Scopri di pi\u00f9 su <strong><a href=\"https:\/\/nusapenida.org\/it\/gamat-bay\/\">Gamat Bay<\/a><\/strong> e su come arrivarci via terra.<\/p>\n\n\n\n<hr class=\"wp-block-separator has-alpha-channel-opacity\"\/>\n\n\n\n<h2 class=\"wp-block-heading\">Caratteristiche del sito di immersione<\/h2>\n\n\n\n<ul class=\"wp-block-list\">\n<li><strong>Periodo migliore<\/strong>: tutto l\u2019anno<\/li>\n\n\n\n<li><strong>Tipo di immersione<\/strong>: fotografia, macro, esercizi di assetto; per subacquei esperti, immersioni in corrente all\u2019uscita della baia<\/li>\n\n\n\n<li><strong>Profondit\u00e0<\/strong>: da 6 a 40 metri<\/li>\n\n\n\n<li><strong>Livello richiesto<\/strong>: tutti i livelli (con la guida giusta)<\/li>\n\n\n\n<li><strong>Visibilit\u00e0<\/strong>: 15\u201325 metri<\/li>\n\n\n\n<li><strong>Temperatura dell\u2019acqua<\/strong>: 18\u201323 \u00b0C<\/li>\n\n\n\n<li><strong>Corrente<\/strong>: da lieve a forte<\/li>\n\n\n\n<li><strong>Accesso<\/strong>: 10 minuti di barca da Toyapakeh<\/li>\n\n\n\n<li><strong>Flora<\/strong>: corallo, sabbia<\/li>\n\n\n\n<li><strong>Fauna<\/strong>: Mola Mola, trigone marmorizzato, squali di barriera, pesce fantasma robusto e ornamentale, frogfish, nudibranchi<\/li>\n<\/ul>\n\n\n\n<p class=\"p2\">&nbsp;<\/p>\n","protected":false},"excerpt":{"rendered":"<p>Immergersi a Gamat Bay \u00e8 come tuffarsi in un acquario Il sito di immersione di Gamat Bay, a Nusa Penida, [&hellip;]<\/p>\n","protected":false},"author":2,"featured_media":3425,"parent":3353,"menu_order":5,"comment_status":"open","ping_status":"closed","template":"","meta":{"site-sidebar-layout":"default","site-content-layout":"","ast-site-content-layout":"default","site-content-style":"default","site-sidebar-style":"default","ast-global-header-display":"","ast-banner-title-visibility":"","ast-main-header-display":"","ast-hfb-above-header-display":"","ast-hfb-below-header-display":"","ast-hfb-mobile-header-display":"","site-post-title":"","ast-breadcrumbs-content":"","ast-featured-img":"","footer-sml-layout":"","ast-disable-related-posts":"","theme-transparent-header-meta":"","adv-header-id-meta":"","stick-header-meta":"","header-above-stick-meta":"","header-main-stick-meta":"","header-below-stick-meta":"","astra-migrate-meta-layouts":"default","ast-page-background-enabled":"default","ast-page-background-meta":{"desktop":{"background-color":"var(--ast-global-color-4)","background-image":"","background-repeat":"repeat","background-position":"center center","background-size":"auto","background-attachment":"scroll","background-type":"","background-media":"","overlay-type":"","overlay-color":"","overlay-opacity":"","overlay-gradient":""},"tablet":{"background-color":"","background-image":"","background-repeat":"repeat","background-position":"center center","background-size":"auto","background-attachment":"scroll","background-type":"","background-media":"","overlay-type":"","overlay-color":"","overlay-opacity":"","overlay-gradient":""},"mobile":{"background-color":"","background-image":"","background-repeat":"repeat","background-position":"center center","background-size":"auto","background-attachment":"scroll","background-type":"","background-media":"","overlay-type":"","overlay-color":"","overlay-opacity":"","overlay-gradient":""}},"ast-content-background-meta":{"desktop":{"background-color":"var(--ast-global-color-5)","background-image":"","background-repeat":"repeat","background-position":"center center","background-size":"auto","background-attachment":"scroll","background-type":"","background-media":"","overlay-type":"","overlay-color":"","overlay-opacity":"","overlay-gradient":""},"tablet":{"background-color":"var(--ast-global-color-5)","background-image":"","background-repeat":"repeat","background-position":"center center","background-size":"auto","background-attachment":"scroll","background-type":"","background-media":"","overlay-type":"","overlay-color":"","overlay-opacity":"","overlay-gradient":""},"mobile":{"background-color":"var(--ast-global-color-5)","background-image":"","background-repeat":"repeat","background-position":"center center","background-size":"auto","background-attachment":"scroll","background-type":"","background-media":"","overlay-type":"","overlay-color":"","overlay-opacity":"","overlay-gradient":""}},"footnotes":""},"class_list":["post-3423","page","type-page","status-publish","has-post-thumbnail","hentry"],"yoast_head":"<!-- This site is optimized with the Yoast SEO Premium plugin v26.7 (Yoast SEO v27.4) - https:\/\/yoast.com\/product\/yoast-seo-premium-wordpress\/ -->\n<title>Immersione a Gamat Bay, Nusa Penida<\/title>\n<meta name=\"description\" content=\"Il sito di immersione di Gamat Bay \u00e8 un altopiano corallino profondo 8 metri, con una parete che scende fino a 40 metri alla fine della baia.\" \/>\n<meta name=\"robots\" content=\"index, follow, max-snippet:-1, max-image-preview:large, max-video-preview:-1\" \/>\n<link rel=\"canonical\" href=\"https:\/\/nusapenida.org\/it\/immersioni-nusa-penida-bali\/20-best-dive-sites-bali-nusa-penida\/diving-gamat-bay\" \/>\n<meta property=\"og:locale\" content=\"it_IT\" \/>\n<meta property=\"og:locale:alternate\" content=\"en_US\" \/>\n<meta property=\"og:locale:alternate\" content=\"fr_FR\" \/>\n<meta property=\"og:locale:alternate\" content=\"id_ID\" \/>\n<meta property=\"og:locale:alternate\" content=\"de_DE\" \/>\n<meta property=\"og:locale:alternate\" content=\"es-es\" \/>\n<meta property=\"og:type\" content=\"article\" \/>\n<meta property=\"og:title\" content=\"Immersione a Gamat Bay, Nusa Penida\" \/>\n<meta property=\"og:description\" content=\"Il sito di immersione di Gamat Bay \u00e8 un altopiano corallino profondo 8 metri, con una parete che scende fino a 40 metri alla fine della baia.\" \/>\n<meta property=\"og:url\" content=\"https:\/\/nusapenida.org\/it\/immersioni-nusa-penida-bali\/20-best-dive-sites-bali-nusa-penida\/diving-gamat-bay\/\" \/>\n<meta property=\"og:site_name\" content=\"Nusa Penida\" \/>\n<meta property=\"article:publisher\" content=\"https:\/\/www.facebook.com\/NusaPenidaFr\/\" \/>\n<meta property=\"article:modified_time\" content=\"2026-02-14T01:56:14+00:00\" \/>\n<meta property=\"og:image\" content=\"https:\/\/nusapenida.org\/wp-content\/uploads\/2022\/02\/Gamat-Bay-diving-site-Nusa-Penida-Bali.jpg\" \/>\n\t<meta property=\"og:image:width\" content=\"640\" \/>\n\t<meta property=\"og:image:height\" content=\"355\" \/>\n\t<meta property=\"og:image:type\" content=\"image\/jpeg\" \/>\n<meta name=\"twitter:card\" content=\"summary_large_image\" \/>\n<meta name=\"twitter:label1\" content=\"Tempo di lettura stimato\" \/>\n\t<meta name=\"twitter:data1\" content=\"5 minuti\" \/>\n<script type=\"application\/ld+json\" class=\"yoast-schema-graph\">{\"@context\":\"https:\\\/\\\/schema.org\",\"@graph\":[{\"@type\":\"WebPage\",\"@id\":\"https:\\\/\\\/nusapenida.org\\\/de\\\/bali-nusa-penida-diving-guide\\\/20-best-dive-sites-bali-nusa-penida\\\/diving-gamat-bay\\\/\",\"url\":\"https:\\\/\\\/nusapenida.org\\\/de\\\/bali-nusa-penida-diving-guide\\\/20-best-dive-sites-bali-nusa-penida\\\/diving-gamat-bay\\\/\",\"name\":\"Immersione a Gamat Bay, Nusa Penida\",\"isPartOf\":{\"@id\":\"https:\\\/\\\/nusapenida.org\\\/#website\"},\"primaryImageOfPage\":{\"@id\":\"https:\\\/\\\/nusapenida.org\\\/de\\\/bali-nusa-penida-diving-guide\\\/20-best-dive-sites-bali-nusa-penida\\\/diving-gamat-bay\\\/#primaryimage\"},\"image\":{\"@id\":\"https:\\\/\\\/nusapenida.org\\\/de\\\/bali-nusa-penida-diving-guide\\\/20-best-dive-sites-bali-nusa-penida\\\/diving-gamat-bay\\\/#primaryimage\"},\"thumbnailUrl\":\"https:\\\/\\\/nusapenida.org\\\/wp-content\\\/uploads\\\/2022\\\/02\\\/Gamat-Bay-diving-site-Nusa-Penida-Bali.jpg\",\"datePublished\":\"2022-02-06T10:29:17+00:00\",\"dateModified\":\"2026-02-14T01:56:14+00:00\",\"description\":\"Il sito di immersione di Gamat Bay \u00e8 un altopiano corallino profondo 8 metri, con una parete che scende fino a 40 metri alla fine della baia.\",\"breadcrumb\":{\"@id\":\"https:\\\/\\\/nusapenida.org\\\/de\\\/bali-nusa-penida-diving-guide\\\/20-best-dive-sites-bali-nusa-penida\\\/diving-gamat-bay\\\/#breadcrumb\"},\"inLanguage\":\"it-IT\",\"potentialAction\":[{\"@type\":\"ReadAction\",\"target\":[\"https:\\\/\\\/nusapenida.org\\\/de\\\/bali-nusa-penida-diving-guide\\\/20-best-dive-sites-bali-nusa-penida\\\/diving-gamat-bay\\\/\"]}]},{\"@type\":\"ImageObject\",\"inLanguage\":\"it-IT\",\"@id\":\"https:\\\/\\\/nusapenida.org\\\/de\\\/bali-nusa-penida-diving-guide\\\/20-best-dive-sites-bali-nusa-penida\\\/diving-gamat-bay\\\/#primaryimage\",\"url\":\"https:\\\/\\\/nusapenida.org\\\/wp-content\\\/uploads\\\/2022\\\/02\\\/Gamat-Bay-diving-site-Nusa-Penida-Bali.jpg\",\"contentUrl\":\"https:\\\/\\\/nusapenida.org\\\/wp-content\\\/uploads\\\/2022\\\/02\\\/Gamat-Bay-diving-site-Nusa-Penida-Bali.jpg\",\"width\":640,\"height\":355,\"caption\":\"Gamat Bay dive site\"},{\"@type\":\"BreadcrumbList\",\"@id\":\"https:\\\/\\\/nusapenida.org\\\/de\\\/bali-nusa-penida-diving-guide\\\/20-best-dive-sites-bali-nusa-penida\\\/diving-gamat-bay\\\/#breadcrumb\",\"itemListElement\":[{\"@type\":\"ListItem\",\"position\":1,\"name\":\"Home\",\"item\":\"https:\\\/\\\/nusapenida.org\\\/\"},{\"@type\":\"ListItem\",\"position\":2,\"name\":\"Tauchen auf Bali &#038; Nusa Penida (2026): Mantas, Mola Mola &#038; beste Tauchpl\u00e4tze\",\"item\":\"https:\\\/\\\/nusapenida.org\\\/de\\\/bali-nusa-penida-diving-guide\\\/\"},{\"@type\":\"ListItem\",\"position\":3,\"name\":\"20 Top Dive Sites in Bali (Including Nusa Penida)\",\"item\":\"https:\\\/\\\/nusapenida.org\\\/de\\\/bali-nusa-penida-diving-guide\\\/20-best-dive-sites-bali-nusa-penida\\\/\"},{\"@type\":\"ListItem\",\"position\":4,\"name\":\"Diving Gamat Bay, Nusa Penida \u2013 Coral Plateau, Drift Dives &#038; Marine Life Guide\"}]},{\"@type\":\"WebSite\",\"@id\":\"https:\\\/\\\/nusapenida.org\\\/#website\",\"url\":\"https:\\\/\\\/nusapenida.org\\\/\",\"name\":\"Nusa Penida\",\"description\":\"\",\"publisher\":{\"@id\":\"https:\\\/\\\/nusapenida.org\\\/#organization\"},\"potentialAction\":[{\"@type\":\"SearchAction\",\"target\":{\"@type\":\"EntryPoint\",\"urlTemplate\":\"https:\\\/\\\/nusapenida.org\\\/?s={search_term_string}\"},\"query-input\":{\"@type\":\"PropertyValueSpecification\",\"valueRequired\":true,\"valueName\":\"search_term_string\"}}],\"inLanguage\":\"it-IT\"},{\"@type\":\"Organization\",\"@id\":\"https:\\\/\\\/nusapenida.org\\\/#organization\",\"name\":\"Nusa Penida Experience\",\"url\":\"https:\\\/\\\/nusapenida.org\\\/\",\"logo\":{\"@type\":\"ImageObject\",\"inLanguage\":\"it-IT\",\"@id\":\"https:\\\/\\\/nusapenida.org\\\/#\\\/schema\\\/logo\\\/image\\\/\",\"url\":\"https:\\\/\\\/nusapenida.org\\\/wp-content\\\/uploads\\\/2018\\\/06\\\/Kelingking-Blaise-2.jpg\",\"contentUrl\":\"https:\\\/\\\/nusapenida.org\\\/wp-content\\\/uploads\\\/2018\\\/06\\\/Kelingking-Blaise-2.jpg\",\"width\":500,\"height\":500,\"caption\":\"Nusa Penida Experience\"},\"image\":{\"@id\":\"https:\\\/\\\/nusapenida.org\\\/#\\\/schema\\\/logo\\\/image\\\/\"},\"sameAs\":[\"https:\\\/\\\/www.facebook.com\\\/NusaPenidaFr\\\/\",\"https:\\\/\\\/www.instagram.com\\\/nusapenidafr\\\/\"]}]}<\/script>\n<!-- \/ Yoast SEO Premium plugin. -->","yoast_head_json":{"title":"Immersione a Gamat Bay, Nusa Penida","description":"Il sito di immersione di Gamat Bay \u00e8 un altopiano corallino profondo 8 metri, con una parete che scende fino a 40 metri alla fine della baia.","robots":{"index":"index","follow":"follow","max-snippet":"max-snippet:-1","max-image-preview":"max-image-preview:large","max-video-preview":"max-video-preview:-1"},"canonical":"https:\/\/nusapenida.org\/it\/immersioni-nusa-penida-bali\/20-best-dive-sites-bali-nusa-penida\/diving-gamat-bay","og_locale":"it_IT","og_type":"article","og_title":"[:en]Diving Gamat Bay, Nusa Penida \u2013 Coral Plateau, Drift Dives &amp; Marine Life Guide[:it]Immersione a Gamat Bay, Nusa Penida[:]","og_description":"[:en]Gamat Bay Nusa Penida diving guide: coral plateau, currents, turtles, macro life, visibility and what to expect at this Bali dive site.[:it]Il sito di immersione di Gamat Bay \u00e8 un altopiano corallino profondo 8 metri, con una parete che scende fino a 40 metri alla fine della baia.[:]","og_url":"https:\/\/nusapenida.org\/it\/immersioni-nusa-penida-bali\/20-best-dive-sites-bali-nusa-penida\/diving-gamat-bay\/","og_site_name":"Nusa Penida","article_publisher":"https:\/\/www.facebook.com\/NusaPenidaFr\/","article_modified_time":"2026-02-14T01:56:14+00:00","og_image":[{"width":640,"height":355,"url":"https:\/\/nusapenida.org\/wp-content\/uploads\/2022\/02\/Gamat-Bay-diving-site-Nusa-Penida-Bali.jpg","type":"image\/jpeg"}],"twitter_card":"summary_large_image","twitter_misc":{"Tempo di lettura stimato":"5 minuti"},"schema":{"@context":"https:\/\/schema.org","@graph":[{"@type":"WebPage","@id":"https:\/\/nusapenida.org\/de\/bali-nusa-penida-diving-guide\/20-best-dive-sites-bali-nusa-penida\/diving-gamat-bay\/","url":"https:\/\/nusapenida.org\/de\/bali-nusa-penida-diving-guide\/20-best-dive-sites-bali-nusa-penida\/diving-gamat-bay\/","name":"Immersione a Gamat Bay, Nusa Penida","isPartOf":{"@id":"https:\/\/nusapenida.org\/#website"},"primaryImageOfPage":{"@id":"https:\/\/nusapenida.org\/de\/bali-nusa-penida-diving-guide\/20-best-dive-sites-bali-nusa-penida\/diving-gamat-bay\/#primaryimage"},"image":{"@id":"https:\/\/nusapenida.org\/de\/bali-nusa-penida-diving-guide\/20-best-dive-sites-bali-nusa-penida\/diving-gamat-bay\/#primaryimage"},"thumbnailUrl":"https:\/\/nusapenida.org\/wp-content\/uploads\/2022\/02\/Gamat-Bay-diving-site-Nusa-Penida-Bali.jpg","datePublished":"2022-02-06T10:29:17+00:00","dateModified":"2026-02-14T01:56:14+00:00","description":"Il sito di immersione di Gamat Bay \u00e8 un altopiano corallino profondo 8 metri, con una parete che scende fino a 40 metri alla fine della baia.","breadcrumb":{"@id":"https:\/\/nusapenida.org\/de\/bali-nusa-penida-diving-guide\/20-best-dive-sites-bali-nusa-penida\/diving-gamat-bay\/#breadcrumb"},"inLanguage":"it-IT","potentialAction":[{"@type":"ReadAction","target":["https:\/\/nusapenida.org\/de\/bali-nusa-penida-diving-guide\/20-best-dive-sites-bali-nusa-penida\/diving-gamat-bay\/"]}]},{"@type":"ImageObject","inLanguage":"it-IT","@id":"https:\/\/nusapenida.org\/de\/bali-nusa-penida-diving-guide\/20-best-dive-sites-bali-nusa-penida\/diving-gamat-bay\/#primaryimage","url":"https:\/\/nusapenida.org\/wp-content\/uploads\/2022\/02\/Gamat-Bay-diving-site-Nusa-Penida-Bali.jpg","contentUrl":"https:\/\/nusapenida.org\/wp-content\/uploads\/2022\/02\/Gamat-Bay-diving-site-Nusa-Penida-Bali.jpg","width":640,"height":355,"caption":"Gamat Bay dive site"},{"@type":"BreadcrumbList","@id":"https:\/\/nusapenida.org\/de\/bali-nusa-penida-diving-guide\/20-best-dive-sites-bali-nusa-penida\/diving-gamat-bay\/#breadcrumb","itemListElement":[{"@type":"ListItem","position":1,"name":"Home","item":"https:\/\/nusapenida.org\/"},{"@type":"ListItem","position":2,"name":"Tauchen auf Bali &#038; Nusa Penida (2026): Mantas, Mola Mola &#038; beste Tauchpl\u00e4tze","item":"https:\/\/nusapenida.org\/de\/bali-nusa-penida-diving-guide\/"},{"@type":"ListItem","position":3,"name":"20 Top Dive Sites in Bali (Including Nusa Penida)","item":"https:\/\/nusapenida.org\/de\/bali-nusa-penida-diving-guide\/20-best-dive-sites-bali-nusa-penida\/"},{"@type":"ListItem","position":4,"name":"Diving Gamat Bay, Nusa Penida \u2013 Coral Plateau, Drift Dives &#038; Marine Life Guide"}]},{"@type":"WebSite","@id":"https:\/\/nusapenida.org\/#website","url":"https:\/\/nusapenida.org\/","name":"Nusa Penida","description":"","publisher":{"@id":"https:\/\/nusapenida.org\/#organization"},"potentialAction":[{"@type":"SearchAction","target":{"@type":"EntryPoint","urlTemplate":"https:\/\/nusapenida.org\/?s={search_term_string}"},"query-input":{"@type":"PropertyValueSpecification","valueRequired":true,"valueName":"search_term_string"}}],"inLanguage":"it-IT"},{"@type":"Organization","@id":"https:\/\/nusapenida.org\/#organization","name":"Nusa Penida Experience","url":"https:\/\/nusapenida.org\/","logo":{"@type":"ImageObject","inLanguage":"it-IT","@id":"https:\/\/nusapenida.org\/#\/schema\/logo\/image\/","url":"https:\/\/nusapenida.org\/wp-content\/uploads\/2018\/06\/Kelingking-Blaise-2.jpg","contentUrl":"https:\/\/nusapenida.org\/wp-content\/uploads\/2018\/06\/Kelingking-Blaise-2.jpg","width":500,"height":500,"caption":"Nusa Penida Experience"},"image":{"@id":"https:\/\/nusapenida.org\/#\/schema\/logo\/image\/"},"sameAs":["https:\/\/www.facebook.com\/NusaPenidaFr\/","https:\/\/www.instagram.com\/nusapenidafr\/"]}]}},"_links":{"self":[{"href":"https:\/\/nusapenida.org\/it\/wp-json\/wp\/v2\/pages\/3423","targetHints":{"allow":["GET"]}}],"collection":[{"href":"https:\/\/nusapenida.org\/it\/wp-json\/wp\/v2\/pages"}],"about":[{"href":"https:\/\/nusapenida.org\/it\/wp-json\/wp\/v2\/types\/page"}],"author":[{"embeddable":true,"href":"https:\/\/nusapenida.org\/it\/wp-json\/wp\/v2\/users\/2"}],"replies":[{"embeddable":true,"href":"https:\/\/nusapenida.org\/it\/wp-json\/wp\/v2\/comments?post=3423"}],"version-history":[{"count":12,"href":"https:\/\/nusapenida.org\/it\/wp-json\/wp\/v2\/pages\/3423\/revisions"}],"predecessor-version":[{"id":6639,"href":"https:\/\/nusapenida.org\/it\/wp-json\/wp\/v2\/pages\/3423\/revisions\/6639"}],"up":[{"embeddable":true,"href":"https:\/\/nusapenida.org\/it\/wp-json\/wp\/v2\/pages\/3353"}],"wp:featuredmedia":[{"embeddable":true,"href":"https:\/\/nusapenida.org\/it\/wp-json\/wp\/v2\/media\/3425"}],"wp:attachment":[{"href":"https:\/\/nusapenida.org\/it\/wp-json\/wp\/v2\/media?parent=3423"}],"curies":[{"name":"wp","href":"https:\/\/api.w.org\/{rel}","templated":true}]}}