{"id":3398,"date":"2022-02-04T07:10:13","date_gmt":"2022-02-04T06:10:13","guid":{"rendered":"https:\/\/nusapenida.org\/?page_id=3398"},"modified":"2026-02-14T10:21:36","modified_gmt":"2026-02-14T02:21:36","slug":"diving-toyapakeh","status":"publish","type":"page","link":"https:\/\/nusapenida.org\/it\/immersioni-nusa-penida-bali\/20-best-dive-sites-bali-nusa-penida\/diving-toyapakeh","title":{"rendered":"Immersioni a Toyapakeh, Nusa Penida"},"content":{"rendered":"\n<h2 class=\"wp-block-heading\" id=\"h-toyapakeh-sito-di-immersione-e-come-la-nostra-casa\"><span id=\"result_box\" class=\"\" lang=\"en\"><span title=\"Toyapakeh, c'est comme notre maison \">Toyapakeh sito di immersione \u00e8 come la nostra casa<\/span><\/span><\/h2>\n\n\n\n<p><span id=\"result_box\" class=\"\" lang=\"en\"><span title=\"Le site de Toyapakeh nous tient particuli\u00e8rement \u00e0 coeur chez Warnakali, parce que c\u2019est un peu comme notre maison.\"><strong>Diving Toyapakeh,<\/strong> E&#8217; come immergersi a casa. Il sito di immersione si trova proprio gi\u00f9 Adiwana Warnakali localit\u00e0 di immersione a Nusa Penida. Ed \u00e8 uno dei nostri <a href=\"https:\/\/nusapenida.org\/it\/bali-nusa-penida-diving-guide\/20-best-dive-sites-bali-nusa-penida\/\">20 siti d&#8217;immersione in Bali<\/a>. <\/span>C&#8217;\u00e8 un piccolo altopiano di corallo, <strong>4 a 6 metri di profondit\u00e0<\/strong> che \u00e8 anche un sito di snorkeling. Dopo questo altopiano, ci sono due terrazze. La prima terrazza \u00e8 circa <strong>12 a 15 metri di profondit\u00e0<\/strong>. E la seconda terrazza \u00e8 intorno <strong>40 metri di profondit\u00e0<\/strong>. <\/span>\u00c8 un sito di immersione molto popolare perch\u00e9 l&#8217;acqua \u00e8 chiara e <strong>il corallo \u00e8 ricco<\/strong>. E anche perch\u00e9 la baia, anche se abbastanza esposta, offre una certa protezione dalla forte corrente che scorre attraverso lo stretto.<\/p>\n\n\n\n<figure class=\"wp-block-image alignnone size-full wp-image-3400\"><img decoding=\"async\" width=\"1024\" height=\"768\" src=\"https:\/\/nusapenida.org\/wp-content\/uploads\/2022\/02\/Toyapakeh-dive-site-Nusa-Penida-Bali-.jpg\" alt=\"Diving Toyapakeh dive site Nusa Penida Bali \" class=\"wp-image-3400\" srcset=\"https:\/\/nusapenida.org\/wp-content\/uploads\/2022\/02\/Toyapakeh-dive-site-Nusa-Penida-Bali-.jpg 1024w, https:\/\/nusapenida.org\/wp-content\/uploads\/2022\/02\/Toyapakeh-dive-site-Nusa-Penida-Bali--300x225.jpg 300w, https:\/\/nusapenida.org\/wp-content\/uploads\/2022\/02\/Toyapakeh-dive-site-Nusa-Penida-Bali--768x576.jpg 768w, https:\/\/nusapenida.org\/wp-content\/uploads\/2022\/02\/Toyapakeh-dive-site-Nusa-Penida-Bali--800x600.jpg 800w\" sizes=\"(max-width: 1024px) 100vw, 1024px\" \/><figcaption class=\"wp-element-caption\">Sito di immersione di Toyapakeh<\/figcaption><\/figure>\n\n\n\n<h3 class=\"wp-block-heading\" id=\"h-diving-toyapakeh\"><span id=\"result_box\" class=\"\" lang=\"en\"><span title=\"Toyapakeh, une plong\u00e9e d\u00e9rivante \">Diving Toyapakeh<br><\/span><\/span><\/h3>\n\n\n\n<p>Entriamo nell&#8217;acqua sotto l&#8217;albero, in acqua bassa, dove si vede la barca sulla vista del drone sopra. Dalla superficie, i colori del corallo sembrano gi\u00e0 sorprendenti. Da un altopiano all&#8217;altro, il layout \u00e8 fatto di scale che ci porta all&#8217;ultimo pendio, e poi nel tipico blu di Toyapakeh. Ci sono molti modi per immergersi Toyapakeh. Un modo \u00e8 quello di vagare lungo il muro in direzione di Gamat Bay. In questo modo la topografia eccezionale ci permette di giocare con le correnti. Nella direzione del punto SD, andremo alla deriva lungo gli incredibili giardini con molti coralli staghorn. Ogni singola immersione porta una serie di sorprese, sempre colorate!<\/p>\n\n\n\n<figure class=\"wp-block-embed is-type-video is-provider-youtube wp-block-embed-youtube wp-embed-aspect-16-9 wp-has-aspect-ratio\"><div class=\"wp-block-embed__wrapper\">\n<iframe title=\"Diving Toyapakeh, Nusa Penida \u2013 Schools of Fish, Vibrant Corals &amp; a Curious Turtle! \ud83d\udc20\ud83d\udc22\" width=\"500\" height=\"281\" src=\"https:\/\/www.youtube.com\/embed\/iYN47RB_fQo?feature=oembed\" frameborder=\"0\" allow=\"accelerometer; autoplay; clipboard-write; encrypted-media; gyroscope; picture-in-picture; web-share\" referrerpolicy=\"strict-origin-when-cross-origin\" allowfullscreen><\/iframe>\n<\/div><\/figure>\n\n\n\n<h3 class=\"wp-block-heading\" id=\"h-sito-di-immersione-di-toyapakeh-lora-e-fauna\"><span class=\"\" lang=\"en\"><span title=\"Toyapakeh, un site pour la macro \">Sito di immersione di Toyapakeh<\/span><\/span><span id=\"result_box\" class=\"\" lang=\"en\"><span title=\"Toyapakeh, un site pour la macro \">lora e fauna<\/span><\/span><\/h3>\n\n\n\n<p><span id=\"result_box\" class=\"\" lang=\"en\"><span title=\"Le site de Toyapakeh est tr\u00e8s \u00e9tendu, ce qui permet des plong\u00e9es de longue dur\u00e9e, quelque soit l\u2019intensit\u00e9 du courant.\">Il sito di immersione di Toyapakeh \u00e8 molto esteso, permettendo immersioni a lunga durata, qualunque sia l&#8217;intensit\u00e0 della corrente. <\/span><span title=\"C\u2019est un tr\u00e8s beau plateau corallien, tr\u00e8s color\u00e9.\">\u00c8 molto <strong>bellissimo altopiano di corallo<\/strong>, molto colorato. <\/span><\/span><\/p>\n\n\n\n<p>Di fronte a Warnakali troverete un&#8217;area protetta da <strong>bommie con grandi gorgoniani e morbidi cespugli di corallo<\/strong>. I bommie creano una bella struttura e tutta la zona \u00e8 molto ricca: <span id=\"result_box\" class=\"\" lang=\"en\"><span title=\"Mais on peut aussi y voir des bancs de diff\u00e9rentes esp\u00e8ces, plut\u00f4t dans le bleu.\">scuole di diverse specie, coralli morbidi, coralli duri sani. <\/span><\/span><\/p>\n\n\n\n<p>Ci piace davvero Toyapakeh sito di immersione a causa della sua <strong>grande diversit\u00e0 di flora e fauna<\/strong>. Molte scuole di <span id=\"result_box\" class=\"\" lang=\"en\"><span title=\"Mais on peut aussi y voir des bancs de diff\u00e9rentes esp\u00e8ces, plut\u00f4t dans le bleu.\">platax, fusiliers, dolci e jack<\/span><\/span>. Nel blu, possiamo ammirare regolarmente tonni e trivali giganti. <span id=\"result_box\" class=\"\" lang=\"en\"><span title=\"On peut d'ailleurs y croiser le Mola Mola, de temps \u00e0 autre, pendant la saison. \">Possiamo anche incontrarci l\u00ec <a href=\"https:\/\/nusapenida.org\/bali-nusa-penida-diving-guide\/mola-mola-ocean-sunfish\/\">Mola Mola<\/a>, di tanto in tanto, durante la stagione. <\/span><\/span>La flora \u00e8 densa e si possono osservare molte specie di granchi, gamberetti e <a href=\"https:\/\/nusapenida.org\/bali-nusa-penida-diving-guide\/nudibranchs-in-bali\/\">nudibranchs<\/a>. <strong>Gli amanti del Macro ameranno<\/strong><span title=\"Mais Toyapakeh reste plut\u00f4t un site de plong\u00e9e pour les amateurs de macro.\"><strong>Toyapakeh<\/strong> sito di immersione!<\/span><\/p>\n\n\n\n<p>Per saperne di pi\u00f9 sulla fauna marina a Bali \u00e8 possibile leggere questo<a href=\"https:\/\/nusapenida.org\/bali-nusa-penida-diving-guide\/\">guida delle immersioni Nusa Penida<\/a>.<\/p>\n\n\n\n<h2 class=\"wp-block-heading\" id=\"h-il-meglio-dell-istruttore\">Il meglio dell&#8217;istruttore<\/h2>\n\n\n\n<p>Un tramonto su Toyapakeh, il mio piacere colpevole.<\/p>\n\n\n\n<p>Le barche sono orme, regna una calma profonda. <strong>I colori sono diversi, blazing<\/strong>, un giro affascinante, delizioso. Appare un mondo tutto nuovo, la notte. Ogni singola struttura di corallo sta ronzando, potrei rimanere tutta la notte a lungo <strong>ammira questo speciale universo<\/strong>, esclusivo di alcuni fortunati subacquei. Di sicuro un must fare sull&#8217;isola, probabilmente il modo pi\u00f9 eccezionale per finire il vostro corso Advanced Open Water con un tuffo notturno.\u00bb<\/p>\n\n\n\n<p>Lo\u00efc OWSI<\/p>\n\n\n\n<section id=\"the-content\">\n<div class=\"container\">\n<div class=\"row\">\n<div class=\"col-sm-8\"><\/div><\/div><\/div><\/section>\n\n\n\n<figure class=\"wp-block-image alignnone size-full wp-image-3401\"><img decoding=\"async\" width=\"1024\" height=\"576\" src=\"https:\/\/nusapenida.org\/wp-content\/uploads\/2022\/02\/PADI-Advanced-open-water-night-dive-Warnakali-Nusa-Penida-Bali.jpg\" alt=\"PADI Advanced open water night dive Warnakali Nusa Penida Bali\" class=\"wp-image-3401\" srcset=\"https:\/\/nusapenida.org\/wp-content\/uploads\/2022\/02\/PADI-Advanced-open-water-night-dive-Warnakali-Nusa-Penida-Bali.jpg 1024w, https:\/\/nusapenida.org\/wp-content\/uploads\/2022\/02\/PADI-Advanced-open-water-night-dive-Warnakali-Nusa-Penida-Bali-300x169.jpg 300w, https:\/\/nusapenida.org\/wp-content\/uploads\/2022\/02\/PADI-Advanced-open-water-night-dive-Warnakali-Nusa-Penida-Bali-768x432.jpg 768w, https:\/\/nusapenida.org\/wp-content\/uploads\/2022\/02\/PADI-Advanced-open-water-night-dive-Warnakali-Nusa-Penida-Bali-960x540.jpg 960w\" sizes=\"(max-width: 1024px) 100vw, 1024px\" \/><figcaption class=\"wp-element-caption\">Immersione notturna a Toyapakeh<\/figcaption><\/figure>\n\n\n\n<h2 class=\"wp-block-heading\" id=\"h-dive-sito-caratteristiche\">Dive sito caratteristiche<\/h2>\n\n\n\n<p><span id=\"result_box\" class=\"\" lang=\"en\"><br><span class=\"\">Tipo di immersione: deriva, macro<\/span><\/span><\/p>\n\n\n\n<p><span class=\"\">Profondit\u00e0: 540 metri<\/span><\/p>\n\n\n\n<p><span class=\"\">Livello richiesto: tutti i livelli (con la guida giusta)<\/span><\/p>\n\n\n\n<p>Visibilit\u00e0: 15-25 metri<\/p>\n\n\n\n<p>Corrente: da moderato a forte<\/p>\n\n\n\n<p>Accesso: 2 minuti di navigazione<\/p>\n\n\n\n<p class=\"p2\"><span class=\"\">Fauna e Flora: Coral, Mola Mola, Platax, pesce gigante trevalely, rana, gamberetti, granchi, nudibranchs<\/span><\/p>\n\n\n\n<p class=\"p2\">Miglior tempo: Diving tutto l&#8217;anno<\/p>\n","protected":false},"excerpt":{"rendered":"<p>Toyapakeh sito di immersione \u00e8 come la nostra casa Diving Toyapakeh, E&#8217; come immergersi a casa. Il sito di immersione [&hellip;]<\/p>\n","protected":false},"author":2,"featured_media":3399,"parent":3353,"menu_order":3,"comment_status":"open","ping_status":"closed","template":"","meta":{"site-sidebar-layout":"default","site-content-layout":"","ast-site-content-layout":"default","site-content-style":"default","site-sidebar-style":"default","ast-global-header-display":"","ast-banner-title-visibility":"","ast-main-header-display":"","ast-hfb-above-header-display":"","ast-hfb-below-header-display":"","ast-hfb-mobile-header-display":"","site-post-title":"","ast-breadcrumbs-content":"","ast-featured-img":"","footer-sml-layout":"","ast-disable-related-posts":"","theme-transparent-header-meta":"","adv-header-id-meta":"","stick-header-meta":"","header-above-stick-meta":"","header-main-stick-meta":"","header-below-stick-meta":"","astra-migrate-meta-layouts":"default","ast-page-background-enabled":"default","ast-page-background-meta":{"desktop":{"background-color":"var(--ast-global-color-4)","background-image":"","background-repeat":"repeat","background-position":"center center","background-size":"auto","background-attachment":"scroll","background-type":"","background-media":"","overlay-type":"","overlay-color":"","overlay-opacity":"","overlay-gradient":""},"tablet":{"background-color":"","background-image":"","background-repeat":"repeat","background-position":"center center","background-size":"auto","background-attachment":"scroll","background-type":"","background-media":"","overlay-type":"","overlay-color":"","overlay-opacity":"","overlay-gradient":""},"mobile":{"background-color":"","background-image":"","background-repeat":"repeat","background-position":"center center","background-size":"auto","background-attachment":"scroll","background-type":"","background-media":"","overlay-type":"","overlay-color":"","overlay-opacity":"","overlay-gradient":""}},"ast-content-background-meta":{"desktop":{"background-color":"var(--ast-global-color-5)","background-image":"","background-repeat":"repeat","background-position":"center center","background-size":"auto","background-attachment":"scroll","background-type":"","background-media":"","overlay-type":"","overlay-color":"","overlay-opacity":"","overlay-gradient":""},"tablet":{"background-color":"var(--ast-global-color-5)","background-image":"","background-repeat":"repeat","background-position":"center center","background-size":"auto","background-attachment":"scroll","background-type":"","background-media":"","overlay-type":"","overlay-color":"","overlay-opacity":"","overlay-gradient":""},"mobile":{"background-color":"var(--ast-global-color-5)","background-image":"","background-repeat":"repeat","background-position":"center center","background-size":"auto","background-attachment":"scroll","background-type":"","background-media":"","overlay-type":"","overlay-color":"","overlay-opacity":"","overlay-gradient":""}},"footnotes":""},"class_list":["post-3398","page","type-page","status-publish","has-post-thumbnail","hentry"],"yoast_head":"<!-- This site is optimized with the Yoast SEO Premium plugin v26.7 (Yoast SEO v27.3) - https:\/\/yoast.com\/product\/yoast-seo-premium-wordpress\/ -->\n<title>Immersioni a Toyapakeh, Nusa Penida<\/title>\n<meta name=\"description\" content=\"Il sito di immersione di Toyapakeh si trova a Nusa Penida, proprio sotto l\u2019Adiwana Warnakali Dive Resort.\" \/>\n<meta name=\"robots\" content=\"index, follow, max-snippet:-1, max-image-preview:large, max-video-preview:-1\" \/>\n<link rel=\"canonical\" href=\"https:\/\/nusapenida.org\/it\/immersioni-nusa-penida-bali\/20-best-dive-sites-bali-nusa-penida\/diving-toyapakeh\" \/>\n<meta property=\"og:locale\" content=\"it_IT\" \/>\n<meta property=\"og:locale:alternate\" content=\"en_US\" \/>\n<meta property=\"og:locale:alternate\" content=\"fr_FR\" \/>\n<meta property=\"og:locale:alternate\" content=\"id_ID\" \/>\n<meta property=\"og:locale:alternate\" content=\"de_DE\" \/>\n<meta property=\"og:locale:alternate\" content=\"es-es\" \/>\n<meta property=\"og:type\" content=\"article\" \/>\n<meta property=\"og:title\" content=\"Immersioni a Toyapakeh, Nusa Penida\" \/>\n<meta property=\"og:description\" content=\"Il sito di immersione di Toyapakeh si trova a Nusa Penida, proprio sotto l\u2019Adiwana Warnakali Dive Resort.\" \/>\n<meta property=\"og:url\" content=\"https:\/\/nusapenida.org\/it\/immersioni-nusa-penida-bali\/20-best-dive-sites-bali-nusa-penida\/diving-toyapakeh\/\" \/>\n<meta property=\"og:site_name\" content=\"Nusa Penida\" \/>\n<meta property=\"article:publisher\" content=\"https:\/\/www.facebook.com\/NusaPenidaFr\/\" \/>\n<meta property=\"article:modified_time\" content=\"2026-02-14T02:21:36+00:00\" \/>\n<meta property=\"og:image\" content=\"https:\/\/nusapenida.org\/wp-content\/uploads\/2022\/02\/Diving-Toyapakeh-Nusa-Penida-Bali-.jpg\" \/>\n\t<meta property=\"og:image:width\" content=\"1024\" \/>\n\t<meta property=\"og:image:height\" content=\"768\" \/>\n\t<meta property=\"og:image:type\" content=\"image\/jpeg\" \/>\n<meta name=\"twitter:card\" content=\"summary_large_image\" \/>\n<meta name=\"twitter:label1\" content=\"Tempo di lettura stimato\" \/>\n\t<meta name=\"twitter:data1\" content=\"5 minuti\" \/>\n<script type=\"application\/ld+json\" class=\"yoast-schema-graph\">{\"@context\":\"https:\\\/\\\/schema.org\",\"@graph\":[{\"@type\":\"WebPage\",\"@id\":\"https:\\\/\\\/nusapenida.org\\\/de\\\/bali-nusa-penida-diving-guide\\\/20-best-dive-sites-bali-nusa-penida\\\/diving-toyapakeh\\\/\",\"url\":\"https:\\\/\\\/nusapenida.org\\\/de\\\/bali-nusa-penida-diving-guide\\\/20-best-dive-sites-bali-nusa-penida\\\/diving-toyapakeh\\\/\",\"name\":\"Immersioni a Toyapakeh, Nusa Penida\",\"isPartOf\":{\"@id\":\"https:\\\/\\\/nusapenida.org\\\/#website\"},\"primaryImageOfPage\":{\"@id\":\"https:\\\/\\\/nusapenida.org\\\/de\\\/bali-nusa-penida-diving-guide\\\/20-best-dive-sites-bali-nusa-penida\\\/diving-toyapakeh\\\/#primaryimage\"},\"image\":{\"@id\":\"https:\\\/\\\/nusapenida.org\\\/de\\\/bali-nusa-penida-diving-guide\\\/20-best-dive-sites-bali-nusa-penida\\\/diving-toyapakeh\\\/#primaryimage\"},\"thumbnailUrl\":\"https:\\\/\\\/nusapenida.org\\\/wp-content\\\/uploads\\\/2022\\\/02\\\/Diving-Toyapakeh-Nusa-Penida-Bali-.jpg\",\"datePublished\":\"2022-02-04T06:10:13+00:00\",\"dateModified\":\"2026-02-14T02:21:36+00:00\",\"description\":\"Il sito di immersione di Toyapakeh si trova a Nusa Penida, proprio sotto l\u2019Adiwana Warnakali Dive Resort.\",\"breadcrumb\":{\"@id\":\"https:\\\/\\\/nusapenida.org\\\/de\\\/bali-nusa-penida-diving-guide\\\/20-best-dive-sites-bali-nusa-penida\\\/diving-toyapakeh\\\/#breadcrumb\"},\"inLanguage\":\"it-IT\",\"potentialAction\":[{\"@type\":\"ReadAction\",\"target\":[\"https:\\\/\\\/nusapenida.org\\\/de\\\/bali-nusa-penida-diving-guide\\\/20-best-dive-sites-bali-nusa-penida\\\/diving-toyapakeh\\\/\"]}]},{\"@type\":\"ImageObject\",\"inLanguage\":\"it-IT\",\"@id\":\"https:\\\/\\\/nusapenida.org\\\/de\\\/bali-nusa-penida-diving-guide\\\/20-best-dive-sites-bali-nusa-penida\\\/diving-toyapakeh\\\/#primaryimage\",\"url\":\"https:\\\/\\\/nusapenida.org\\\/wp-content\\\/uploads\\\/2022\\\/02\\\/Diving-Toyapakeh-Nusa-Penida-Bali-.jpg\",\"contentUrl\":\"https:\\\/\\\/nusapenida.org\\\/wp-content\\\/uploads\\\/2022\\\/02\\\/Diving-Toyapakeh-Nusa-Penida-Bali-.jpg\",\"width\":1024,\"height\":768,\"caption\":\"Toyapakeh dive site Nusa Penida Bali\"},{\"@type\":\"BreadcrumbList\",\"@id\":\"https:\\\/\\\/nusapenida.org\\\/de\\\/bali-nusa-penida-diving-guide\\\/20-best-dive-sites-bali-nusa-penida\\\/diving-toyapakeh\\\/#breadcrumb\",\"itemListElement\":[{\"@type\":\"ListItem\",\"position\":1,\"name\":\"Home\",\"item\":\"https:\\\/\\\/nusapenida.org\\\/\"},{\"@type\":\"ListItem\",\"position\":2,\"name\":\"Tauchen auf Bali &#038; Nusa Penida (2026): Mantas, Mola Mola &#038; beste Tauchpl\u00e4tze\",\"item\":\"https:\\\/\\\/nusapenida.org\\\/de\\\/bali-nusa-penida-diving-guide\\\/\"},{\"@type\":\"ListItem\",\"position\":3,\"name\":\"20 Top Dive Sites in Bali (Including Nusa Penida)\",\"item\":\"https:\\\/\\\/nusapenida.org\\\/de\\\/bali-nusa-penida-diving-guide\\\/20-best-dive-sites-bali-nusa-penida\\\/\"},{\"@type\":\"ListItem\",\"position\":4,\"name\":\"Diving Toyapakeh, my favorite dive site in Nusa Penida\"}]},{\"@type\":\"WebSite\",\"@id\":\"https:\\\/\\\/nusapenida.org\\\/#website\",\"url\":\"https:\\\/\\\/nusapenida.org\\\/\",\"name\":\"Nusa Penida\",\"description\":\"\",\"publisher\":{\"@id\":\"https:\\\/\\\/nusapenida.org\\\/#organization\"},\"potentialAction\":[{\"@type\":\"SearchAction\",\"target\":{\"@type\":\"EntryPoint\",\"urlTemplate\":\"https:\\\/\\\/nusapenida.org\\\/?s={search_term_string}\"},\"query-input\":{\"@type\":\"PropertyValueSpecification\",\"valueRequired\":true,\"valueName\":\"search_term_string\"}}],\"inLanguage\":\"it-IT\"},{\"@type\":\"Organization\",\"@id\":\"https:\\\/\\\/nusapenida.org\\\/#organization\",\"name\":\"Nusa Penida Experience\",\"url\":\"https:\\\/\\\/nusapenida.org\\\/\",\"logo\":{\"@type\":\"ImageObject\",\"inLanguage\":\"it-IT\",\"@id\":\"https:\\\/\\\/nusapenida.org\\\/#\\\/schema\\\/logo\\\/image\\\/\",\"url\":\"https:\\\/\\\/nusapenida.org\\\/wp-content\\\/uploads\\\/2018\\\/06\\\/Kelingking-Blaise-2.jpg\",\"contentUrl\":\"https:\\\/\\\/nusapenida.org\\\/wp-content\\\/uploads\\\/2018\\\/06\\\/Kelingking-Blaise-2.jpg\",\"width\":500,\"height\":500,\"caption\":\"Nusa Penida Experience\"},\"image\":{\"@id\":\"https:\\\/\\\/nusapenida.org\\\/#\\\/schema\\\/logo\\\/image\\\/\"},\"sameAs\":[\"https:\\\/\\\/www.facebook.com\\\/NusaPenidaFr\\\/\",\"https:\\\/\\\/www.instagram.com\\\/nusapenidafr\\\/\"]}]}<\/script>\n<!-- \/ Yoast SEO Premium plugin. -->","yoast_head_json":{"title":"Immersioni a Toyapakeh, Nusa Penida","description":"Il sito di immersione di Toyapakeh si trova a Nusa Penida, proprio sotto l\u2019Adiwana Warnakali Dive Resort.","robots":{"index":"index","follow":"follow","max-snippet":"max-snippet:-1","max-image-preview":"max-image-preview:large","max-video-preview":"max-video-preview:-1"},"canonical":"https:\/\/nusapenida.org\/it\/immersioni-nusa-penida-bali\/20-best-dive-sites-bali-nusa-penida\/diving-toyapakeh","og_locale":"it_IT","og_type":"article","og_title":"[:en]Diving Toyapakeh, my favorite dive site in Nusa Penida[:it]Immersioni a Toyapakeh, Nusa Penida[:id]Menyelam di Toyapakeh, Nusa Penida[:de]Toyapakeh Nusa Penida \u2013 Mein Lieblings-Tauchplatz[:es]Buceando Toyapakeh, Nusa Penida[:]","og_description":"[:en]Toyapakeh dive site in Nusa Penida: vibrant coral plateau, drift diving, marine life, visibility and what to expect underwater in Bali.[:it]Il sito di immersione di Toyapakeh si trova a Nusa Penida, proprio sotto l\u2019Adiwana Warnakali Dive Resort.[:id]Situs menyelam Toyapakeh berada di Nusa Penida, tepat di bawah Adiwana Warnakali Dive Resort. Menyelam di Toyapakeh adalah pengalaman luar biasa bagi para pecinta makro.[:de]Der Tauchplatz Toyapakeh liegt in Nusa Penida, direkt beim Adiwana Warnakali Dive Resort \u2013 ein Highlight f\u00fcr Makro-Liebhaber.[:es]El sitio de buceo de Toyapakeh se encuentra en Nusa Penida, justo debajo del Adiwana Warnakali Dive Resort.[:]","og_url":"https:\/\/nusapenida.org\/it\/immersioni-nusa-penida-bali\/20-best-dive-sites-bali-nusa-penida\/diving-toyapakeh\/","og_site_name":"Nusa Penida","article_publisher":"https:\/\/www.facebook.com\/NusaPenidaFr\/","article_modified_time":"2026-02-14T02:21:36+00:00","og_image":[{"width":1024,"height":768,"url":"https:\/\/nusapenida.org\/wp-content\/uploads\/2022\/02\/Diving-Toyapakeh-Nusa-Penida-Bali-.jpg","type":"image\/jpeg"}],"twitter_card":"summary_large_image","twitter_misc":{"Tempo di lettura stimato":"5 minuti"},"schema":{"@context":"https:\/\/schema.org","@graph":[{"@type":"WebPage","@id":"https:\/\/nusapenida.org\/de\/bali-nusa-penida-diving-guide\/20-best-dive-sites-bali-nusa-penida\/diving-toyapakeh\/","url":"https:\/\/nusapenida.org\/de\/bali-nusa-penida-diving-guide\/20-best-dive-sites-bali-nusa-penida\/diving-toyapakeh\/","name":"Immersioni a Toyapakeh, Nusa Penida","isPartOf":{"@id":"https:\/\/nusapenida.org\/#website"},"primaryImageOfPage":{"@id":"https:\/\/nusapenida.org\/de\/bali-nusa-penida-diving-guide\/20-best-dive-sites-bali-nusa-penida\/diving-toyapakeh\/#primaryimage"},"image":{"@id":"https:\/\/nusapenida.org\/de\/bali-nusa-penida-diving-guide\/20-best-dive-sites-bali-nusa-penida\/diving-toyapakeh\/#primaryimage"},"thumbnailUrl":"https:\/\/nusapenida.org\/wp-content\/uploads\/2022\/02\/Diving-Toyapakeh-Nusa-Penida-Bali-.jpg","datePublished":"2022-02-04T06:10:13+00:00","dateModified":"2026-02-14T02:21:36+00:00","description":"Il sito di immersione di Toyapakeh si trova a Nusa Penida, proprio sotto l\u2019Adiwana Warnakali Dive Resort.","breadcrumb":{"@id":"https:\/\/nusapenida.org\/de\/bali-nusa-penida-diving-guide\/20-best-dive-sites-bali-nusa-penida\/diving-toyapakeh\/#breadcrumb"},"inLanguage":"it-IT","potentialAction":[{"@type":"ReadAction","target":["https:\/\/nusapenida.org\/de\/bali-nusa-penida-diving-guide\/20-best-dive-sites-bali-nusa-penida\/diving-toyapakeh\/"]}]},{"@type":"ImageObject","inLanguage":"it-IT","@id":"https:\/\/nusapenida.org\/de\/bali-nusa-penida-diving-guide\/20-best-dive-sites-bali-nusa-penida\/diving-toyapakeh\/#primaryimage","url":"https:\/\/nusapenida.org\/wp-content\/uploads\/2022\/02\/Diving-Toyapakeh-Nusa-Penida-Bali-.jpg","contentUrl":"https:\/\/nusapenida.org\/wp-content\/uploads\/2022\/02\/Diving-Toyapakeh-Nusa-Penida-Bali-.jpg","width":1024,"height":768,"caption":"Toyapakeh dive site Nusa Penida Bali"},{"@type":"BreadcrumbList","@id":"https:\/\/nusapenida.org\/de\/bali-nusa-penida-diving-guide\/20-best-dive-sites-bali-nusa-penida\/diving-toyapakeh\/#breadcrumb","itemListElement":[{"@type":"ListItem","position":1,"name":"Home","item":"https:\/\/nusapenida.org\/"},{"@type":"ListItem","position":2,"name":"Tauchen auf Bali &#038; Nusa Penida (2026): Mantas, Mola Mola &#038; beste Tauchpl\u00e4tze","item":"https:\/\/nusapenida.org\/de\/bali-nusa-penida-diving-guide\/"},{"@type":"ListItem","position":3,"name":"20 Top Dive Sites in Bali (Including Nusa Penida)","item":"https:\/\/nusapenida.org\/de\/bali-nusa-penida-diving-guide\/20-best-dive-sites-bali-nusa-penida\/"},{"@type":"ListItem","position":4,"name":"Diving Toyapakeh, my favorite dive site in Nusa Penida"}]},{"@type":"WebSite","@id":"https:\/\/nusapenida.org\/#website","url":"https:\/\/nusapenida.org\/","name":"Nusa Penida","description":"","publisher":{"@id":"https:\/\/nusapenida.org\/#organization"},"potentialAction":[{"@type":"SearchAction","target":{"@type":"EntryPoint","urlTemplate":"https:\/\/nusapenida.org\/?s={search_term_string}"},"query-input":{"@type":"PropertyValueSpecification","valueRequired":true,"valueName":"search_term_string"}}],"inLanguage":"it-IT"},{"@type":"Organization","@id":"https:\/\/nusapenida.org\/#organization","name":"Nusa Penida Experience","url":"https:\/\/nusapenida.org\/","logo":{"@type":"ImageObject","inLanguage":"it-IT","@id":"https:\/\/nusapenida.org\/#\/schema\/logo\/image\/","url":"https:\/\/nusapenida.org\/wp-content\/uploads\/2018\/06\/Kelingking-Blaise-2.jpg","contentUrl":"https:\/\/nusapenida.org\/wp-content\/uploads\/2018\/06\/Kelingking-Blaise-2.jpg","width":500,"height":500,"caption":"Nusa Penida Experience"},"image":{"@id":"https:\/\/nusapenida.org\/#\/schema\/logo\/image\/"},"sameAs":["https:\/\/www.facebook.com\/NusaPenidaFr\/","https:\/\/www.instagram.com\/nusapenidafr\/"]}]}},"_links":{"self":[{"href":"https:\/\/nusapenida.org\/it\/wp-json\/wp\/v2\/pages\/3398","targetHints":{"allow":["GET"]}}],"collection":[{"href":"https:\/\/nusapenida.org\/it\/wp-json\/wp\/v2\/pages"}],"about":[{"href":"https:\/\/nusapenida.org\/it\/wp-json\/wp\/v2\/types\/page"}],"author":[{"embeddable":true,"href":"https:\/\/nusapenida.org\/it\/wp-json\/wp\/v2\/users\/2"}],"replies":[{"embeddable":true,"href":"https:\/\/nusapenida.org\/it\/wp-json\/wp\/v2\/comments?post=3398"}],"version-history":[{"count":18,"href":"https:\/\/nusapenida.org\/it\/wp-json\/wp\/v2\/pages\/3398\/revisions"}],"predecessor-version":[{"id":6654,"href":"https:\/\/nusapenida.org\/it\/wp-json\/wp\/v2\/pages\/3398\/revisions\/6654"}],"up":[{"embeddable":true,"href":"https:\/\/nusapenida.org\/it\/wp-json\/wp\/v2\/pages\/3353"}],"wp:featuredmedia":[{"embeddable":true,"href":"https:\/\/nusapenida.org\/it\/wp-json\/wp\/v2\/media\/3399"}],"wp:attachment":[{"href":"https:\/\/nusapenida.org\/it\/wp-json\/wp\/v2\/media?parent=3398"}],"curies":[{"name":"wp","href":"https:\/\/api.w.org\/{rel}","templated":true}]}}