{"id":22,"date":"2018-06-10T21:49:27","date_gmt":"2018-06-10T19:49:27","guid":{"rendered":"https:\/\/nusapenida.org\/?page_id=22"},"modified":"2026-01-21T12:13:04","modified_gmt":"2026-01-21T04:13:04","slug":"about-me","status":"publish","type":"page","link":"https:\/\/nusapenida.org\/id\/about-me\/","title":{"rendered":"Tentang Saya"},"content":{"rendered":"\n<figure class=\"wp-block-image\"><img decoding=\"async\" width=\"500\" height=\"500\" src=\"https:\/\/nusapenida.org\/wp-content\/uploads\/2018\/06\/Kelingking-Blaise-2.jpg\" alt=\"Kelingking Beach Nusa Penida Blaise\" class=\"wp-image-194\" srcset=\"https:\/\/nusapenida.org\/wp-content\/uploads\/2018\/06\/Kelingking-Blaise-2.jpg 500w, https:\/\/nusapenida.org\/wp-content\/uploads\/2018\/06\/Kelingking-Blaise-2-300x300.jpg 300w, https:\/\/nusapenida.org\/wp-content\/uploads\/2018\/06\/Kelingking-Blaise-2-150x150.jpg 150w\" sizes=\"(max-width: 500px) 100vw, 500px\" \/><\/figure>\n\n\n\n<p>Saya pertama kali mendengar tentang Pulau Nusa Penida di Bali pada Maret 2015, dan mengunjunginya untuk pertama kali pada Juni 2015. Saat itu, pulau ini hanya dilayani oleh satu perusahaan kapal dan pilihan akomodasi terbatas pada dua hotel saja. Wisatawan masih sangat sedikit dan pulau ini benar-benar masih alami. Meskipun kondisi jalan cukup buruk, saya menemukan pemandangan yang luar biasa indah.<\/p>\n\n\n\n<p>Pada tahun 2020, saya telah mengunjungi Nusa Penida lebih dari 30 kali. Saya kemudian memutuskan untuk menetap di Bali pada September 2020, terutama untuk mengurangi jejak karbon saya. Kini, saya pergi ke Nusa Penida setiap minggu. Inilah alasan saya ingin berbagi pengalaman, penemuan, dan tempat-tempat favorit saya, serta alasan saya membuat situs web ini.<\/p>\n\n\n\n<p>Jangan meminta saya untuk memandu Anda berkeliling pulau, karena saya bukan pemandu profesional. Namun, jika Anda tidak menemukan semua jawaban atas pertanyaan Anda di situs ini, saya dengan senang hati akan mencoba membantu jika Anda mengirimkan pesan melalui halaman sambutan.<\/p>\n\n\n\n<p>Selamat berkunjung dan semoga menikmati masa tinggal Anda di Nusa Penida!<\/p>\n\n\n\n<p><strong>Blaise<\/strong><\/p>\n","protected":false},"excerpt":{"rendered":"<p>Saya pertama kali mendengar tentang Pulau Nusa Penida di Bali pada Maret 2015, dan mengunjunginya untuk pertama kali pada Juni [&hellip;]<\/p>\n","protected":false},"author":2,"featured_media":0,"parent":0,"menu_order":0,"comment_status":"closed","ping_status":"closed","template":"","meta":{"site-sidebar-layout":"default","site-content-layout":"","ast-site-content-layout":"default","site-content-style":"default","site-sidebar-style":"default","ast-global-header-display":"","ast-banner-title-visibility":"","ast-main-header-display":"","ast-hfb-above-header-display":"","ast-hfb-below-header-display":"","ast-hfb-mobile-header-display":"","site-post-title":"","ast-breadcrumbs-content":"","ast-featured-img":"","footer-sml-layout":"","ast-disable-related-posts":"","theme-transparent-header-meta":"","adv-header-id-meta":"","stick-header-meta":"","header-above-stick-meta":"","header-main-stick-meta":"","header-below-stick-meta":"","astra-migrate-meta-layouts":"default","ast-page-background-enabled":"default","ast-page-background-meta":{"desktop":{"background-color":"var(--ast-global-color-4)","background-image":"","background-repeat":"repeat","background-position":"center center","background-size":"auto","background-attachment":"scroll","background-type":"","background-media":"","overlay-type":"","overlay-color":"","overlay-opacity":"","overlay-gradient":""},"tablet":{"background-color":"","background-image":"","background-repeat":"repeat","background-position":"center center","background-size":"auto","background-attachment":"scroll","background-type":"","background-media":"","overlay-type":"","overlay-color":"","overlay-opacity":"","overlay-gradient":""},"mobile":{"background-color":"","background-image":"","background-repeat":"repeat","background-position":"center center","background-size":"auto","background-attachment":"scroll","background-type":"","background-media":"","overlay-type":"","overlay-color":"","overlay-opacity":"","overlay-gradient":""}},"ast-content-background-meta":{"desktop":{"background-color":"var(--ast-global-color-5)","background-image":"","background-repeat":"repeat","background-position":"center center","background-size":"auto","background-attachment":"scroll","background-type":"","background-media":"","overlay-type":"","overlay-color":"","overlay-opacity":"","overlay-gradient":""},"tablet":{"background-color":"var(--ast-global-color-5)","background-image":"","background-repeat":"repeat","background-position":"center center","background-size":"auto","background-attachment":"scroll","background-type":"","background-media":"","overlay-type":"","overlay-color":"","overlay-opacity":"","overlay-gradient":""},"mobile":{"background-color":"var(--ast-global-color-5)","background-image":"","background-repeat":"repeat","background-position":"center center","background-size":"auto","background-attachment":"scroll","background-type":"","background-media":"","overlay-type":"","overlay-color":"","overlay-opacity":"","overlay-gradient":""}},"footnotes":""},"class_list":["post-22","page","type-page","status-publish","hentry"],"yoast_head":"<!-- This site is optimized with the Yoast SEO Premium plugin v26.7 (Yoast SEO v27.4) - https:\/\/yoast.com\/product\/yoast-seo-premium-wordpress\/ -->\n<title>Tentang Saya<\/title>\n<meta name=\"description\" content=\"Kenali Blaise dan kisah cintanya dengan Nusa Penida: lebih dari 30 kunjungan, pindah ke Bali, dan berbagi tips serta tempat favorit lewat situs ini.\" \/>\n<meta name=\"robots\" content=\"index, follow, max-snippet:-1, max-image-preview:large, max-video-preview:-1\" \/>\n<link rel=\"canonical\" href=\"https:\/\/nusapenida.org\/id\/about-me\/\" \/>\n<meta property=\"og:locale\" content=\"id_ID\" \/>\n<meta property=\"og:locale:alternate\" content=\"en_US\" \/>\n<meta property=\"og:locale:alternate\" content=\"fr_FR\" \/>\n<meta property=\"og:locale:alternate\" content=\"it_IT\" \/>\n<meta property=\"og:locale:alternate\" content=\"de_DE\" \/>\n<meta property=\"og:locale:alternate\" content=\"es-es\" \/>\n<meta property=\"og:type\" content=\"article\" \/>\n<meta property=\"og:title\" content=\"Tentang Saya\" \/>\n<meta property=\"og:description\" content=\"Kenali Blaise dan kisah cintanya dengan Nusa Penida: lebih dari 30 kunjungan, pindah ke Bali, dan berbagi tips serta tempat favorit lewat situs ini.\" \/>\n<meta property=\"og:url\" content=\"https:\/\/nusapenida.org\/id\/about-me\/\" \/>\n<meta property=\"og:site_name\" content=\"Nusa Penida\" \/>\n<meta property=\"article:publisher\" content=\"https:\/\/www.facebook.com\/NusaPenidaFr\/\" \/>\n<meta property=\"article:modified_time\" content=\"2026-01-21T04:13:04+00:00\" \/>\n<meta property=\"og:image\" content=\"https:\/\/nusapenida.org\/wp-content\/uploads\/2018\/06\/Kelingking-Blaise-2.jpg\" \/>\n\t<meta property=\"og:image:width\" content=\"500\" \/>\n\t<meta property=\"og:image:height\" content=\"500\" \/>\n\t<meta property=\"og:image:type\" content=\"image\/jpeg\" \/>\n<meta name=\"twitter:card\" content=\"summary_large_image\" \/>\n<meta name=\"twitter:label1\" content=\"Estimasi waktu membaca\" \/>\n\t<meta name=\"twitter:data1\" content=\"2 menit\" \/>\n<script type=\"application\/ld+json\" class=\"yoast-schema-graph\">{\"@context\":\"https:\\\/\\\/schema.org\",\"@graph\":[{\"@type\":\"WebPage\",\"@id\":\"https:\\\/\\\/nusapenida.org\\\/es\\\/about-me\\\/\",\"url\":\"https:\\\/\\\/nusapenida.org\\\/es\\\/about-me\\\/\",\"name\":\"Tentang Saya\",\"isPartOf\":{\"@id\":\"https:\\\/\\\/nusapenida.org\\\/#website\"},\"primaryImageOfPage\":{\"@id\":\"https:\\\/\\\/nusapenida.org\\\/es\\\/about-me\\\/#primaryimage\"},\"image\":{\"@id\":\"https:\\\/\\\/nusapenida.org\\\/es\\\/about-me\\\/#primaryimage\"},\"thumbnailUrl\":\"https:\\\/\\\/nusapenida.org\\\/wp-content\\\/uploads\\\/2018\\\/06\\\/Kelingking-Blaise-2.jpg\",\"datePublished\":\"2018-06-10T19:49:27+00:00\",\"dateModified\":\"2026-01-21T04:13:04+00:00\",\"description\":\"Kenali Blaise dan kisah cintanya dengan Nusa Penida: lebih dari 30 kunjungan, pindah ke Bali, dan berbagi tips serta tempat favorit lewat situs ini.\",\"breadcrumb\":{\"@id\":\"https:\\\/\\\/nusapenida.org\\\/es\\\/about-me\\\/#breadcrumb\"},\"inLanguage\":\"id-ID\",\"potentialAction\":[{\"@type\":\"ReadAction\",\"target\":[\"https:\\\/\\\/nusapenida.org\\\/es\\\/about-me\\\/\"]}]},{\"@type\":\"ImageObject\",\"inLanguage\":\"id-ID\",\"@id\":\"https:\\\/\\\/nusapenida.org\\\/es\\\/about-me\\\/#primaryimage\",\"url\":\"https:\\\/\\\/nusapenida.org\\\/wp-content\\\/uploads\\\/2018\\\/06\\\/Kelingking-Blaise-2.jpg\",\"contentUrl\":\"https:\\\/\\\/nusapenida.org\\\/wp-content\\\/uploads\\\/2018\\\/06\\\/Kelingking-Blaise-2.jpg\"},{\"@type\":\"BreadcrumbList\",\"@id\":\"https:\\\/\\\/nusapenida.org\\\/es\\\/about-me\\\/#breadcrumb\",\"itemListElement\":[{\"@type\":\"ListItem\",\"position\":1,\"name\":\"Home\",\"item\":\"https:\\\/\\\/nusapenida.org\\\/\"},{\"@type\":\"ListItem\",\"position\":2,\"name\":\"Sobre m\u00ed\"}]},{\"@type\":\"WebSite\",\"@id\":\"https:\\\/\\\/nusapenida.org\\\/#website\",\"url\":\"https:\\\/\\\/nusapenida.org\\\/\",\"name\":\"Nusa Penida\",\"description\":\"\",\"publisher\":{\"@id\":\"https:\\\/\\\/nusapenida.org\\\/#organization\"},\"potentialAction\":[{\"@type\":\"SearchAction\",\"target\":{\"@type\":\"EntryPoint\",\"urlTemplate\":\"https:\\\/\\\/nusapenida.org\\\/?s={search_term_string}\"},\"query-input\":{\"@type\":\"PropertyValueSpecification\",\"valueRequired\":true,\"valueName\":\"search_term_string\"}}],\"inLanguage\":\"id-ID\"},{\"@type\":\"Organization\",\"@id\":\"https:\\\/\\\/nusapenida.org\\\/#organization\",\"name\":\"Nusa Penida Experience\",\"url\":\"https:\\\/\\\/nusapenida.org\\\/\",\"logo\":{\"@type\":\"ImageObject\",\"inLanguage\":\"id-ID\",\"@id\":\"https:\\\/\\\/nusapenida.org\\\/#\\\/schema\\\/logo\\\/image\\\/\",\"url\":\"https:\\\/\\\/nusapenida.org\\\/wp-content\\\/uploads\\\/2018\\\/06\\\/Kelingking-Blaise-2.jpg\",\"contentUrl\":\"https:\\\/\\\/nusapenida.org\\\/wp-content\\\/uploads\\\/2018\\\/06\\\/Kelingking-Blaise-2.jpg\",\"width\":500,\"height\":500,\"caption\":\"Nusa Penida Experience\"},\"image\":{\"@id\":\"https:\\\/\\\/nusapenida.org\\\/#\\\/schema\\\/logo\\\/image\\\/\"},\"sameAs\":[\"https:\\\/\\\/www.facebook.com\\\/NusaPenidaFr\\\/\",\"https:\\\/\\\/www.instagram.com\\\/nusapenidafr\\\/\"]}]}<\/script>\n<!-- \/ Yoast SEO Premium plugin. -->","yoast_head_json":{"title":"Tentang Saya","description":"Kenali Blaise dan kisah cintanya dengan Nusa Penida: lebih dari 30 kunjungan, pindah ke Bali, dan berbagi tips serta tempat favorit lewat situs ini.","robots":{"index":"index","follow":"follow","max-snippet":"max-snippet:-1","max-image-preview":"max-image-preview:large","max-video-preview":"max-video-preview:-1"},"canonical":"https:\/\/nusapenida.org\/id\/about-me\/","og_locale":"id_ID","og_type":"article","og_title":"[:en]About me[:it]Chi sono[:id]Tentang Saya[:de]\u00dcber mich[:es]Sobre m\u00ed[:]","og_description":"[:en]Discover how Blaise fell in love with Nusa Penida, visited the island over 30 times, moved to Bali, and created this website to share insider tips and favorite spots.[:it]Scopri come Blaise si \u00e8 innamorato di Nusa Penida, l\u2019ha visitata oltre 30 volte, si \u00e8 trasferito a Bali e ha creato questo sito per condividere i suoi consigli.[:id]Kenali Blaise dan kisah cintanya dengan Nusa Penida: lebih dari 30 kunjungan, pindah ke Bali, dan berbagi tips serta tempat favorit lewat situs ini.[:de]Erfahre, wie sich Blaise in Nusa Penida verliebte, die Insel \u00fcber 30-mal besuchte, nach Bali zog und diese Website mit Insider-Tipps erstellte.[:es]Descubre c\u00f3mo Blaise se enamor\u00f3 de Nusa Penida, la visit\u00f3 m\u00e1s de 30 veces, se mud\u00f3 a Bali y cre\u00f3 este sitio para compartir sus mejores consejos.[:]","og_url":"https:\/\/nusapenida.org\/id\/about-me\/","og_site_name":"Nusa Penida","article_publisher":"https:\/\/www.facebook.com\/NusaPenidaFr\/","article_modified_time":"2026-01-21T04:13:04+00:00","og_image":[{"width":500,"height":500,"url":"https:\/\/nusapenida.org\/wp-content\/uploads\/2018\/06\/Kelingking-Blaise-2.jpg","type":"image\/jpeg"}],"twitter_card":"summary_large_image","twitter_misc":{"Estimasi waktu membaca":"2 menit"},"schema":{"@context":"https:\/\/schema.org","@graph":[{"@type":"WebPage","@id":"https:\/\/nusapenida.org\/es\/about-me\/","url":"https:\/\/nusapenida.org\/es\/about-me\/","name":"Tentang Saya","isPartOf":{"@id":"https:\/\/nusapenida.org\/#website"},"primaryImageOfPage":{"@id":"https:\/\/nusapenida.org\/es\/about-me\/#primaryimage"},"image":{"@id":"https:\/\/nusapenida.org\/es\/about-me\/#primaryimage"},"thumbnailUrl":"https:\/\/nusapenida.org\/wp-content\/uploads\/2018\/06\/Kelingking-Blaise-2.jpg","datePublished":"2018-06-10T19:49:27+00:00","dateModified":"2026-01-21T04:13:04+00:00","description":"Kenali Blaise dan kisah cintanya dengan Nusa Penida: lebih dari 30 kunjungan, pindah ke Bali, dan berbagi tips serta tempat favorit lewat situs ini.","breadcrumb":{"@id":"https:\/\/nusapenida.org\/es\/about-me\/#breadcrumb"},"inLanguage":"id-ID","potentialAction":[{"@type":"ReadAction","target":["https:\/\/nusapenida.org\/es\/about-me\/"]}]},{"@type":"ImageObject","inLanguage":"id-ID","@id":"https:\/\/nusapenida.org\/es\/about-me\/#primaryimage","url":"https:\/\/nusapenida.org\/wp-content\/uploads\/2018\/06\/Kelingking-Blaise-2.jpg","contentUrl":"https:\/\/nusapenida.org\/wp-content\/uploads\/2018\/06\/Kelingking-Blaise-2.jpg"},{"@type":"BreadcrumbList","@id":"https:\/\/nusapenida.org\/es\/about-me\/#breadcrumb","itemListElement":[{"@type":"ListItem","position":1,"name":"Home","item":"https:\/\/nusapenida.org\/"},{"@type":"ListItem","position":2,"name":"Sobre m\u00ed"}]},{"@type":"WebSite","@id":"https:\/\/nusapenida.org\/#website","url":"https:\/\/nusapenida.org\/","name":"Nusa Penida","description":"","publisher":{"@id":"https:\/\/nusapenida.org\/#organization"},"potentialAction":[{"@type":"SearchAction","target":{"@type":"EntryPoint","urlTemplate":"https:\/\/nusapenida.org\/?s={search_term_string}"},"query-input":{"@type":"PropertyValueSpecification","valueRequired":true,"valueName":"search_term_string"}}],"inLanguage":"id-ID"},{"@type":"Organization","@id":"https:\/\/nusapenida.org\/#organization","name":"Nusa Penida Experience","url":"https:\/\/nusapenida.org\/","logo":{"@type":"ImageObject","inLanguage":"id-ID","@id":"https:\/\/nusapenida.org\/#\/schema\/logo\/image\/","url":"https:\/\/nusapenida.org\/wp-content\/uploads\/2018\/06\/Kelingking-Blaise-2.jpg","contentUrl":"https:\/\/nusapenida.org\/wp-content\/uploads\/2018\/06\/Kelingking-Blaise-2.jpg","width":500,"height":500,"caption":"Nusa Penida Experience"},"image":{"@id":"https:\/\/nusapenida.org\/#\/schema\/logo\/image\/"},"sameAs":["https:\/\/www.facebook.com\/NusaPenidaFr\/","https:\/\/www.instagram.com\/nusapenidafr\/"]}]}},"_links":{"self":[{"href":"https:\/\/nusapenida.org\/id\/wp-json\/wp\/v2\/pages\/22","targetHints":{"allow":["GET"]}}],"collection":[{"href":"https:\/\/nusapenida.org\/id\/wp-json\/wp\/v2\/pages"}],"about":[{"href":"https:\/\/nusapenida.org\/id\/wp-json\/wp\/v2\/types\/page"}],"author":[{"embeddable":true,"href":"https:\/\/nusapenida.org\/id\/wp-json\/wp\/v2\/users\/2"}],"replies":[{"embeddable":true,"href":"https:\/\/nusapenida.org\/id\/wp-json\/wp\/v2\/comments?post=22"}],"version-history":[{"count":7,"href":"https:\/\/nusapenida.org\/id\/wp-json\/wp\/v2\/pages\/22\/revisions"}],"predecessor-version":[{"id":6362,"href":"https:\/\/nusapenida.org\/id\/wp-json\/wp\/v2\/pages\/22\/revisions\/6362"}],"wp:attachment":[{"href":"https:\/\/nusapenida.org\/id\/wp-json\/wp\/v2\/media?parent=22"}],"curies":[{"name":"wp","href":"https:\/\/api.w.org\/{rel}","templated":true}]}}