{"id":3398,"date":"2022-02-04T07:10:13","date_gmt":"2022-02-04T06:10:13","guid":{"rendered":"https:\/\/nusapenida.org\/?page_id=3398"},"modified":"2026-02-14T10:21:36","modified_gmt":"2026-02-14T02:21:36","slug":"diving-toyapakeh","status":"publish","type":"page","link":"https:\/\/nusapenida.org\/es\/diving-toyapakeh","title":{"rendered":"Buceando Toyapakeh, Nusa Penida"},"content":{"rendered":"\n<h2 class=\"wp-block-heading\" id=\"h-el-sitio-de-buceo-toyapakeh-es-como-nuestro-hogar\"><span id=\"result_box\" class=\"\" lang=\"en\"><span title=\"Toyapakeh, c'est comme notre maison \">El sitio de buceo Toyapakeh es como nuestro hogar<\/span><\/span><\/h2>\n\n\n\n<p>Bucear en Toyapakeh es como bucear en casa. El sitio de buceo est\u00e1 situado justo debajo del centro de buceo Adiwana Warnakali, en Nusa Penida, y es uno de nuestros <a href=\"https:\/\/nusapenida.org\/es\/bali-nusa-penida-diving-guide\/20-best-dive-sites-bali-nusa-penida\/\">20 sitios de buceo en Bali<\/a>. Cuenta con una peque\u00f1a meseta de coral a una profundidad de entre 4 y 6 metros, que tambi\u00e9n es ideal para el snorkel. Despu\u00e9s de esta meseta, hay dos terrazas: la primera se encuentra entre 12 y 15 metros de profundidad, y la segunda alrededor de los 40 metros. Es un sitio de buceo muy popular debido a la claridad del agua y la riqueza de sus corales, y tambi\u00e9n porque la bah\u00eda, aunque muy expuesta, ofrece cierta protecci\u00f3n contra las fuertes corrientes que atraviesan el estrecho.<\/p>\n\n\n\n<figure class=\"wp-block-image alignnone size-full wp-image-3400\"><img decoding=\"async\" width=\"1024\" height=\"768\" src=\"https:\/\/nusapenida.org\/wp-content\/uploads\/2022\/02\/Toyapakeh-dive-site-Nusa-Penida-Bali-.jpg\" alt=\"Diving Toyapakeh dive site Nusa Penida Bali \" class=\"wp-image-3400\" srcset=\"https:\/\/nusapenida.org\/wp-content\/uploads\/2022\/02\/Toyapakeh-dive-site-Nusa-Penida-Bali-.jpg 1024w, https:\/\/nusapenida.org\/wp-content\/uploads\/2022\/02\/Toyapakeh-dive-site-Nusa-Penida-Bali--300x225.jpg 300w, https:\/\/nusapenida.org\/wp-content\/uploads\/2022\/02\/Toyapakeh-dive-site-Nusa-Penida-Bali--768x576.jpg 768w, https:\/\/nusapenida.org\/wp-content\/uploads\/2022\/02\/Toyapakeh-dive-site-Nusa-Penida-Bali--800x600.jpg 800w\" sizes=\"(max-width: 1024px) 100vw, 1024px\" \/><figcaption class=\"wp-element-caption\">Sitio de buceo Toyapakeh<\/figcaption><\/figure>\n\n\n\n<h3 class=\"wp-block-heading\" id=\"h-diving-toyapakeh\"><span id=\"result_box\" class=\"\" lang=\"en\"><span title=\"Toyapakeh, une plong\u00e9e d\u00e9rivante \">Diving Toyapakeh<br><\/span><\/span><\/h3>\n\n\n\n<p>Entramos en el agua bajo el \u00ab \u00c1rbol \u00bb, en aguas poco profundas, donde se ve el barco en la vista de drones arriba. Desde la superficie, los colores del coral ya parecen asombrosos. De una meseta a otra, el dise\u00f1o est\u00e1 hecho de escaleras que nos lleva a la \u00faltima pendiente, y luego al azul t\u00edpico de Toyapakeh. Hay muchas maneras de bucear Toyapakeh. Una manera es la deriva a lo largo de la pared en la direcci\u00f3n de la bah\u00eda de Gamat. De esta manera la topograf\u00eda excepcional nos permite jugar con las corrientes. En la direcci\u00f3n del punto SD, nos desplazaremos por los incre\u00edbles jardines con muchos corales escalonados. Cada buceo trae su propio conjunto de sorpresas, siempre coloridas!<\/p>\n\n\n\n<figure class=\"wp-block-embed is-type-video is-provider-youtube wp-block-embed-youtube wp-embed-aspect-16-9 wp-has-aspect-ratio\"><div class=\"wp-block-embed__wrapper\">\n<iframe title=\"Diving Toyapakeh, Nusa Penida \u2013 Schools of Fish, Vibrant Corals &amp; a Curious Turtle! \ud83d\udc20\ud83d\udc22\" width=\"500\" height=\"281\" src=\"https:\/\/www.youtube.com\/embed\/iYN47RB_fQo?feature=oembed\" frameborder=\"0\" allow=\"accelerometer; autoplay; clipboard-write; encrypted-media; gyroscope; picture-in-picture; web-share\" referrerpolicy=\"strict-origin-when-cross-origin\" allowfullscreen><\/iframe>\n<\/div><\/figure>\n\n\n\n<h3 class=\"wp-block-heading\" id=\"h-sitio-de-buceo-toyapakeh-f-lora-y-fauna\"><span class=\"\" lang=\"en\"><span title=\"Toyapakeh, un site pour la macro \">Sitio de buceo Toyapakeh f<\/span><\/span><span id=\"result_box\" class=\"\" lang=\"en\"><span title=\"Toyapakeh, un site pour la macro \">lora y fauna<\/span><\/span><\/h3>\n\n\n\n<p><span id=\"result_box\" class=\"\" lang=\"en\"><span title=\"Le site de Toyapakeh est tr\u00e8s \u00e9tendu, ce qui permet des plong\u00e9es de longue dur\u00e9e, quelque soit l\u2019intensit\u00e9 du courant.\">El sitio de buceo Toyapakeh es muy extenso, permitiendo buceos duraderos, sea cual sea la intensidad de la corriente. <\/span><span title=\"C\u2019est un tr\u00e8s beau plateau corallien, tr\u00e8s color\u00e9.\">Es muy <strong>hermosa meseta de coral<\/strong>Muy colorido. <\/span><\/span><\/p>\n\n\n\n<p>Usted encontrar\u00e1 justo en frente de Warnakali un \u00e1rea protegida por <strong>bommies con grandes gorgonianos y arbustos de coral blandos<\/strong>. Los bommies crean una hermosa estructura y toda la zona es muy rica : <span id=\"result_box\" class=\"\" lang=\"en\"><span title=\"Mais on peut aussi y voir des bancs de diff\u00e9rentes esp\u00e8ces, plut\u00f4t dans le bleu.\">escuelas de diferentes especies, corales blandos, corales duros saludables. <\/span><\/span><\/p>\n\n\n\n<p>Realmente nos gusta el sitio de buceo Toyapakeh debido a su <strong>gran diversidad de flora y fauna<\/strong>. Muchas escuelas <span id=\"result_box\" class=\"\" lang=\"en\"><span title=\"Mais on peut aussi y voir des bancs de diff\u00e9rentes esp\u00e8ces, plut\u00f4t dans le bleu.\">platax, fusileros, dulces y gatos<\/span><\/span>. En el azul, podemos admirar regularmente tunas y trevallies gigantes. <span id=\"result_box\" class=\"\" lang=\"en\"><span title=\"On peut d'ailleurs y croiser le Mola Mola, de temps \u00e0 autre, pendant la saison. \">Tambi\u00e9n podemos encontrarnos all\u00ed a <a href=\"https:\/\/nusapenida.org\/bali-nusa-penida-diving-guide\/mola-mola-ocean-sunfish\/\">Mola Mola<\/a>, de vez en cuando, durante la temporada. <\/span><\/span>La flora es densa y se puede observar muchas especies de cangrejos, camarones y <a href=\"https:\/\/nusapenida.org\/bali-nusa-penida-diving-guide\/nudibranchs-in-bali\/\">nudibranchs<\/a>. <strong>Los amantes de Macro amar\u00e1n<\/strong><span title=\"Mais Toyapakeh reste plut\u00f4t un site de plong\u00e9e pour les amateurs de macro.\"><strong>Toyapakeh<\/strong> sitio de buceo !<\/span><\/p>\n\n\n\n<p>Para saber m\u00e1s sobre la fauna marina en Bali se puede leer esto<a href=\"https:\/\/nusapenida.org\/bali-nusa-penida-diving-guide\/\">gu\u00eda de buceo Nusa Penida<\/a>.<\/p>\n\n\n\n<h2 class=\"wp-block-heading\" id=\"h-lo-mejor-del-instructor\">Lo mejor del instructor<\/h2>\n\n\n\n<p>Una puesta de sol en Toyapakeh, mi placer culpable.<\/p>\n\n\n\n<p>Los barcos est\u00e1n amarrados, reina una calma profunda. <strong>Los colores son diferentes, blanqueando<\/strong>Un paseo encantador, encantador. Todo un mundo nuevo aparece, la noche. Cada estructura de coral est\u00e1 zumbido, podr\u00eda quedarme toda la noche <strong>admirar este universo especial<\/strong>, exclusivo de algunos buzos afortunados. Por supuesto que hay que hacer en la isla, probablemente la forma m\u00e1s destacada de terminar su curso de Agua Abierta Avanzada con una inmersi\u00f3n nocturna.\u00bb<\/p>\n\n\n\n<p>Lo\u00efc OWSI<\/p>\n\n\n\n<section id=\"the-content\">\n<div class=\"container\">\n<div class=\"row\">\n<div class=\"col-sm-8\"><\/div><\/div><\/div><\/section>\n\n\n\n<figure class=\"wp-block-image alignnone size-full wp-image-3401\"><img decoding=\"async\" width=\"1024\" height=\"576\" src=\"https:\/\/nusapenida.org\/wp-content\/uploads\/2022\/02\/PADI-Advanced-open-water-night-dive-Warnakali-Nusa-Penida-Bali.jpg\" alt=\"PADI Advanced open water night dive Warnakali Nusa Penida Bali\" class=\"wp-image-3401\" srcset=\"https:\/\/nusapenida.org\/wp-content\/uploads\/2022\/02\/PADI-Advanced-open-water-night-dive-Warnakali-Nusa-Penida-Bali.jpg 1024w, https:\/\/nusapenida.org\/wp-content\/uploads\/2022\/02\/PADI-Advanced-open-water-night-dive-Warnakali-Nusa-Penida-Bali-300x169.jpg 300w, https:\/\/nusapenida.org\/wp-content\/uploads\/2022\/02\/PADI-Advanced-open-water-night-dive-Warnakali-Nusa-Penida-Bali-768x432.jpg 768w, https:\/\/nusapenida.org\/wp-content\/uploads\/2022\/02\/PADI-Advanced-open-water-night-dive-Warnakali-Nusa-Penida-Bali-960x540.jpg 960w\" sizes=\"(max-width: 1024px) 100vw, 1024px\" \/><figcaption class=\"wp-element-caption\">Buceo nocturno en Toyapakeh<\/figcaption><\/figure>\n\n\n\n<h2 class=\"wp-block-heading\" id=\"h-dive-sitio-caracteritics\">Dive sitio car\u00e1cteritics<\/h2>\n\n\n\n<p><span id=\"result_box\" class=\"\" lang=\"en\"><br><span class=\"\">Tipo de buceo : deriva, macro<\/span><\/span><\/p>\n\n\n\n<p><span class=\"\">Profundidad: 5-40 metros<\/span><\/p>\n\n\n\n<p><span class=\"\">Nivel requerido: todos los niveles (con la gu\u00eda adecuada)<\/span><\/p>\n\n\n\n<p>Visibilidad: 15-25 metros<\/p>\n\n\n\n<p>Corriente: moderada a fuerte<\/p>\n\n\n\n<p>Acceso: 2 minutos de navegaci\u00f3n<\/p>\n\n\n\n<p class=\"p2\"><span class=\"\">Fauna y Flora: Coral, Mola Mola, Platax, peces gigantesca trevally, pez rana, camarones, cangrejos, nudibranchs<\/span><\/p>\n\n\n\n<p class=\"p2\">Mejor tiempo: Buceo todo el a\u00f1o<\/p>\n","protected":false},"excerpt":{"rendered":"<p>El sitio de buceo Toyapakeh es como nuestro hogar Bucear en Toyapakeh es como bucear en casa. El sitio de [&hellip;]<\/p>\n","protected":false},"author":2,"featured_media":3399,"parent":3353,"menu_order":3,"comment_status":"open","ping_status":"closed","template":"","meta":{"site-sidebar-layout":"default","site-content-layout":"","ast-site-content-layout":"default","site-content-style":"default","site-sidebar-style":"default","ast-global-header-display":"","ast-banner-title-visibility":"","ast-main-header-display":"","ast-hfb-above-header-display":"","ast-hfb-below-header-display":"","ast-hfb-mobile-header-display":"","site-post-title":"","ast-breadcrumbs-content":"","ast-featured-img":"","footer-sml-layout":"","ast-disable-related-posts":"","theme-transparent-header-meta":"","adv-header-id-meta":"","stick-header-meta":"","header-above-stick-meta":"","header-main-stick-meta":"","header-below-stick-meta":"","astra-migrate-meta-layouts":"default","ast-page-background-enabled":"default","ast-page-background-meta":{"desktop":{"background-color":"var(--ast-global-color-4)","background-image":"","background-repeat":"repeat","background-position":"center center","background-size":"auto","background-attachment":"scroll","background-type":"","background-media":"","overlay-type":"","overlay-color":"","overlay-opacity":"","overlay-gradient":""},"tablet":{"background-color":"","background-image":"","background-repeat":"repeat","background-position":"center center","background-size":"auto","background-attachment":"scroll","background-type":"","background-media":"","overlay-type":"","overlay-color":"","overlay-opacity":"","overlay-gradient":""},"mobile":{"background-color":"","background-image":"","background-repeat":"repeat","background-position":"center center","background-size":"auto","background-attachment":"scroll","background-type":"","background-media":"","overlay-type":"","overlay-color":"","overlay-opacity":"","overlay-gradient":""}},"ast-content-background-meta":{"desktop":{"background-color":"var(--ast-global-color-5)","background-image":"","background-repeat":"repeat","background-position":"center center","background-size":"auto","background-attachment":"scroll","background-type":"","background-media":"","overlay-type":"","overlay-color":"","overlay-opacity":"","overlay-gradient":""},"tablet":{"background-color":"var(--ast-global-color-5)","background-image":"","background-repeat":"repeat","background-position":"center center","background-size":"auto","background-attachment":"scroll","background-type":"","background-media":"","overlay-type":"","overlay-color":"","overlay-opacity":"","overlay-gradient":""},"mobile":{"background-color":"var(--ast-global-color-5)","background-image":"","background-repeat":"repeat","background-position":"center center","background-size":"auto","background-attachment":"scroll","background-type":"","background-media":"","overlay-type":"","overlay-color":"","overlay-opacity":"","overlay-gradient":""}},"footnotes":""},"class_list":["post-3398","page","type-page","status-publish","has-post-thumbnail","hentry"],"yoast_head":"<!-- This site is optimized with the Yoast SEO Premium plugin v26.7 (Yoast SEO v27.3) - https:\/\/yoast.com\/product\/yoast-seo-premium-wordpress\/ -->\n<title>Buceando Toyapakeh, Nusa Penida<\/title>\n<meta name=\"description\" content=\"El sitio de buceo de Toyapakeh se encuentra en Nusa Penida, justo debajo del Adiwana Warnakali Dive Resort.\" \/>\n<meta name=\"robots\" content=\"index, follow, max-snippet:-1, max-image-preview:large, max-video-preview:-1\" \/>\n<link rel=\"canonical\" href=\"https:\/\/nusapenida.org\/es\/diving-toyapakeh\" \/>\n<meta property=\"og:locale\" content=\"es_ES\" \/>\n<meta property=\"og:locale:alternate\" content=\"en_US\" \/>\n<meta property=\"og:locale:alternate\" content=\"fr_FR\" \/>\n<meta property=\"og:locale:alternate\" content=\"it_IT\" \/>\n<meta property=\"og:locale:alternate\" content=\"id_ID\" \/>\n<meta property=\"og:locale:alternate\" content=\"de_DE\" \/>\n<meta property=\"og:type\" content=\"article\" \/>\n<meta property=\"og:title\" content=\"Buceando Toyapakeh, Nusa Penida\" \/>\n<meta property=\"og:description\" content=\"El sitio de buceo de Toyapakeh se encuentra en Nusa Penida, justo debajo del Adiwana Warnakali Dive Resort.\" \/>\n<meta property=\"og:url\" content=\"https:\/\/nusapenida.org\/es\/bali-nusa-penida-diving-guide\/20-best-dive-sites-bali-nusa-penida\/diving-toyapakeh\/\" \/>\n<meta property=\"og:site_name\" content=\"Nusa Penida\" \/>\n<meta property=\"article:publisher\" content=\"https:\/\/www.facebook.com\/NusaPenidaFr\/\" \/>\n<meta property=\"article:modified_time\" content=\"2026-02-14T02:21:36+00:00\" \/>\n<meta property=\"og:image\" content=\"https:\/\/nusapenida.org\/wp-content\/uploads\/2022\/02\/Diving-Toyapakeh-Nusa-Penida-Bali-.jpg\" \/>\n\t<meta property=\"og:image:width\" content=\"1024\" \/>\n\t<meta property=\"og:image:height\" content=\"768\" \/>\n\t<meta property=\"og:image:type\" content=\"image\/jpeg\" \/>\n<meta name=\"twitter:card\" content=\"summary_large_image\" \/>\n<meta name=\"twitter:label1\" content=\"Tiempo de lectura\" \/>\n\t<meta name=\"twitter:data1\" content=\"5 minutos\" \/>\n<script type=\"application\/ld+json\" class=\"yoast-schema-graph\">{\"@context\":\"https:\\\/\\\/schema.org\",\"@graph\":[{\"@type\":\"WebPage\",\"@id\":\"https:\\\/\\\/nusapenida.org\\\/bali-nusa-penida-diving-guide\\\/20-best-dive-sites-bali-nusa-penida\\\/diving-toyapakeh\\\/\",\"url\":\"https:\\\/\\\/nusapenida.org\\\/bali-nusa-penida-diving-guide\\\/20-best-dive-sites-bali-nusa-penida\\\/diving-toyapakeh\\\/\",\"name\":\"Buceando Toyapakeh, Nusa Penida\",\"isPartOf\":{\"@id\":\"https:\\\/\\\/nusapenida.org\\\/#website\"},\"primaryImageOfPage\":{\"@id\":\"https:\\\/\\\/nusapenida.org\\\/bali-nusa-penida-diving-guide\\\/20-best-dive-sites-bali-nusa-penida\\\/diving-toyapakeh\\\/#primaryimage\"},\"image\":{\"@id\":\"https:\\\/\\\/nusapenida.org\\\/bali-nusa-penida-diving-guide\\\/20-best-dive-sites-bali-nusa-penida\\\/diving-toyapakeh\\\/#primaryimage\"},\"thumbnailUrl\":\"https:\\\/\\\/nusapenida.org\\\/wp-content\\\/uploads\\\/2022\\\/02\\\/Diving-Toyapakeh-Nusa-Penida-Bali-.jpg\",\"datePublished\":\"2022-02-04T06:10:13+00:00\",\"dateModified\":\"2026-02-14T02:21:36+00:00\",\"description\":\"El sitio de buceo de Toyapakeh se encuentra en Nusa Penida, justo debajo del Adiwana Warnakali Dive Resort.\",\"breadcrumb\":{\"@id\":\"https:\\\/\\\/nusapenida.org\\\/bali-nusa-penida-diving-guide\\\/20-best-dive-sites-bali-nusa-penida\\\/diving-toyapakeh\\\/#breadcrumb\"},\"inLanguage\":\"es-es\",\"potentialAction\":[{\"@type\":\"ReadAction\",\"target\":[\"https:\\\/\\\/nusapenida.org\\\/bali-nusa-penida-diving-guide\\\/20-best-dive-sites-bali-nusa-penida\\\/diving-toyapakeh\\\/\"]}]},{\"@type\":\"ImageObject\",\"inLanguage\":\"es-es\",\"@id\":\"https:\\\/\\\/nusapenida.org\\\/bali-nusa-penida-diving-guide\\\/20-best-dive-sites-bali-nusa-penida\\\/diving-toyapakeh\\\/#primaryimage\",\"url\":\"https:\\\/\\\/nusapenida.org\\\/wp-content\\\/uploads\\\/2022\\\/02\\\/Diving-Toyapakeh-Nusa-Penida-Bali-.jpg\",\"contentUrl\":\"https:\\\/\\\/nusapenida.org\\\/wp-content\\\/uploads\\\/2022\\\/02\\\/Diving-Toyapakeh-Nusa-Penida-Bali-.jpg\",\"width\":1024,\"height\":768,\"caption\":\"Toyapakeh dive site Nusa Penida Bali\"},{\"@type\":\"BreadcrumbList\",\"@id\":\"https:\\\/\\\/nusapenida.org\\\/bali-nusa-penida-diving-guide\\\/20-best-dive-sites-bali-nusa-penida\\\/diving-toyapakeh\\\/#breadcrumb\",\"itemListElement\":[{\"@type\":\"ListItem\",\"position\":1,\"name\":\"Home\",\"item\":\"https:\\\/\\\/nusapenida.org\\\/\"},{\"@type\":\"ListItem\",\"position\":2,\"name\":\"Nusa Penida Diving : Our Ultimate Guide for 2026\",\"item\":\"https:\\\/\\\/nusapenida.org\\\/bali-nusa-penida-diving-guide\\\/\"},{\"@type\":\"ListItem\",\"position\":3,\"name\":\"20 Top Dive Sites in Bali (Including Nusa Penida)\",\"item\":\"https:\\\/\\\/nusapenida.org\\\/bali-nusa-penida-diving-guide\\\/20-best-dive-sites-bali-nusa-penida\\\/\"},{\"@type\":\"ListItem\",\"position\":4,\"name\":\"Diving Toyapakeh, my favorite dive site in Nusa Penida\"}]},{\"@type\":\"WebSite\",\"@id\":\"https:\\\/\\\/nusapenida.org\\\/#website\",\"url\":\"https:\\\/\\\/nusapenida.org\\\/\",\"name\":\"Nusa Penida\",\"description\":\"\",\"publisher\":{\"@id\":\"https:\\\/\\\/nusapenida.org\\\/#organization\"},\"potentialAction\":[{\"@type\":\"SearchAction\",\"target\":{\"@type\":\"EntryPoint\",\"urlTemplate\":\"https:\\\/\\\/nusapenida.org\\\/?s={search_term_string}\"},\"query-input\":{\"@type\":\"PropertyValueSpecification\",\"valueRequired\":true,\"valueName\":\"search_term_string\"}}],\"inLanguage\":\"es-es\"},{\"@type\":\"Organization\",\"@id\":\"https:\\\/\\\/nusapenida.org\\\/#organization\",\"name\":\"Nusa Penida Experience\",\"url\":\"https:\\\/\\\/nusapenida.org\\\/\",\"logo\":{\"@type\":\"ImageObject\",\"inLanguage\":\"es-es\",\"@id\":\"https:\\\/\\\/nusapenida.org\\\/#\\\/schema\\\/logo\\\/image\\\/\",\"url\":\"https:\\\/\\\/nusapenida.org\\\/wp-content\\\/uploads\\\/2018\\\/06\\\/Kelingking-Blaise-2.jpg\",\"contentUrl\":\"https:\\\/\\\/nusapenida.org\\\/wp-content\\\/uploads\\\/2018\\\/06\\\/Kelingking-Blaise-2.jpg\",\"width\":500,\"height\":500,\"caption\":\"Nusa Penida Experience\"},\"image\":{\"@id\":\"https:\\\/\\\/nusapenida.org\\\/#\\\/schema\\\/logo\\\/image\\\/\"},\"sameAs\":[\"https:\\\/\\\/www.facebook.com\\\/NusaPenidaFr\\\/\",\"https:\\\/\\\/www.instagram.com\\\/nusapenidafr\\\/\"]}]}<\/script>\n<!-- \/ Yoast SEO Premium plugin. -->","yoast_head_json":{"title":"Buceando Toyapakeh, Nusa Penida","description":"El sitio de buceo de Toyapakeh se encuentra en Nusa Penida, justo debajo del Adiwana Warnakali Dive Resort.","robots":{"index":"index","follow":"follow","max-snippet":"max-snippet:-1","max-image-preview":"max-image-preview:large","max-video-preview":"max-video-preview:-1"},"canonical":"https:\/\/nusapenida.org\/es\/diving-toyapakeh","og_locale":"es_ES","og_type":"article","og_title":"[:en]Diving Toyapakeh, my favorite dive site in Nusa Penida[:it]Immersioni a Toyapakeh, Nusa Penida[:id]Menyelam di Toyapakeh, Nusa Penida[:de]Toyapakeh Nusa Penida \u2013 Mein Lieblings-Tauchplatz[:es]Buceando Toyapakeh, Nusa Penida[:]","og_description":"[:en]Toyapakeh dive site in Nusa Penida: vibrant coral plateau, drift diving, marine life, visibility and what to expect underwater in Bali.[:it]Il sito di immersione di Toyapakeh si trova a Nusa Penida, proprio sotto l\u2019Adiwana Warnakali Dive Resort.[:id]Situs menyelam Toyapakeh berada di Nusa Penida, tepat di bawah Adiwana Warnakali Dive Resort. Menyelam di Toyapakeh adalah pengalaman luar biasa bagi para pecinta makro.[:de]Der Tauchplatz Toyapakeh liegt in Nusa Penida, direkt beim Adiwana Warnakali Dive Resort \u2013 ein Highlight f\u00fcr Makro-Liebhaber.[:es]El sitio de buceo de Toyapakeh se encuentra en Nusa Penida, justo debajo del Adiwana Warnakali Dive Resort.[:]","og_url":"https:\/\/nusapenida.org\/es\/bali-nusa-penida-diving-guide\/20-best-dive-sites-bali-nusa-penida\/diving-toyapakeh\/","og_site_name":"Nusa Penida","article_publisher":"https:\/\/www.facebook.com\/NusaPenidaFr\/","article_modified_time":"2026-02-14T02:21:36+00:00","og_image":[{"width":1024,"height":768,"url":"https:\/\/nusapenida.org\/wp-content\/uploads\/2022\/02\/Diving-Toyapakeh-Nusa-Penida-Bali-.jpg","type":"image\/jpeg"}],"twitter_card":"summary_large_image","twitter_misc":{"Tiempo de lectura":"5 minutos"},"schema":{"@context":"https:\/\/schema.org","@graph":[{"@type":"WebPage","@id":"https:\/\/nusapenida.org\/bali-nusa-penida-diving-guide\/20-best-dive-sites-bali-nusa-penida\/diving-toyapakeh\/","url":"https:\/\/nusapenida.org\/bali-nusa-penida-diving-guide\/20-best-dive-sites-bali-nusa-penida\/diving-toyapakeh\/","name":"Buceando Toyapakeh, Nusa Penida","isPartOf":{"@id":"https:\/\/nusapenida.org\/#website"},"primaryImageOfPage":{"@id":"https:\/\/nusapenida.org\/bali-nusa-penida-diving-guide\/20-best-dive-sites-bali-nusa-penida\/diving-toyapakeh\/#primaryimage"},"image":{"@id":"https:\/\/nusapenida.org\/bali-nusa-penida-diving-guide\/20-best-dive-sites-bali-nusa-penida\/diving-toyapakeh\/#primaryimage"},"thumbnailUrl":"https:\/\/nusapenida.org\/wp-content\/uploads\/2022\/02\/Diving-Toyapakeh-Nusa-Penida-Bali-.jpg","datePublished":"2022-02-04T06:10:13+00:00","dateModified":"2026-02-14T02:21:36+00:00","description":"El sitio de buceo de Toyapakeh se encuentra en Nusa Penida, justo debajo del Adiwana Warnakali Dive Resort.","breadcrumb":{"@id":"https:\/\/nusapenida.org\/bali-nusa-penida-diving-guide\/20-best-dive-sites-bali-nusa-penida\/diving-toyapakeh\/#breadcrumb"},"inLanguage":"es-es","potentialAction":[{"@type":"ReadAction","target":["https:\/\/nusapenida.org\/bali-nusa-penida-diving-guide\/20-best-dive-sites-bali-nusa-penida\/diving-toyapakeh\/"]}]},{"@type":"ImageObject","inLanguage":"es-es","@id":"https:\/\/nusapenida.org\/bali-nusa-penida-diving-guide\/20-best-dive-sites-bali-nusa-penida\/diving-toyapakeh\/#primaryimage","url":"https:\/\/nusapenida.org\/wp-content\/uploads\/2022\/02\/Diving-Toyapakeh-Nusa-Penida-Bali-.jpg","contentUrl":"https:\/\/nusapenida.org\/wp-content\/uploads\/2022\/02\/Diving-Toyapakeh-Nusa-Penida-Bali-.jpg","width":1024,"height":768,"caption":"Toyapakeh dive site Nusa Penida Bali"},{"@type":"BreadcrumbList","@id":"https:\/\/nusapenida.org\/bali-nusa-penida-diving-guide\/20-best-dive-sites-bali-nusa-penida\/diving-toyapakeh\/#breadcrumb","itemListElement":[{"@type":"ListItem","position":1,"name":"Home","item":"https:\/\/nusapenida.org\/"},{"@type":"ListItem","position":2,"name":"Nusa Penida Diving : Our Ultimate Guide for 2026","item":"https:\/\/nusapenida.org\/bali-nusa-penida-diving-guide\/"},{"@type":"ListItem","position":3,"name":"20 Top Dive Sites in Bali (Including Nusa Penida)","item":"https:\/\/nusapenida.org\/bali-nusa-penida-diving-guide\/20-best-dive-sites-bali-nusa-penida\/"},{"@type":"ListItem","position":4,"name":"Diving Toyapakeh, my favorite dive site in Nusa Penida"}]},{"@type":"WebSite","@id":"https:\/\/nusapenida.org\/#website","url":"https:\/\/nusapenida.org\/","name":"Nusa Penida","description":"","publisher":{"@id":"https:\/\/nusapenida.org\/#organization"},"potentialAction":[{"@type":"SearchAction","target":{"@type":"EntryPoint","urlTemplate":"https:\/\/nusapenida.org\/?s={search_term_string}"},"query-input":{"@type":"PropertyValueSpecification","valueRequired":true,"valueName":"search_term_string"}}],"inLanguage":"es-es"},{"@type":"Organization","@id":"https:\/\/nusapenida.org\/#organization","name":"Nusa Penida Experience","url":"https:\/\/nusapenida.org\/","logo":{"@type":"ImageObject","inLanguage":"es-es","@id":"https:\/\/nusapenida.org\/#\/schema\/logo\/image\/","url":"https:\/\/nusapenida.org\/wp-content\/uploads\/2018\/06\/Kelingking-Blaise-2.jpg","contentUrl":"https:\/\/nusapenida.org\/wp-content\/uploads\/2018\/06\/Kelingking-Blaise-2.jpg","width":500,"height":500,"caption":"Nusa Penida Experience"},"image":{"@id":"https:\/\/nusapenida.org\/#\/schema\/logo\/image\/"},"sameAs":["https:\/\/www.facebook.com\/NusaPenidaFr\/","https:\/\/www.instagram.com\/nusapenidafr\/"]}]}},"_links":{"self":[{"href":"https:\/\/nusapenida.org\/es\/wp-json\/wp\/v2\/pages\/3398","targetHints":{"allow":["GET"]}}],"collection":[{"href":"https:\/\/nusapenida.org\/es\/wp-json\/wp\/v2\/pages"}],"about":[{"href":"https:\/\/nusapenida.org\/es\/wp-json\/wp\/v2\/types\/page"}],"author":[{"embeddable":true,"href":"https:\/\/nusapenida.org\/es\/wp-json\/wp\/v2\/users\/2"}],"replies":[{"embeddable":true,"href":"https:\/\/nusapenida.org\/es\/wp-json\/wp\/v2\/comments?post=3398"}],"version-history":[{"count":18,"href":"https:\/\/nusapenida.org\/es\/wp-json\/wp\/v2\/pages\/3398\/revisions"}],"predecessor-version":[{"id":6654,"href":"https:\/\/nusapenida.org\/es\/wp-json\/wp\/v2\/pages\/3398\/revisions\/6654"}],"up":[{"embeddable":true,"href":"https:\/\/nusapenida.org\/es\/wp-json\/wp\/v2\/pages\/3353"}],"wp:featuredmedia":[{"embeddable":true,"href":"https:\/\/nusapenida.org\/es\/wp-json\/wp\/v2\/media\/3399"}],"wp:attachment":[{"href":"https:\/\/nusapenida.org\/es\/wp-json\/wp\/v2\/media?parent=3398"}],"curies":[{"name":"wp","href":"https:\/\/api.w.org\/{rel}","templated":true}]}}