{"id":3398,"date":"2022-02-04T07:10:13","date_gmt":"2022-02-04T06:10:13","guid":{"rendered":"https:\/\/nusapenida.org\/?page_id=3398"},"modified":"2026-02-14T10:21:36","modified_gmt":"2026-02-14T02:21:36","slug":"diving-toyapakeh","status":"publish","type":"page","link":"https:\/\/nusapenida.org\/de\/diving-toyapakeh","title":{"rendered":"Toyapakeh Nusa Penida \u2013 Mein Lieblings-Tauchplatz"},"content":{"rendered":"\n<h2 class=\"wp-block-heading\" id=\"h-toyapakeh-tauchplatz-ist-wie-unser-zuhause\"><strong>Toyapakeh Tauchplatz ist wie unser Zuhause<\/strong><\/h2>\n\n\n\n<p>Toyapakeh zu teilen ist f\u00fcr uns, als w\u00fcrden wir zu Hause tauchen. Der Tauchplatz liegt direkt am Adiwana Warnakali Dive Resort in Nusa Penida und geh\u00f6rt zu unseren <a href=\"https:\/\/nusapenida.org\/de\/bali-nusa-penida-diving-guide\/20-best-dive-sites-bali-nusa-penida\/\">Top 20 Tauchpl\u00e4tzen auf Bali<\/a>.<\/p>\n\n\n\n<p>Hier gibt es ein kleines Korallenplateau in 4 bis 6 Metern Tiefe, das auch ideal zum Schnorcheln ist. Nach diesem Plateau folgen zwei Terrassen: die erste liegt auf etwa 12 bis 15 Metern, die zweite in rund 40 Metern Tiefe.<\/p>\n\n\n\n<p>Toyapakeh ist ein sehr beliebter Tauchplatz, da das Wasser hier klar ist, die Korallen besonders reichhaltig sind und die Bucht \u2013 obwohl recht exponiert \u2013 dennoch einen gewissen Schutz vor den starken Str\u00f6mungen der Meerenge bietet.<\/p>\n\n\n\n<figure class=\"wp-block-image alignnone size-full wp-image-3400\"><img decoding=\"async\" width=\"1024\" height=\"768\" src=\"https:\/\/nusapenida.org\/wp-content\/uploads\/2022\/02\/Toyapakeh-dive-site-Nusa-Penida-Bali-.jpg\" alt=\"Diving Toyapakeh dive site Nusa Penida Bali \" class=\"wp-image-3400\" srcset=\"https:\/\/nusapenida.org\/wp-content\/uploads\/2022\/02\/Toyapakeh-dive-site-Nusa-Penida-Bali-.jpg 1024w, https:\/\/nusapenida.org\/wp-content\/uploads\/2022\/02\/Toyapakeh-dive-site-Nusa-Penida-Bali--300x225.jpg 300w, https:\/\/nusapenida.org\/wp-content\/uploads\/2022\/02\/Toyapakeh-dive-site-Nusa-Penida-Bali--768x576.jpg 768w, https:\/\/nusapenida.org\/wp-content\/uploads\/2022\/02\/Toyapakeh-dive-site-Nusa-Penida-Bali--800x600.jpg 800w\" sizes=\"(max-width: 1024px) 100vw, 1024px\" \/><figcaption class=\"wp-element-caption\">Toyapakeh Tauchplatz<\/figcaption><\/figure>\n\n\n\n<h2 class=\"wp-block-heading\" id=\"h-tauchen-in-toyapakeh\"><strong>Tauchen in Toyapakeh<\/strong><\/h2>\n\n\n\n<p>Wir betreten das Wasser unter dem \u201eBaum\u201c, im flachen Bereich, wo man auf der Drohnenaufnahme oben auch das Boot sehen kann. Schon von der Oberfl\u00e4che wirken die Farben der Korallen erstaunlich. Von einem Plateau zum n\u00e4chsten f\u00fchrt die Topographie wie \u00fcber Treppenstufen, bis wir schlie\u00dflich den letzten Hang erreichen \u2013 und dann in Toyapakehs typisches Blau eintauchen.<\/p>\n\n\n\n<p>Es gibt viele M\u00f6glichkeiten, Toyapakeh zu betauchen. Eine M\u00f6glichkeit ist, entlang der Wand in Richtung Gamat Bay zu treiben. Die au\u00dfergew\u00f6hnliche Topographie erlaubt es uns, mit den Str\u00f6mungen zu spielen. In Richtung SD Point hingegen treiben wir \u00fcber beeindruckende G\u00e4rten voller Astkorallen (Staghorn). Jeder einzelne Tauchgang bringt seine eigenen \u00dcberraschungen \u2013 immer farbenfroh!<\/p>\n\n\n\n<figure class=\"wp-block-embed is-type-video is-provider-youtube wp-block-embed-youtube wp-embed-aspect-16-9 wp-has-aspect-ratio\"><div class=\"wp-block-embed__wrapper\">\n<iframe title=\"Diving Toyapakeh, Nusa Penida \u2013 Schools of Fish, Vibrant Corals &amp; a Curious Turtle! \ud83d\udc20\ud83d\udc22\" width=\"500\" height=\"281\" src=\"https:\/\/www.youtube.com\/embed\/iYN47RB_fQo?feature=oembed\" frameborder=\"0\" allow=\"accelerometer; autoplay; clipboard-write; encrypted-media; gyroscope; picture-in-picture; web-share\" referrerpolicy=\"strict-origin-when-cross-origin\" allowfullscreen><\/iframe>\n<\/div><\/figure>\n\n\n\n<p><\/p>\n\n\n\n<h2 class=\"wp-block-heading\" id=\"h-toyapakeh-tauchplatz-flora-und-fauna\"><strong>Toyapakeh Tauchplatz \u2013 Flora und Fauna<\/strong><\/h2>\n\n\n\n<p>Der Tauchplatz Toyapakeh ist sehr weitl\u00e4ufig und erm\u00f6glicht lange Tauchg\u00e4nge \u2013 ganz gleich, wie stark die Str\u00f6mung ist. Ein wundersch\u00f6nes, buntes Korallenplateau l\u00e4dt zum Erkunden ein.<\/p>\n\n\n\n<p>Gleich vor Warnakali befindet sich einer der Bommies mit gro\u00dfen Gorgonien und \u00fcppigen Weichkorallen. Diese Bommies schaffen beeindruckende Strukturen, und die gesamte Fl\u00e4che ist au\u00dfergew\u00f6hnlich reich: Schulen verschiedenster Fischarten, gesunde Hartkorallen und farbenpr\u00e4chtige Weichkorallen.<\/p>\n\n\n\n<p>Wir lieben Toyapakeh wegen seiner gro\u00dfen Vielfalt an Flora und Fauna. Man begegnet hier h\u00e4ufig Schulen von Platax, F\u00fcsilieren, S\u00fc\u00dflippen und Jacks. Im Blauwasser ziehen regelm\u00e4\u00dfig Thunfische und riesige Trevallies vorbei. Mit etwas Gl\u00fcck kann man in der Saison sogar einen <a href=\"https:\/\/nusapenida.org\/de\/bali-nusa-penida-diving-guide\/mola-mola-ocean-sunfish\/\">Mola Mola<\/a> sehen. Die dichte Flora beherbergt zudem zahlreiche Arten von Krabben, Garnelen und <a href=\"https:\/\/nusapenida.org\/de\/bali-nusa-penida-diving-guide\/nudibranchs-in-bali\/\">Nacktschnecken<\/a>. Makrofans werden Toyapakeh ebenfalls lieben!<\/p>\n\n\n\n<p>\ud83d\udc49 Um mehr \u00fcber die Meeresfauna in Bali zu erfahren, lesen Sie unseren <strong><a href=\"https:\/\/nusapenida.org\/it\/immersioni-nusa-penida-bali\/\">Reisef\u00fchrer zum Tauchen in Nusa Penida<\/a><\/strong>.<\/p>\n\n\n\n<h2 class=\"wp-block-heading\" id=\"h-das-beste-vom-instructor\"><strong>Das Beste vom Instructor<\/strong><\/h2>\n\n\n\n<p>Ein Sonnenuntergang in Toyapakeh \u2013 mein geheimes Vergn\u00fcgen.<\/p>\n\n\n\n<p>Die Boote gleiten ruhig dahin, eine tiefe Stille liegt \u00fcber dem Wasser. Die Farben ver\u00e4ndern sich, die Blasen steigen auf, eine bezaubernde Fahrt beginnt. In der Nacht erscheint eine ganz neue Welt: Jede einzelne Korallenstruktur lebt auf, schwingt im Licht der Lampen. Ich k\u00f6nnte die ganze Nacht dort bleiben und dieses besondere Universum bewundern, exklusiv f\u00fcr ein paar gl\u00fcckliche Taucher. Ein absolutes Muss auf der Insel \u2013 und wahrscheinlich der beste Weg, Ihren Advanced Open Water Kurs mit einem Nachttauchgang zu beenden.<\/p>\n\n\n\n<figure class=\"wp-block-image alignnone size-full wp-image-3401\"><img decoding=\"async\" width=\"1024\" height=\"576\" src=\"https:\/\/nusapenida.org\/wp-content\/uploads\/2022\/02\/PADI-Advanced-open-water-night-dive-Warnakali-Nusa-Penida-Bali.jpg\" alt=\"PADI Advanced open water night dive Warnakali Nusa Penida Bali\" class=\"wp-image-3401\" srcset=\"https:\/\/nusapenida.org\/wp-content\/uploads\/2022\/02\/PADI-Advanced-open-water-night-dive-Warnakali-Nusa-Penida-Bali.jpg 1024w, https:\/\/nusapenida.org\/wp-content\/uploads\/2022\/02\/PADI-Advanced-open-water-night-dive-Warnakali-Nusa-Penida-Bali-300x169.jpg 300w, https:\/\/nusapenida.org\/wp-content\/uploads\/2022\/02\/PADI-Advanced-open-water-night-dive-Warnakali-Nusa-Penida-Bali-768x432.jpg 768w, https:\/\/nusapenida.org\/wp-content\/uploads\/2022\/02\/PADI-Advanced-open-water-night-dive-Warnakali-Nusa-Penida-Bali-960x540.jpg 960w\" sizes=\"(max-width: 1024px) 100vw, 1024px\" \/><figcaption class=\"wp-element-caption\">Nachttauchgang bei Toyapakeh<\/figcaption><\/figure>\n\n\n\n<h2 class=\"wp-block-heading\" id=\"h-tauchplatz-charakterisieren\"><strong>Tauchplatz charakterisieren<\/strong><\/h2>\n\n\n\n<ul class=\"wp-block-list\">\n<li><strong>Beste Zeit:<\/strong> ganzj\u00e4hrig<\/li>\n\n\n\n<li><strong>Typ des Tauchens:<\/strong> Drift, Makro<\/li>\n\n\n\n<li><strong>Tiefe:<\/strong> 5\u201340 Meter<\/li>\n\n\n\n<li><strong>Erforderliches Level:<\/strong> Alle Stufen (mit entsprechender F\u00fchrung)<\/li>\n\n\n\n<li><strong>Sichtweite:<\/strong> 15\u201325 Meter<\/li>\n\n\n\n<li><strong>Str\u00f6mung:<\/strong> m\u00e4\u00dfig bis stark<\/li>\n\n\n\n<li><strong>Zugang:<\/strong> ca. 2 Minuten Bootsfahrt<\/li>\n\n\n\n<li><strong>Fauna &#038; Flora:<\/strong> Korallen, Mola Mola, Platax, gro\u00dfe Schwarmfische, Anglerfische, Garnelen, Krabben, Nacktschnecken<\/li>\n<\/ul>\n","protected":false},"excerpt":{"rendered":"<p>Toyapakeh Tauchplatz ist wie unser Zuhause Toyapakeh zu teilen ist f\u00fcr uns, als w\u00fcrden wir zu Hause tauchen. Der Tauchplatz [&hellip;]<\/p>\n","protected":false},"author":2,"featured_media":3399,"parent":3353,"menu_order":3,"comment_status":"open","ping_status":"closed","template":"","meta":{"site-sidebar-layout":"default","site-content-layout":"","ast-site-content-layout":"default","site-content-style":"default","site-sidebar-style":"default","ast-global-header-display":"","ast-banner-title-visibility":"","ast-main-header-display":"","ast-hfb-above-header-display":"","ast-hfb-below-header-display":"","ast-hfb-mobile-header-display":"","site-post-title":"","ast-breadcrumbs-content":"","ast-featured-img":"","footer-sml-layout":"","ast-disable-related-posts":"","theme-transparent-header-meta":"","adv-header-id-meta":"","stick-header-meta":"","header-above-stick-meta":"","header-main-stick-meta":"","header-below-stick-meta":"","astra-migrate-meta-layouts":"default","ast-page-background-enabled":"default","ast-page-background-meta":{"desktop":{"background-color":"var(--ast-global-color-4)","background-image":"","background-repeat":"repeat","background-position":"center center","background-size":"auto","background-attachment":"scroll","background-type":"","background-media":"","overlay-type":"","overlay-color":"","overlay-opacity":"","overlay-gradient":""},"tablet":{"background-color":"","background-image":"","background-repeat":"repeat","background-position":"center center","background-size":"auto","background-attachment":"scroll","background-type":"","background-media":"","overlay-type":"","overlay-color":"","overlay-opacity":"","overlay-gradient":""},"mobile":{"background-color":"","background-image":"","background-repeat":"repeat","background-position":"center center","background-size":"auto","background-attachment":"scroll","background-type":"","background-media":"","overlay-type":"","overlay-color":"","overlay-opacity":"","overlay-gradient":""}},"ast-content-background-meta":{"desktop":{"background-color":"var(--ast-global-color-5)","background-image":"","background-repeat":"repeat","background-position":"center center","background-size":"auto","background-attachment":"scroll","background-type":"","background-media":"","overlay-type":"","overlay-color":"","overlay-opacity":"","overlay-gradient":""},"tablet":{"background-color":"var(--ast-global-color-5)","background-image":"","background-repeat":"repeat","background-position":"center center","background-size":"auto","background-attachment":"scroll","background-type":"","background-media":"","overlay-type":"","overlay-color":"","overlay-opacity":"","overlay-gradient":""},"mobile":{"background-color":"var(--ast-global-color-5)","background-image":"","background-repeat":"repeat","background-position":"center center","background-size":"auto","background-attachment":"scroll","background-type":"","background-media":"","overlay-type":"","overlay-color":"","overlay-opacity":"","overlay-gradient":""}},"footnotes":""},"class_list":["post-3398","page","type-page","status-publish","has-post-thumbnail","hentry"],"yoast_head":"<!-- This site is optimized with the Yoast SEO Premium plugin v26.7 (Yoast SEO v27.3) - https:\/\/yoast.com\/product\/yoast-seo-premium-wordpress\/ -->\n<title>Toyapakeh Nusa Penida \u2013 Mein Lieblings-Tauchplatz<\/title>\n<meta name=\"description\" content=\"Der Tauchplatz Toyapakeh liegt in Nusa Penida, direkt beim Adiwana Warnakali Dive Resort \u2013 ein Highlight f\u00fcr Makro-Liebhaber.\" \/>\n<meta name=\"robots\" content=\"index, follow, max-snippet:-1, max-image-preview:large, max-video-preview:-1\" \/>\n<link rel=\"canonical\" href=\"https:\/\/nusapenida.org\/de\/diving-toyapakeh\" \/>\n<meta property=\"og:locale\" content=\"de_DE\" \/>\n<meta property=\"og:locale:alternate\" content=\"en_US\" \/>\n<meta property=\"og:locale:alternate\" content=\"fr_FR\" \/>\n<meta property=\"og:locale:alternate\" content=\"it_IT\" \/>\n<meta property=\"og:locale:alternate\" content=\"id_ID\" \/>\n<meta property=\"og:locale:alternate\" content=\"es-es\" \/>\n<meta property=\"og:type\" content=\"article\" \/>\n<meta property=\"og:title\" content=\"Toyapakeh Nusa Penida \u2013 Mein Lieblings-Tauchplatz\" \/>\n<meta property=\"og:description\" content=\"Der Tauchplatz Toyapakeh liegt in Nusa Penida, direkt beim Adiwana Warnakali Dive Resort \u2013 ein Highlight f\u00fcr Makro-Liebhaber.\" \/>\n<meta property=\"og:url\" content=\"https:\/\/nusapenida.org\/de\/bali-nusa-penida-diving-guide\/20-best-dive-sites-bali-nusa-penida\/diving-toyapakeh\/\" \/>\n<meta property=\"og:site_name\" content=\"Nusa Penida\" \/>\n<meta property=\"article:publisher\" content=\"https:\/\/www.facebook.com\/NusaPenidaFr\/\" \/>\n<meta property=\"article:modified_time\" content=\"2026-02-14T02:21:36+00:00\" \/>\n<meta property=\"og:image\" content=\"https:\/\/nusapenida.org\/wp-content\/uploads\/2022\/02\/Diving-Toyapakeh-Nusa-Penida-Bali-.jpg\" \/>\n\t<meta property=\"og:image:width\" content=\"1024\" \/>\n\t<meta property=\"og:image:height\" content=\"768\" \/>\n\t<meta property=\"og:image:type\" content=\"image\/jpeg\" \/>\n<meta name=\"twitter:card\" content=\"summary_large_image\" \/>\n<meta name=\"twitter:label1\" content=\"Gesch\u00e4tzte Lesezeit\" \/>\n\t<meta name=\"twitter:data1\" content=\"5\u00a0Minuten\" \/>\n<script type=\"application\/ld+json\" class=\"yoast-schema-graph\">{\"@context\":\"https:\\\/\\\/schema.org\",\"@graph\":[{\"@type\":\"WebPage\",\"@id\":\"https:\\\/\\\/nusapenida.org\\\/bali-nusa-penida-diving-guide\\\/20-best-dive-sites-bali-nusa-penida\\\/diving-toyapakeh\\\/\",\"url\":\"https:\\\/\\\/nusapenida.org\\\/bali-nusa-penida-diving-guide\\\/20-best-dive-sites-bali-nusa-penida\\\/diving-toyapakeh\\\/\",\"name\":\"Toyapakeh Nusa Penida \u2013 Mein Lieblings-Tauchplatz\",\"isPartOf\":{\"@id\":\"https:\\\/\\\/nusapenida.org\\\/#website\"},\"primaryImageOfPage\":{\"@id\":\"https:\\\/\\\/nusapenida.org\\\/bali-nusa-penida-diving-guide\\\/20-best-dive-sites-bali-nusa-penida\\\/diving-toyapakeh\\\/#primaryimage\"},\"image\":{\"@id\":\"https:\\\/\\\/nusapenida.org\\\/bali-nusa-penida-diving-guide\\\/20-best-dive-sites-bali-nusa-penida\\\/diving-toyapakeh\\\/#primaryimage\"},\"thumbnailUrl\":\"https:\\\/\\\/nusapenida.org\\\/wp-content\\\/uploads\\\/2022\\\/02\\\/Diving-Toyapakeh-Nusa-Penida-Bali-.jpg\",\"datePublished\":\"2022-02-04T06:10:13+00:00\",\"dateModified\":\"2026-02-14T02:21:36+00:00\",\"description\":\"Der Tauchplatz Toyapakeh liegt in Nusa Penida, direkt beim Adiwana Warnakali Dive Resort \u2013 ein Highlight f\u00fcr Makro-Liebhaber.\",\"breadcrumb\":{\"@id\":\"https:\\\/\\\/nusapenida.org\\\/bali-nusa-penida-diving-guide\\\/20-best-dive-sites-bali-nusa-penida\\\/diving-toyapakeh\\\/#breadcrumb\"},\"inLanguage\":\"de-DE\",\"potentialAction\":[{\"@type\":\"ReadAction\",\"target\":[\"https:\\\/\\\/nusapenida.org\\\/bali-nusa-penida-diving-guide\\\/20-best-dive-sites-bali-nusa-penida\\\/diving-toyapakeh\\\/\"]}]},{\"@type\":\"ImageObject\",\"inLanguage\":\"de-DE\",\"@id\":\"https:\\\/\\\/nusapenida.org\\\/bali-nusa-penida-diving-guide\\\/20-best-dive-sites-bali-nusa-penida\\\/diving-toyapakeh\\\/#primaryimage\",\"url\":\"https:\\\/\\\/nusapenida.org\\\/wp-content\\\/uploads\\\/2022\\\/02\\\/Diving-Toyapakeh-Nusa-Penida-Bali-.jpg\",\"contentUrl\":\"https:\\\/\\\/nusapenida.org\\\/wp-content\\\/uploads\\\/2022\\\/02\\\/Diving-Toyapakeh-Nusa-Penida-Bali-.jpg\",\"width\":1024,\"height\":768,\"caption\":\"Toyapakeh dive site Nusa Penida Bali\"},{\"@type\":\"BreadcrumbList\",\"@id\":\"https:\\\/\\\/nusapenida.org\\\/bali-nusa-penida-diving-guide\\\/20-best-dive-sites-bali-nusa-penida\\\/diving-toyapakeh\\\/#breadcrumb\",\"itemListElement\":[{\"@type\":\"ListItem\",\"position\":1,\"name\":\"Home\",\"item\":\"https:\\\/\\\/nusapenida.org\\\/\"},{\"@type\":\"ListItem\",\"position\":2,\"name\":\"Nusa Penida Diving : Our Ultimate Guide for 2026\",\"item\":\"https:\\\/\\\/nusapenida.org\\\/bali-nusa-penida-diving-guide\\\/\"},{\"@type\":\"ListItem\",\"position\":3,\"name\":\"20 Top Dive Sites in Bali (Including Nusa Penida)\",\"item\":\"https:\\\/\\\/nusapenida.org\\\/bali-nusa-penida-diving-guide\\\/20-best-dive-sites-bali-nusa-penida\\\/\"},{\"@type\":\"ListItem\",\"position\":4,\"name\":\"Diving Toyapakeh, my favorite dive site in Nusa Penida\"}]},{\"@type\":\"WebSite\",\"@id\":\"https:\\\/\\\/nusapenida.org\\\/#website\",\"url\":\"https:\\\/\\\/nusapenida.org\\\/\",\"name\":\"Nusa Penida\",\"description\":\"\",\"publisher\":{\"@id\":\"https:\\\/\\\/nusapenida.org\\\/#organization\"},\"potentialAction\":[{\"@type\":\"SearchAction\",\"target\":{\"@type\":\"EntryPoint\",\"urlTemplate\":\"https:\\\/\\\/nusapenida.org\\\/?s={search_term_string}\"},\"query-input\":{\"@type\":\"PropertyValueSpecification\",\"valueRequired\":true,\"valueName\":\"search_term_string\"}}],\"inLanguage\":\"de-DE\"},{\"@type\":\"Organization\",\"@id\":\"https:\\\/\\\/nusapenida.org\\\/#organization\",\"name\":\"Nusa Penida Experience\",\"url\":\"https:\\\/\\\/nusapenida.org\\\/\",\"logo\":{\"@type\":\"ImageObject\",\"inLanguage\":\"de-DE\",\"@id\":\"https:\\\/\\\/nusapenida.org\\\/#\\\/schema\\\/logo\\\/image\\\/\",\"url\":\"https:\\\/\\\/nusapenida.org\\\/wp-content\\\/uploads\\\/2018\\\/06\\\/Kelingking-Blaise-2.jpg\",\"contentUrl\":\"https:\\\/\\\/nusapenida.org\\\/wp-content\\\/uploads\\\/2018\\\/06\\\/Kelingking-Blaise-2.jpg\",\"width\":500,\"height\":500,\"caption\":\"Nusa Penida Experience\"},\"image\":{\"@id\":\"https:\\\/\\\/nusapenida.org\\\/#\\\/schema\\\/logo\\\/image\\\/\"},\"sameAs\":[\"https:\\\/\\\/www.facebook.com\\\/NusaPenidaFr\\\/\",\"https:\\\/\\\/www.instagram.com\\\/nusapenidafr\\\/\"]}]}<\/script>\n<!-- \/ Yoast SEO Premium plugin. -->","yoast_head_json":{"title":"Toyapakeh Nusa Penida \u2013 Mein Lieblings-Tauchplatz","description":"Der Tauchplatz Toyapakeh liegt in Nusa Penida, direkt beim Adiwana Warnakali Dive Resort \u2013 ein Highlight f\u00fcr Makro-Liebhaber.","robots":{"index":"index","follow":"follow","max-snippet":"max-snippet:-1","max-image-preview":"max-image-preview:large","max-video-preview":"max-video-preview:-1"},"canonical":"https:\/\/nusapenida.org\/de\/diving-toyapakeh","og_locale":"de_DE","og_type":"article","og_title":"[:en]Diving Toyapakeh, my favorite dive site in Nusa Penida[:it]Immersioni a Toyapakeh, Nusa Penida[:id]Menyelam di Toyapakeh, Nusa Penida[:de]Toyapakeh Nusa Penida \u2013 Mein Lieblings-Tauchplatz[:es]Buceando Toyapakeh, Nusa Penida[:]","og_description":"[:en]Toyapakeh dive site in Nusa Penida: vibrant coral plateau, drift diving, marine life, visibility and what to expect underwater in Bali.[:it]Il sito di immersione di Toyapakeh si trova a Nusa Penida, proprio sotto l\u2019Adiwana Warnakali Dive Resort.[:id]Situs menyelam Toyapakeh berada di Nusa Penida, tepat di bawah Adiwana Warnakali Dive Resort. Menyelam di Toyapakeh adalah pengalaman luar biasa bagi para pecinta makro.[:de]Der Tauchplatz Toyapakeh liegt in Nusa Penida, direkt beim Adiwana Warnakali Dive Resort \u2013 ein Highlight f\u00fcr Makro-Liebhaber.[:es]El sitio de buceo de Toyapakeh se encuentra en Nusa Penida, justo debajo del Adiwana Warnakali Dive Resort.[:]","og_url":"https:\/\/nusapenida.org\/de\/bali-nusa-penida-diving-guide\/20-best-dive-sites-bali-nusa-penida\/diving-toyapakeh\/","og_site_name":"Nusa Penida","article_publisher":"https:\/\/www.facebook.com\/NusaPenidaFr\/","article_modified_time":"2026-02-14T02:21:36+00:00","og_image":[{"width":1024,"height":768,"url":"https:\/\/nusapenida.org\/wp-content\/uploads\/2022\/02\/Diving-Toyapakeh-Nusa-Penida-Bali-.jpg","type":"image\/jpeg"}],"twitter_card":"summary_large_image","twitter_misc":{"Gesch\u00e4tzte Lesezeit":"5\u00a0Minuten"},"schema":{"@context":"https:\/\/schema.org","@graph":[{"@type":"WebPage","@id":"https:\/\/nusapenida.org\/bali-nusa-penida-diving-guide\/20-best-dive-sites-bali-nusa-penida\/diving-toyapakeh\/","url":"https:\/\/nusapenida.org\/bali-nusa-penida-diving-guide\/20-best-dive-sites-bali-nusa-penida\/diving-toyapakeh\/","name":"Toyapakeh Nusa Penida \u2013 Mein Lieblings-Tauchplatz","isPartOf":{"@id":"https:\/\/nusapenida.org\/#website"},"primaryImageOfPage":{"@id":"https:\/\/nusapenida.org\/bali-nusa-penida-diving-guide\/20-best-dive-sites-bali-nusa-penida\/diving-toyapakeh\/#primaryimage"},"image":{"@id":"https:\/\/nusapenida.org\/bali-nusa-penida-diving-guide\/20-best-dive-sites-bali-nusa-penida\/diving-toyapakeh\/#primaryimage"},"thumbnailUrl":"https:\/\/nusapenida.org\/wp-content\/uploads\/2022\/02\/Diving-Toyapakeh-Nusa-Penida-Bali-.jpg","datePublished":"2022-02-04T06:10:13+00:00","dateModified":"2026-02-14T02:21:36+00:00","description":"Der Tauchplatz Toyapakeh liegt in Nusa Penida, direkt beim Adiwana Warnakali Dive Resort \u2013 ein Highlight f\u00fcr Makro-Liebhaber.","breadcrumb":{"@id":"https:\/\/nusapenida.org\/bali-nusa-penida-diving-guide\/20-best-dive-sites-bali-nusa-penida\/diving-toyapakeh\/#breadcrumb"},"inLanguage":"de-DE","potentialAction":[{"@type":"ReadAction","target":["https:\/\/nusapenida.org\/bali-nusa-penida-diving-guide\/20-best-dive-sites-bali-nusa-penida\/diving-toyapakeh\/"]}]},{"@type":"ImageObject","inLanguage":"de-DE","@id":"https:\/\/nusapenida.org\/bali-nusa-penida-diving-guide\/20-best-dive-sites-bali-nusa-penida\/diving-toyapakeh\/#primaryimage","url":"https:\/\/nusapenida.org\/wp-content\/uploads\/2022\/02\/Diving-Toyapakeh-Nusa-Penida-Bali-.jpg","contentUrl":"https:\/\/nusapenida.org\/wp-content\/uploads\/2022\/02\/Diving-Toyapakeh-Nusa-Penida-Bali-.jpg","width":1024,"height":768,"caption":"Toyapakeh dive site Nusa Penida Bali"},{"@type":"BreadcrumbList","@id":"https:\/\/nusapenida.org\/bali-nusa-penida-diving-guide\/20-best-dive-sites-bali-nusa-penida\/diving-toyapakeh\/#breadcrumb","itemListElement":[{"@type":"ListItem","position":1,"name":"Home","item":"https:\/\/nusapenida.org\/"},{"@type":"ListItem","position":2,"name":"Nusa Penida Diving : Our Ultimate Guide for 2026","item":"https:\/\/nusapenida.org\/bali-nusa-penida-diving-guide\/"},{"@type":"ListItem","position":3,"name":"20 Top Dive Sites in Bali (Including Nusa Penida)","item":"https:\/\/nusapenida.org\/bali-nusa-penida-diving-guide\/20-best-dive-sites-bali-nusa-penida\/"},{"@type":"ListItem","position":4,"name":"Diving Toyapakeh, my favorite dive site in Nusa Penida"}]},{"@type":"WebSite","@id":"https:\/\/nusapenida.org\/#website","url":"https:\/\/nusapenida.org\/","name":"Nusa Penida","description":"","publisher":{"@id":"https:\/\/nusapenida.org\/#organization"},"potentialAction":[{"@type":"SearchAction","target":{"@type":"EntryPoint","urlTemplate":"https:\/\/nusapenida.org\/?s={search_term_string}"},"query-input":{"@type":"PropertyValueSpecification","valueRequired":true,"valueName":"search_term_string"}}],"inLanguage":"de-DE"},{"@type":"Organization","@id":"https:\/\/nusapenida.org\/#organization","name":"Nusa Penida Experience","url":"https:\/\/nusapenida.org\/","logo":{"@type":"ImageObject","inLanguage":"de-DE","@id":"https:\/\/nusapenida.org\/#\/schema\/logo\/image\/","url":"https:\/\/nusapenida.org\/wp-content\/uploads\/2018\/06\/Kelingking-Blaise-2.jpg","contentUrl":"https:\/\/nusapenida.org\/wp-content\/uploads\/2018\/06\/Kelingking-Blaise-2.jpg","width":500,"height":500,"caption":"Nusa Penida Experience"},"image":{"@id":"https:\/\/nusapenida.org\/#\/schema\/logo\/image\/"},"sameAs":["https:\/\/www.facebook.com\/NusaPenidaFr\/","https:\/\/www.instagram.com\/nusapenidafr\/"]}]}},"_links":{"self":[{"href":"https:\/\/nusapenida.org\/de\/wp-json\/wp\/v2\/pages\/3398","targetHints":{"allow":["GET"]}}],"collection":[{"href":"https:\/\/nusapenida.org\/de\/wp-json\/wp\/v2\/pages"}],"about":[{"href":"https:\/\/nusapenida.org\/de\/wp-json\/wp\/v2\/types\/page"}],"author":[{"embeddable":true,"href":"https:\/\/nusapenida.org\/de\/wp-json\/wp\/v2\/users\/2"}],"replies":[{"embeddable":true,"href":"https:\/\/nusapenida.org\/de\/wp-json\/wp\/v2\/comments?post=3398"}],"version-history":[{"count":18,"href":"https:\/\/nusapenida.org\/de\/wp-json\/wp\/v2\/pages\/3398\/revisions"}],"predecessor-version":[{"id":6654,"href":"https:\/\/nusapenida.org\/de\/wp-json\/wp\/v2\/pages\/3398\/revisions\/6654"}],"up":[{"embeddable":true,"href":"https:\/\/nusapenida.org\/de\/wp-json\/wp\/v2\/pages\/3353"}],"wp:featuredmedia":[{"embeddable":true,"href":"https:\/\/nusapenida.org\/de\/wp-json\/wp\/v2\/media\/3399"}],"wp:attachment":[{"href":"https:\/\/nusapenida.org\/de\/wp-json\/wp\/v2\/media?parent=3398"}],"curies":[{"name":"wp","href":"https:\/\/api.w.org\/{rel}","templated":true}]}}