{"id":22,"date":"2018-06-10T21:49:27","date_gmt":"2018-06-10T19:49:27","guid":{"rendered":"https:\/\/nusapenida.org\/?page_id=22"},"modified":"2026-01-21T12:13:04","modified_gmt":"2026-01-21T04:13:04","slug":"about-me","status":"publish","type":"page","link":"https:\/\/nusapenida.org\/de\/about-me\/","title":{"rendered":"\u00dcber mich"},"content":{"rendered":"\n<figure class=\"wp-block-image\"><img decoding=\"async\" width=\"500\" height=\"500\" src=\"https:\/\/nusapenida.org\/wp-content\/uploads\/2018\/06\/Kelingking-Blaise-2.jpg\" alt=\"Kelingking Beach Nusa Penida Blaise\" class=\"wp-image-194\" srcset=\"https:\/\/nusapenida.org\/wp-content\/uploads\/2018\/06\/Kelingking-Blaise-2.jpg 500w, https:\/\/nusapenida.org\/wp-content\/uploads\/2018\/06\/Kelingking-Blaise-2-300x300.jpg 300w, https:\/\/nusapenida.org\/wp-content\/uploads\/2018\/06\/Kelingking-Blaise-2-150x150.jpg 150w\" sizes=\"(max-width: 500px) 100vw, 500px\" \/><\/figure>\n\n\n\n<p>Ich h\u00f6rte zum ersten Mal im M\u00e4rz 2015 von der Insel Nusa Penida auf Bali und besuchte sie erstmals im Juni desselben Jahres. Damals wurde die Insel nur von einer einzigen Boots\u00adgesellschaft angefahren, und es gab lediglich zwei Hotels zur Auswahl. Touristen waren selten, und die Insel war noch v\u00f6llig urspr\u00fcnglich. Trotz der teils sehr schlechten Stra\u00dfen entdeckte ich atemberaubend sch\u00f6ne Landschaften.<\/p>\n\n\n\n<p>Bis 2020 hatte ich Nusa Penida bereits mehr als 30 Mal besucht. Im September 2020 entschied ich mich daher, nach Bali zu ziehen \u2013 insbesondere, um meinen CO\u2082-Fu\u00dfabdruck zu reduzieren. Heute reise ich jede Woche nach Nusa Penida. Genau deshalb wollte ich meine Entdeckungen und Lieblingsorte teilen \u2013 und genau deshalb habe ich diese Website erstellt.<\/p>\n\n\n\n<p>Bitte erwartet nicht, dass ich euch \u00fcber die Insel f\u00fchre \u2013 ich bin kein professioneller Guide. Wenn ihr jedoch nicht alle Antworten auf eure Fragen auf der Website findet, helfe ich euch gerne weiter, wenn ihr mir am Ende der Willkommensseite eine Nachricht schreibt.<\/p>\n\n\n\n<p>Ich w\u00fcnsche euch einen sch\u00f6nen Besuch und einen wunderbaren Aufenthalt auf Nusa Penida!<\/p>\n\n\n\n<p><strong>Blaise<\/strong><\/p>\n","protected":false},"excerpt":{"rendered":"<p>Ich h\u00f6rte zum ersten Mal im M\u00e4rz 2015 von der Insel Nusa Penida auf Bali und besuchte sie erstmals im [&hellip;]<\/p>\n","protected":false},"author":2,"featured_media":0,"parent":0,"menu_order":0,"comment_status":"closed","ping_status":"closed","template":"","meta":{"site-sidebar-layout":"default","site-content-layout":"","ast-site-content-layout":"default","site-content-style":"default","site-sidebar-style":"default","ast-global-header-display":"","ast-banner-title-visibility":"","ast-main-header-display":"","ast-hfb-above-header-display":"","ast-hfb-below-header-display":"","ast-hfb-mobile-header-display":"","site-post-title":"","ast-breadcrumbs-content":"","ast-featured-img":"","footer-sml-layout":"","ast-disable-related-posts":"","theme-transparent-header-meta":"","adv-header-id-meta":"","stick-header-meta":"","header-above-stick-meta":"","header-main-stick-meta":"","header-below-stick-meta":"","astra-migrate-meta-layouts":"default","ast-page-background-enabled":"default","ast-page-background-meta":{"desktop":{"background-color":"var(--ast-global-color-4)","background-image":"","background-repeat":"repeat","background-position":"center center","background-size":"auto","background-attachment":"scroll","background-type":"","background-media":"","overlay-type":"","overlay-color":"","overlay-opacity":"","overlay-gradient":""},"tablet":{"background-color":"","background-image":"","background-repeat":"repeat","background-position":"center center","background-size":"auto","background-attachment":"scroll","background-type":"","background-media":"","overlay-type":"","overlay-color":"","overlay-opacity":"","overlay-gradient":""},"mobile":{"background-color":"","background-image":"","background-repeat":"repeat","background-position":"center center","background-size":"auto","background-attachment":"scroll","background-type":"","background-media":"","overlay-type":"","overlay-color":"","overlay-opacity":"","overlay-gradient":""}},"ast-content-background-meta":{"desktop":{"background-color":"var(--ast-global-color-5)","background-image":"","background-repeat":"repeat","background-position":"center center","background-size":"auto","background-attachment":"scroll","background-type":"","background-media":"","overlay-type":"","overlay-color":"","overlay-opacity":"","overlay-gradient":""},"tablet":{"background-color":"var(--ast-global-color-5)","background-image":"","background-repeat":"repeat","background-position":"center center","background-size":"auto","background-attachment":"scroll","background-type":"","background-media":"","overlay-type":"","overlay-color":"","overlay-opacity":"","overlay-gradient":""},"mobile":{"background-color":"var(--ast-global-color-5)","background-image":"","background-repeat":"repeat","background-position":"center center","background-size":"auto","background-attachment":"scroll","background-type":"","background-media":"","overlay-type":"","overlay-color":"","overlay-opacity":"","overlay-gradient":""}},"footnotes":""},"class_list":["post-22","page","type-page","status-publish","hentry"],"yoast_head":"<!-- This site is optimized with the Yoast SEO Premium plugin v26.7 (Yoast SEO v27.4) - https:\/\/yoast.com\/product\/yoast-seo-premium-wordpress\/ -->\n<title>\u00dcber mich<\/title>\n<meta name=\"description\" content=\"Erfahre, wie sich Blaise in Nusa Penida verliebte, die Insel \u00fcber 30-mal besuchte, nach Bali zog und diese Website mit Insider-Tipps erstellte.\" \/>\n<meta name=\"robots\" content=\"index, follow, max-snippet:-1, max-image-preview:large, max-video-preview:-1\" \/>\n<link rel=\"canonical\" href=\"https:\/\/nusapenida.org\/de\/about-me\/\" \/>\n<meta property=\"og:locale\" content=\"de_DE\" \/>\n<meta property=\"og:locale:alternate\" content=\"en_US\" \/>\n<meta property=\"og:locale:alternate\" content=\"fr_FR\" \/>\n<meta property=\"og:locale:alternate\" content=\"it_IT\" \/>\n<meta property=\"og:locale:alternate\" content=\"id_ID\" \/>\n<meta property=\"og:locale:alternate\" content=\"es-es\" \/>\n<meta property=\"og:type\" content=\"article\" \/>\n<meta property=\"og:title\" content=\"\u00dcber mich\" \/>\n<meta property=\"og:description\" content=\"Erfahre, wie sich Blaise in Nusa Penida verliebte, die Insel \u00fcber 30-mal besuchte, nach Bali zog und diese Website mit Insider-Tipps erstellte.\" \/>\n<meta property=\"og:url\" content=\"https:\/\/nusapenida.org\/de\/about-me\/\" \/>\n<meta property=\"og:site_name\" content=\"Nusa Penida\" \/>\n<meta property=\"article:publisher\" content=\"https:\/\/www.facebook.com\/NusaPenidaFr\/\" \/>\n<meta property=\"article:modified_time\" content=\"2026-01-21T04:13:04+00:00\" \/>\n<meta property=\"og:image\" content=\"https:\/\/nusapenida.org\/wp-content\/uploads\/2018\/06\/Kelingking-Blaise-2.jpg\" \/>\n\t<meta property=\"og:image:width\" content=\"500\" \/>\n\t<meta property=\"og:image:height\" content=\"500\" \/>\n\t<meta property=\"og:image:type\" content=\"image\/jpeg\" \/>\n<meta name=\"twitter:card\" content=\"summary_large_image\" \/>\n<meta name=\"twitter:label1\" content=\"Gesch\u00e4tzte Lesezeit\" \/>\n\t<meta name=\"twitter:data1\" content=\"2\u00a0Minuten\" \/>\n<script type=\"application\/ld+json\" class=\"yoast-schema-graph\">{\"@context\":\"https:\\\/\\\/schema.org\",\"@graph\":[{\"@type\":\"WebPage\",\"@id\":\"https:\\\/\\\/nusapenida.org\\\/es\\\/about-me\\\/\",\"url\":\"https:\\\/\\\/nusapenida.org\\\/es\\\/about-me\\\/\",\"name\":\"\u00dcber mich\",\"isPartOf\":{\"@id\":\"https:\\\/\\\/nusapenida.org\\\/#website\"},\"primaryImageOfPage\":{\"@id\":\"https:\\\/\\\/nusapenida.org\\\/es\\\/about-me\\\/#primaryimage\"},\"image\":{\"@id\":\"https:\\\/\\\/nusapenida.org\\\/es\\\/about-me\\\/#primaryimage\"},\"thumbnailUrl\":\"https:\\\/\\\/nusapenida.org\\\/wp-content\\\/uploads\\\/2018\\\/06\\\/Kelingking-Blaise-2.jpg\",\"datePublished\":\"2018-06-10T19:49:27+00:00\",\"dateModified\":\"2026-01-21T04:13:04+00:00\",\"description\":\"Erfahre, wie sich Blaise in Nusa Penida verliebte, die Insel \u00fcber 30-mal besuchte, nach Bali zog und diese Website mit Insider-Tipps erstellte.\",\"breadcrumb\":{\"@id\":\"https:\\\/\\\/nusapenida.org\\\/es\\\/about-me\\\/#breadcrumb\"},\"inLanguage\":\"de-DE\",\"potentialAction\":[{\"@type\":\"ReadAction\",\"target\":[\"https:\\\/\\\/nusapenida.org\\\/es\\\/about-me\\\/\"]}]},{\"@type\":\"ImageObject\",\"inLanguage\":\"de-DE\",\"@id\":\"https:\\\/\\\/nusapenida.org\\\/es\\\/about-me\\\/#primaryimage\",\"url\":\"https:\\\/\\\/nusapenida.org\\\/wp-content\\\/uploads\\\/2018\\\/06\\\/Kelingking-Blaise-2.jpg\",\"contentUrl\":\"https:\\\/\\\/nusapenida.org\\\/wp-content\\\/uploads\\\/2018\\\/06\\\/Kelingking-Blaise-2.jpg\"},{\"@type\":\"BreadcrumbList\",\"@id\":\"https:\\\/\\\/nusapenida.org\\\/es\\\/about-me\\\/#breadcrumb\",\"itemListElement\":[{\"@type\":\"ListItem\",\"position\":1,\"name\":\"Home\",\"item\":\"https:\\\/\\\/nusapenida.org\\\/\"},{\"@type\":\"ListItem\",\"position\":2,\"name\":\"Sobre m\u00ed\"}]},{\"@type\":\"WebSite\",\"@id\":\"https:\\\/\\\/nusapenida.org\\\/#website\",\"url\":\"https:\\\/\\\/nusapenida.org\\\/\",\"name\":\"Nusa Penida\",\"description\":\"\",\"publisher\":{\"@id\":\"https:\\\/\\\/nusapenida.org\\\/#organization\"},\"potentialAction\":[{\"@type\":\"SearchAction\",\"target\":{\"@type\":\"EntryPoint\",\"urlTemplate\":\"https:\\\/\\\/nusapenida.org\\\/?s={search_term_string}\"},\"query-input\":{\"@type\":\"PropertyValueSpecification\",\"valueRequired\":true,\"valueName\":\"search_term_string\"}}],\"inLanguage\":\"de-DE\"},{\"@type\":\"Organization\",\"@id\":\"https:\\\/\\\/nusapenida.org\\\/#organization\",\"name\":\"Nusa Penida Experience\",\"url\":\"https:\\\/\\\/nusapenida.org\\\/\",\"logo\":{\"@type\":\"ImageObject\",\"inLanguage\":\"de-DE\",\"@id\":\"https:\\\/\\\/nusapenida.org\\\/#\\\/schema\\\/logo\\\/image\\\/\",\"url\":\"https:\\\/\\\/nusapenida.org\\\/wp-content\\\/uploads\\\/2018\\\/06\\\/Kelingking-Blaise-2.jpg\",\"contentUrl\":\"https:\\\/\\\/nusapenida.org\\\/wp-content\\\/uploads\\\/2018\\\/06\\\/Kelingking-Blaise-2.jpg\",\"width\":500,\"height\":500,\"caption\":\"Nusa Penida Experience\"},\"image\":{\"@id\":\"https:\\\/\\\/nusapenida.org\\\/#\\\/schema\\\/logo\\\/image\\\/\"},\"sameAs\":[\"https:\\\/\\\/www.facebook.com\\\/NusaPenidaFr\\\/\",\"https:\\\/\\\/www.instagram.com\\\/nusapenidafr\\\/\"]}]}<\/script>\n<!-- \/ Yoast SEO Premium plugin. -->","yoast_head_json":{"title":"\u00dcber mich","description":"Erfahre, wie sich Blaise in Nusa Penida verliebte, die Insel \u00fcber 30-mal besuchte, nach Bali zog und diese Website mit Insider-Tipps erstellte.","robots":{"index":"index","follow":"follow","max-snippet":"max-snippet:-1","max-image-preview":"max-image-preview:large","max-video-preview":"max-video-preview:-1"},"canonical":"https:\/\/nusapenida.org\/de\/about-me\/","og_locale":"de_DE","og_type":"article","og_title":"[:en]About me[:it]Chi sono[:id]Tentang Saya[:de]\u00dcber mich[:es]Sobre m\u00ed[:]","og_description":"[:en]Discover how Blaise fell in love with Nusa Penida, visited the island over 30 times, moved to Bali, and created this website to share insider tips and favorite spots.[:it]Scopri come Blaise si \u00e8 innamorato di Nusa Penida, l\u2019ha visitata oltre 30 volte, si \u00e8 trasferito a Bali e ha creato questo sito per condividere i suoi consigli.[:id]Kenali Blaise dan kisah cintanya dengan Nusa Penida: lebih dari 30 kunjungan, pindah ke Bali, dan berbagi tips serta tempat favorit lewat situs ini.[:de]Erfahre, wie sich Blaise in Nusa Penida verliebte, die Insel \u00fcber 30-mal besuchte, nach Bali zog und diese Website mit Insider-Tipps erstellte.[:es]Descubre c\u00f3mo Blaise se enamor\u00f3 de Nusa Penida, la visit\u00f3 m\u00e1s de 30 veces, se mud\u00f3 a Bali y cre\u00f3 este sitio para compartir sus mejores consejos.[:]","og_url":"https:\/\/nusapenida.org\/de\/about-me\/","og_site_name":"Nusa Penida","article_publisher":"https:\/\/www.facebook.com\/NusaPenidaFr\/","article_modified_time":"2026-01-21T04:13:04+00:00","og_image":[{"width":500,"height":500,"url":"https:\/\/nusapenida.org\/wp-content\/uploads\/2018\/06\/Kelingking-Blaise-2.jpg","type":"image\/jpeg"}],"twitter_card":"summary_large_image","twitter_misc":{"Gesch\u00e4tzte Lesezeit":"2\u00a0Minuten"},"schema":{"@context":"https:\/\/schema.org","@graph":[{"@type":"WebPage","@id":"https:\/\/nusapenida.org\/es\/about-me\/","url":"https:\/\/nusapenida.org\/es\/about-me\/","name":"\u00dcber mich","isPartOf":{"@id":"https:\/\/nusapenida.org\/#website"},"primaryImageOfPage":{"@id":"https:\/\/nusapenida.org\/es\/about-me\/#primaryimage"},"image":{"@id":"https:\/\/nusapenida.org\/es\/about-me\/#primaryimage"},"thumbnailUrl":"https:\/\/nusapenida.org\/wp-content\/uploads\/2018\/06\/Kelingking-Blaise-2.jpg","datePublished":"2018-06-10T19:49:27+00:00","dateModified":"2026-01-21T04:13:04+00:00","description":"Erfahre, wie sich Blaise in Nusa Penida verliebte, die Insel \u00fcber 30-mal besuchte, nach Bali zog und diese Website mit Insider-Tipps erstellte.","breadcrumb":{"@id":"https:\/\/nusapenida.org\/es\/about-me\/#breadcrumb"},"inLanguage":"de-DE","potentialAction":[{"@type":"ReadAction","target":["https:\/\/nusapenida.org\/es\/about-me\/"]}]},{"@type":"ImageObject","inLanguage":"de-DE","@id":"https:\/\/nusapenida.org\/es\/about-me\/#primaryimage","url":"https:\/\/nusapenida.org\/wp-content\/uploads\/2018\/06\/Kelingking-Blaise-2.jpg","contentUrl":"https:\/\/nusapenida.org\/wp-content\/uploads\/2018\/06\/Kelingking-Blaise-2.jpg"},{"@type":"BreadcrumbList","@id":"https:\/\/nusapenida.org\/es\/about-me\/#breadcrumb","itemListElement":[{"@type":"ListItem","position":1,"name":"Home","item":"https:\/\/nusapenida.org\/"},{"@type":"ListItem","position":2,"name":"Sobre m\u00ed"}]},{"@type":"WebSite","@id":"https:\/\/nusapenida.org\/#website","url":"https:\/\/nusapenida.org\/","name":"Nusa Penida","description":"","publisher":{"@id":"https:\/\/nusapenida.org\/#organization"},"potentialAction":[{"@type":"SearchAction","target":{"@type":"EntryPoint","urlTemplate":"https:\/\/nusapenida.org\/?s={search_term_string}"},"query-input":{"@type":"PropertyValueSpecification","valueRequired":true,"valueName":"search_term_string"}}],"inLanguage":"de-DE"},{"@type":"Organization","@id":"https:\/\/nusapenida.org\/#organization","name":"Nusa Penida Experience","url":"https:\/\/nusapenida.org\/","logo":{"@type":"ImageObject","inLanguage":"de-DE","@id":"https:\/\/nusapenida.org\/#\/schema\/logo\/image\/","url":"https:\/\/nusapenida.org\/wp-content\/uploads\/2018\/06\/Kelingking-Blaise-2.jpg","contentUrl":"https:\/\/nusapenida.org\/wp-content\/uploads\/2018\/06\/Kelingking-Blaise-2.jpg","width":500,"height":500,"caption":"Nusa Penida Experience"},"image":{"@id":"https:\/\/nusapenida.org\/#\/schema\/logo\/image\/"},"sameAs":["https:\/\/www.facebook.com\/NusaPenidaFr\/","https:\/\/www.instagram.com\/nusapenidafr\/"]}]}},"_links":{"self":[{"href":"https:\/\/nusapenida.org\/de\/wp-json\/wp\/v2\/pages\/22","targetHints":{"allow":["GET"]}}],"collection":[{"href":"https:\/\/nusapenida.org\/de\/wp-json\/wp\/v2\/pages"}],"about":[{"href":"https:\/\/nusapenida.org\/de\/wp-json\/wp\/v2\/types\/page"}],"author":[{"embeddable":true,"href":"https:\/\/nusapenida.org\/de\/wp-json\/wp\/v2\/users\/2"}],"replies":[{"embeddable":true,"href":"https:\/\/nusapenida.org\/de\/wp-json\/wp\/v2\/comments?post=22"}],"version-history":[{"count":7,"href":"https:\/\/nusapenida.org\/de\/wp-json\/wp\/v2\/pages\/22\/revisions"}],"predecessor-version":[{"id":6362,"href":"https:\/\/nusapenida.org\/de\/wp-json\/wp\/v2\/pages\/22\/revisions\/6362"}],"wp:attachment":[{"href":"https:\/\/nusapenida.org\/de\/wp-json\/wp\/v2\/media?parent=22"}],"curies":[{"name":"wp","href":"https:\/\/api.w.org\/{rel}","templated":true}]}}